{"id":181,"date":"2021-04-12T15:45:39","date_gmt":"2021-04-12T18:45:39","guid":{"rendered":"https:\/\/wp.ufpel.edu.br\/bioquimica\/?page_id=181"},"modified":"2022-12-27T22:20:35","modified_gmt":"2022-12-28T01:20:35","slug":"projetos-relacionados","status":"publish","type":"page","link":"https:\/\/wp.ufpel.edu.br\/bioquimica\/?page_id=181","title":{"rendered":"Projetos Relacionados"},"content":{"rendered":"<p>A elabora\u00e7\u00e3o do site, al\u00e9m de estar relacionada ao desenvolvimento do projeto de ensino &#8220;Bioqu\u00edmica Nossa de Cada Dia&#8221;, tamb\u00e9m se vincula a projetos de extens\u00e3o coordenados por outras professoras da Universidade Federal de Pelotas. Caso ainda n\u00e3o conhe\u00e7a, vale a pena dar uma olhada! S\u00e3o eles:<\/p>\n<ul>\n<li>CuriosaMente &#8211; coordenado pela Prof\u00aa Adriana Louren\u00e7o da Silva (@curiosamente.ufpel)<\/li>\n<li>Bioqu\u00edmica 5.0: Vivendo a transforma\u00e7\u00e3o digital &#8211; coordenado pela \u00a0Prof\u00aa Ana L\u00facia Chaves<\/li>\n<\/ul>\n","protected":false},"excerpt":{"rendered":"<p>A elabora\u00e7\u00e3o do site, al\u00e9m de estar relacionada ao desenvolvimento do projeto de ensino &#8220;Bioqu\u00edmica Nossa de Cada Dia&#8221;, tamb\u00e9m se vincula a projetos de extens\u00e3o coordenados por outras professoras da Universidade Federal de Pelotas. Caso ainda n\u00e3o conhe\u00e7a, vale a pena dar uma olhada! S\u00e3o eles: CuriosaMente &#8211; coordenado pela Prof\u00aa Adriana Louren\u00e7o da [&hellip;]<\/p>\n","protected":false},"author":967,"featured_media":0,"parent":0,"menu_order":4,"comment_status":"closed","ping_status":"closed","template":"","meta":{"footnotes":""},"class_list":["post-181","page","type-page","status-publish","hentry"],"_links":{"self":[{"href":"https:\/\/wp.ufpel.edu.br\/bioquimica\/index.php?rest_route=\/wp\/v2\/pages\/181","targetHints":{"allow":["GET"]}}],"collection":[{"href":"https:\/\/wp.ufpel.edu.br\/bioquimica\/index.php?rest_route=\/wp\/v2\/pages"}],"about":[{"href":"https:\/\/wp.ufpel.edu.br\/bioquimica\/index.php?rest_route=\/wp\/v2\/types\/page"}],"author":[{"embeddable":true,"href":"https:\/\/wp.ufpel.edu.br\/bioquimica\/index.php?rest_route=\/wp\/v2\/users\/967"}],"replies":[{"embeddable":true,"href":"https:\/\/wp.ufpel.edu.br\/bioquimica\/index.php?rest_route=%2Fwp%2Fv2%2Fcomments&post=181"}],"version-history":[{"count":3,"href":"https:\/\/wp.ufpel.edu.br\/bioquimica\/index.php?rest_route=\/wp\/v2\/pages\/181\/revisions"}],"predecessor-version":[{"id":262,"href":"https:\/\/wp.ufpel.edu.br\/bioquimica\/index.php?rest_route=\/wp\/v2\/pages\/181\/revisions\/262"}],"wp:attachment":[{"href":"https:\/\/wp.ufpel.edu.br\/bioquimica\/index.php?rest_route=%2Fwp%2Fv2%2Fmedia&parent=181"}],"curies":[{"name":"wp","href":"https:\/\/api.w.org\/{rel}","templated":true}]}}