{"id":18,"date":"2020-06-26T19:35:23","date_gmt":"2020-06-26T22:35:23","guid":{"rendered":"https:\/\/wp.ufpel.edu.br\/bioquimica\/?page_id=18"},"modified":"2022-12-27T21:56:17","modified_gmt":"2022-12-28T00:56:17","slug":"inicio","status":"publish","type":"page","link":"https:\/\/wp.ufpel.edu.br\/bioquimica\/?page_id=18","title":{"rendered":"In\u00edcio"},"content":{"rendered":"<p><strong>Descomplicando a Bioqu\u00edmica<\/strong> surgiu juntamente com o projeto <strong>Bioqu\u00edmica Nossa de Cada Dia <\/strong>com o objetivo de auxiliar na contextualiza\u00e7\u00e3o dos conte\u00fados abordados nas disciplinas de Bioqu\u00edmica.<\/p>\n<p>De que forma tentaremos fazer isso? Vamos mostrar o quanto a Bioqu\u00edmica est\u00e1 presente no nosso dia a dia. Al\u00e9m de proporcionar algumas atividades com objetivo de facilitar seu aprendizado.<\/p>\n","protected":false},"excerpt":{"rendered":"<p>Descomplicando a Bioqu\u00edmica surgiu juntamente com o projeto Bioqu\u00edmica Nossa de Cada Dia com o objetivo de auxiliar na contextualiza\u00e7\u00e3o dos conte\u00fados abordados nas disciplinas de Bioqu\u00edmica. De que forma tentaremos fazer isso? Vamos mostrar o quanto a Bioqu\u00edmica est\u00e1 presente no nosso dia a dia. Al\u00e9m de proporcionar algumas atividades com objetivo de facilitar [&hellip;]<\/p>\n","protected":false},"author":967,"featured_media":0,"parent":0,"menu_order":1,"comment_status":"closed","ping_status":"closed","template":"","meta":{"footnotes":""},"class_list":["post-18","page","type-page","status-publish","hentry"],"_links":{"self":[{"href":"https:\/\/wp.ufpel.edu.br\/bioquimica\/index.php?rest_route=\/wp\/v2\/pages\/18","targetHints":{"allow":["GET"]}}],"collection":[{"href":"https:\/\/wp.ufpel.edu.br\/bioquimica\/index.php?rest_route=\/wp\/v2\/pages"}],"about":[{"href":"https:\/\/wp.ufpel.edu.br\/bioquimica\/index.php?rest_route=\/wp\/v2\/types\/page"}],"author":[{"embeddable":true,"href":"https:\/\/wp.ufpel.edu.br\/bioquimica\/index.php?rest_route=\/wp\/v2\/users\/967"}],"replies":[{"embeddable":true,"href":"https:\/\/wp.ufpel.edu.br\/bioquimica\/index.php?rest_route=%2Fwp%2Fv2%2Fcomments&post=18"}],"version-history":[{"count":6,"href":"https:\/\/wp.ufpel.edu.br\/bioquimica\/index.php?rest_route=\/wp\/v2\/pages\/18\/revisions"}],"predecessor-version":[{"id":252,"href":"https:\/\/wp.ufpel.edu.br\/bioquimica\/index.php?rest_route=\/wp\/v2\/pages\/18\/revisions\/252"}],"wp:attachment":[{"href":"https:\/\/wp.ufpel.edu.br\/bioquimica\/index.php?rest_route=%2Fwp%2Fv2%2Fmedia&parent=18"}],"curies":[{"name":"wp","href":"https:\/\/api.w.org\/{rel}","templated":true}]}}