{"id":6,"date":"2016-04-11T14:35:15","date_gmt":"2016-04-11T17:35:15","guid":{"rendered":"https:\/\/wp.ufpel.edu.br\/bioprolab\/?page_id=6"},"modified":"2024-03-19T15:07:43","modified_gmt":"2024-03-19T18:07:43","slug":"quem-somos","status":"publish","type":"page","link":"https:\/\/wp.ufpel.edu.br\/bioprolab\/quem-somos\/","title":{"rendered":"Quem somos"},"content":{"rendered":"<p><b>Coordenador do Laborat\u00f3rio de Bioinform\u00e1tica e Prote\u00f4mica:<\/b><\/p>\n<ul>\n<li>Luciano Pinto \u00a0&#8211;\u00a0<a href=\"http:\/\/lattes.cnpq.br\/3819262588755487\" target=\"_blank\" rel=\"noopener\">Lattes<\/a>\u00a0&#8211;\u00a0<a href=\"mailto:dmpluc@gmail.com\" target=\"_blank\" rel=\"noopener\">E-mail<\/a><\/li>\n<\/ul>\n<p>P\u00f3s-Doutorando<\/p>\n<p>Amilton Seixas Neto<\/p>\n<p><strong>Doutorandos<\/strong>:<\/p>\n<ul>\n<li>Alessandra Neis<\/li>\n<li>Guilherme Feij\u00f3 de Souza<\/li>\n<\/ul>\n<p>&nbsp;<\/p>\n<p><strong>Mestrado<\/strong><\/p>\n<p>Raiane Anita dos Santos Silva<\/p>\n<p>Leonardo Fetter Costa<\/p>\n<p><strong>Inicia\u00e7\u00e3o ci\u00eantifica:<\/strong><\/p>\n<ul>\n<li>Camila Souza<\/li>\n<li>Chrystian Gon\u00e7alves<\/li>\n<li>Danilo Dela Senta<\/li>\n<li>Isabela Ramos<\/li>\n<li>Jo\u00e3o Greco<\/li>\n<\/ul>\n<ul>\n<li>Thalita Collares Alves<\/li>\n<\/ul>\n<p>&nbsp;<\/p>\n","protected":false},"excerpt":{"rendered":"<p>Coordenador do Laborat\u00f3rio de Bioinform\u00e1tica e Prote\u00f4mica: Luciano Pinto \u00a0&#8211;\u00a0Lattes\u00a0&#8211;\u00a0E-mail P\u00f3s-Doutorando Amilton Seixas Neto Doutorandos: Alessandra Neis Guilherme Feij\u00f3 de Souza &nbsp; Mestrado Raiane Anita dos Santos Silva Leonardo Fetter Costa Inicia\u00e7\u00e3o ci\u00eantifica: Camila Souza Chrystian Gon\u00e7alves Danilo Dela Senta Isabela Ramos Jo\u00e3o Greco Thalita Collares Alves &nbsp;<\/p>\n","protected":false},"author":638,"featured_media":0,"parent":0,"menu_order":0,"comment_status":"closed","ping_status":"closed","template":"","meta":{"footnotes":""},"class_list":["post-6","page","type-page","status-publish","hentry"],"_links":{"self":[{"href":"https:\/\/wp.ufpel.edu.br\/bioprolab\/wp-json\/wp\/v2\/pages\/6","targetHints":{"allow":["GET"]}}],"collection":[{"href":"https:\/\/wp.ufpel.edu.br\/bioprolab\/wp-json\/wp\/v2\/pages"}],"about":[{"href":"https:\/\/wp.ufpel.edu.br\/bioprolab\/wp-json\/wp\/v2\/types\/page"}],"author":[{"embeddable":true,"href":"https:\/\/wp.ufpel.edu.br\/bioprolab\/wp-json\/wp\/v2\/users\/638"}],"replies":[{"embeddable":true,"href":"https:\/\/wp.ufpel.edu.br\/bioprolab\/wp-json\/wp\/v2\/comments?post=6"}],"version-history":[{"count":26,"href":"https:\/\/wp.ufpel.edu.br\/bioprolab\/wp-json\/wp\/v2\/pages\/6\/revisions"}],"predecessor-version":[{"id":120,"href":"https:\/\/wp.ufpel.edu.br\/bioprolab\/wp-json\/wp\/v2\/pages\/6\/revisions\/120"}],"wp:attachment":[{"href":"https:\/\/wp.ufpel.edu.br\/bioprolab\/wp-json\/wp\/v2\/media?parent=6"}],"curies":[{"name":"wp","href":"https:\/\/api.w.org\/{rel}","templated":true}]}}