{"id":2,"date":"2016-04-11T11:28:07","date_gmt":"2016-04-11T11:28:07","guid":{"rendered":"https:\/\/wp.ufpel.edu.br\/bioprolab\/?page_id=2"},"modified":"2024-04-25T13:59:23","modified_gmt":"2024-04-25T16:59:23","slug":"home","status":"publish","type":"page","link":"https:\/\/wp.ufpel.edu.br\/bioprolab\/","title":{"rendered":"Home"},"content":{"rendered":"<p style=\"text-align: justify;\"><img loading=\"lazy\" decoding=\"async\" class=\"wp-image-65 alignleft\" src=\"https:\/\/wp.ufpel.edu.br\/bioprolab\/files\/2016\/06\/10-386x318.jpg\" alt=\"10\" width=\"182\" height=\"150\" srcset=\"https:\/\/wp.ufpel.edu.br\/bioprolab\/files\/2016\/06\/10-386x318.jpg 386w, https:\/\/wp.ufpel.edu.br\/bioprolab\/files\/2016\/06\/10-193x159.jpg 193w, https:\/\/wp.ufpel.edu.br\/bioprolab\/files\/2016\/06\/10-768x632.jpg 768w, https:\/\/wp.ufpel.edu.br\/bioprolab\/files\/2016\/06\/10.jpg 1366w\" sizes=\"auto, (max-width: 182px) 100vw, 182px\" \/><\/p>\n<p><strong>\u00a0Laborat\u00f3rio de Bioinform\u00e1tica e Prote\u00f4mica (BioPro_Lab) da Universidade Federal Federal de Pelotas. Nosso grupo desenvolve pesquisas em diferentes \u00e1reas da biotecnologia, bioinform\u00e1tica, gen\u00f4mica e prote\u00f4mica, incluindo: produ\u00e7\u00e3o de prote\u00ednas recombinantes, isolamento e caracteriza\u00e7\u00e3o de lectinas de plantas, gen\u00f4mica microbiana e desenvolvimento de programas para bioinform\u00e1tica.<\/strong><\/p>\n","protected":false},"excerpt":{"rendered":"<p>\u00a0Laborat\u00f3rio de Bioinform\u00e1tica e Prote\u00f4mica (BioPro_Lab) da Universidade Federal Federal de Pelotas. Nosso grupo desenvolve pesquisas em diferentes \u00e1reas da biotecnologia, bioinform\u00e1tica, gen\u00f4mica e prote\u00f4mica, incluindo: produ\u00e7\u00e3o de prote\u00ednas recombinantes, isolamento e caracteriza\u00e7\u00e3o de lectinas de plantas, gen\u00f4mica microbiana e desenvolvimento de programas para bioinform\u00e1tica.<\/p>\n","protected":false},"author":638,"featured_media":0,"parent":0,"menu_order":0,"comment_status":"closed","ping_status":"closed","template":"","meta":{"footnotes":""},"class_list":["post-2","page","type-page","status-publish","hentry"],"_links":{"self":[{"href":"https:\/\/wp.ufpel.edu.br\/bioprolab\/wp-json\/wp\/v2\/pages\/2","targetHints":{"allow":["GET"]}}],"collection":[{"href":"https:\/\/wp.ufpel.edu.br\/bioprolab\/wp-json\/wp\/v2\/pages"}],"about":[{"href":"https:\/\/wp.ufpel.edu.br\/bioprolab\/wp-json\/wp\/v2\/types\/page"}],"author":[{"embeddable":true,"href":"https:\/\/wp.ufpel.edu.br\/bioprolab\/wp-json\/wp\/v2\/users\/638"}],"replies":[{"embeddable":true,"href":"https:\/\/wp.ufpel.edu.br\/bioprolab\/wp-json\/wp\/v2\/comments?post=2"}],"version-history":[{"count":7,"href":"https:\/\/wp.ufpel.edu.br\/bioprolab\/wp-json\/wp\/v2\/pages\/2\/revisions"}],"predecessor-version":[{"id":4,"href":"https:\/\/wp.ufpel.edu.br\/bioprolab\/wp-json\/wp\/v2\/pages\/2\/revisions\/4"}],"wp:attachment":[{"href":"https:\/\/wp.ufpel.edu.br\/bioprolab\/wp-json\/wp\/v2\/media?parent=2"}],"curies":[{"name":"wp","href":"https:\/\/api.w.org\/{rel}","templated":true}]}}