{"id":970,"date":"2025-09-10T14:15:22","date_gmt":"2025-09-10T17:15:22","guid":{"rendered":"https:\/\/wp.ufpel.edu.br\/bionano\/?page_id=970"},"modified":"2025-09-10T14:15:22","modified_gmt":"2025-09-10T17:15:22","slug":"helena-bevilaqua","status":"publish","type":"page","link":"https:\/\/wp.ufpel.edu.br\/bionano\/grupo-de-pesquisa\/iniciacao-cientifica\/helena-bevilaqua\/","title":{"rendered":"Helena Bevilaqua"},"content":{"rendered":"<p>Helena Bevilaqua \u00e9 estudante do curso de Biotecnologia na Universidade Federal de Pelotas. O link de acesso ao curr\u00edculo lattes \u00e9 o seguinte:<\/p>\n<p><a href=\"http:\/\/lattes.cnpq.br\/2847241182086766\">Helena Bevilaqua<\/a><\/p>\n<p><img loading=\"lazy\" decoding=\"async\" class=\"alignright size-full wp-image-971\" src=\"https:\/\/wp.ufpel.edu.br\/bionano\/files\/2025\/09\/helena.jpeg\" alt=\"\" width=\"1280\" height=\"1102\" srcset=\"https:\/\/wp.ufpel.edu.br\/bionano\/files\/2025\/09\/helena.jpeg 1280w, https:\/\/wp.ufpel.edu.br\/bionano\/files\/2025\/09\/helena-400x344.jpeg 400w, https:\/\/wp.ufpel.edu.br\/bionano\/files\/2025\/09\/helena-1024x882.jpeg 1024w, https:\/\/wp.ufpel.edu.br\/bionano\/files\/2025\/09\/helena-768x661.jpeg 768w, https:\/\/wp.ufpel.edu.br\/bionano\/files\/2025\/09\/helena-348x300.jpeg 348w\" sizes=\"auto, (max-width: 1280px) 100vw, 1280px\" \/><\/p>\n","protected":false},"excerpt":{"rendered":"<p>Helena Bevilaqua \u00e9 estudante do curso de Biotecnologia na Universidade Federal de Pelotas. O link de acesso ao curr\u00edculo lattes \u00e9 o seguinte: Helena Bevilaqua<\/p>\n","protected":false},"author":1158,"featured_media":0,"parent":57,"menu_order":0,"comment_status":"closed","ping_status":"closed","template":"","meta":{"footnotes":""},"class_list":["post-970","page","type-page","status-publish","hentry"],"publishpress_future_action":{"enabled":false,"date":"2026-04-22 20:37:54","action":"change-status","newStatus":"draft","terms":[],"taxonomy":"","extraData":[]},"publishpress_future_workflow_manual_trigger":{"enabledWorkflows":[]},"_links":{"self":[{"href":"https:\/\/wp.ufpel.edu.br\/bionano\/wp-json\/wp\/v2\/pages\/970","targetHints":{"allow":["GET"]}}],"collection":[{"href":"https:\/\/wp.ufpel.edu.br\/bionano\/wp-json\/wp\/v2\/pages"}],"about":[{"href":"https:\/\/wp.ufpel.edu.br\/bionano\/wp-json\/wp\/v2\/types\/page"}],"author":[{"embeddable":true,"href":"https:\/\/wp.ufpel.edu.br\/bionano\/wp-json\/wp\/v2\/users\/1158"}],"replies":[{"embeddable":true,"href":"https:\/\/wp.ufpel.edu.br\/bionano\/wp-json\/wp\/v2\/comments?post=970"}],"version-history":[{"count":1,"href":"https:\/\/wp.ufpel.edu.br\/bionano\/wp-json\/wp\/v2\/pages\/970\/revisions"}],"predecessor-version":[{"id":972,"href":"https:\/\/wp.ufpel.edu.br\/bionano\/wp-json\/wp\/v2\/pages\/970\/revisions\/972"}],"up":[{"embeddable":true,"href":"https:\/\/wp.ufpel.edu.br\/bionano\/wp-json\/wp\/v2\/pages\/57"}],"wp:attachment":[{"href":"https:\/\/wp.ufpel.edu.br\/bionano\/wp-json\/wp\/v2\/media?parent=970"}],"curies":[{"name":"wp","href":"https:\/\/api.w.org\/{rel}","templated":true}]}}