{"id":956,"date":"2025-09-10T13:24:14","date_gmt":"2025-09-10T16:24:14","guid":{"rendered":"https:\/\/wp.ufpel.edu.br\/bionano\/?page_id=956"},"modified":"2025-09-10T13:24:14","modified_gmt":"2025-09-10T16:24:14","slug":"kethelyn-garcia-nunes","status":"publish","type":"page","link":"https:\/\/wp.ufpel.edu.br\/bionano\/grupo-de-pesquisa\/iniciacao-cientifica\/kethelyn-garcia-nunes\/","title":{"rendered":"Kethelyn Garcia Nunes"},"content":{"rendered":"<p>Kethelyn Garcia Nunes \u00e9 estudante do curso de Biotecnologia na Universidade Federal de Pelotas. O link de acesso ao curr\u00edculo lattes \u00e9 o seguinte:<\/p>\n<p><a href=\"http:\/\/lattes.cnpq.br\/0097966490596095\">Kethelyn Garcia Nunes<\/a><\/p>\n<p><img loading=\"lazy\" decoding=\"async\" class=\"alignright size-full wp-image-957\" src=\"https:\/\/wp.ufpel.edu.br\/bionano\/files\/2025\/09\/WhatsApp-Image-2025-09-10-at-13.23.27.jpeg\" alt=\"\" width=\"720\" height=\"898\" srcset=\"https:\/\/wp.ufpel.edu.br\/bionano\/files\/2025\/09\/WhatsApp-Image-2025-09-10-at-13.23.27.jpeg 720w, https:\/\/wp.ufpel.edu.br\/bionano\/files\/2025\/09\/WhatsApp-Image-2025-09-10-at-13.23.27-321x400.jpeg 321w, https:\/\/wp.ufpel.edu.br\/bionano\/files\/2025\/09\/WhatsApp-Image-2025-09-10-at-13.23.27-241x300.jpeg 241w\" sizes=\"auto, (max-width: 720px) 100vw, 720px\" \/><\/p>\n","protected":false},"excerpt":{"rendered":"<p>Kethelyn Garcia Nunes \u00e9 estudante do curso de Biotecnologia na Universidade Federal de Pelotas. O link de acesso ao curr\u00edculo lattes \u00e9 o seguinte: Kethelyn Garcia Nunes<\/p>\n","protected":false},"author":1158,"featured_media":0,"parent":57,"menu_order":0,"comment_status":"closed","ping_status":"closed","template":"","meta":{"footnotes":""},"class_list":["post-956","page","type-page","status-publish","hentry"],"publishpress_future_action":{"enabled":false,"date":"2026-04-22 18:25:12","action":"change-status","newStatus":"draft","terms":[],"taxonomy":"","extraData":[]},"publishpress_future_workflow_manual_trigger":{"enabledWorkflows":[]},"_links":{"self":[{"href":"https:\/\/wp.ufpel.edu.br\/bionano\/wp-json\/wp\/v2\/pages\/956","targetHints":{"allow":["GET"]}}],"collection":[{"href":"https:\/\/wp.ufpel.edu.br\/bionano\/wp-json\/wp\/v2\/pages"}],"about":[{"href":"https:\/\/wp.ufpel.edu.br\/bionano\/wp-json\/wp\/v2\/types\/page"}],"author":[{"embeddable":true,"href":"https:\/\/wp.ufpel.edu.br\/bionano\/wp-json\/wp\/v2\/users\/1158"}],"replies":[{"embeddable":true,"href":"https:\/\/wp.ufpel.edu.br\/bionano\/wp-json\/wp\/v2\/comments?post=956"}],"version-history":[{"count":1,"href":"https:\/\/wp.ufpel.edu.br\/bionano\/wp-json\/wp\/v2\/pages\/956\/revisions"}],"predecessor-version":[{"id":958,"href":"https:\/\/wp.ufpel.edu.br\/bionano\/wp-json\/wp\/v2\/pages\/956\/revisions\/958"}],"up":[{"embeddable":true,"href":"https:\/\/wp.ufpel.edu.br\/bionano\/wp-json\/wp\/v2\/pages\/57"}],"wp:attachment":[{"href":"https:\/\/wp.ufpel.edu.br\/bionano\/wp-json\/wp\/v2\/media?parent=956"}],"curies":[{"name":"wp","href":"https:\/\/api.w.org\/{rel}","templated":true}]}}