{"id":928,"date":"2025-09-10T10:29:49","date_gmt":"2025-09-10T13:29:49","guid":{"rendered":"https:\/\/wp.ufpel.edu.br\/bionano\/?page_id=928"},"modified":"2026-02-24T09:48:30","modified_gmt":"2026-02-24T12:48:30","slug":"minispraydryer-s-300","status":"publish","type":"page","link":"https:\/\/wp.ufpel.edu.br\/bionano\/agendamento-de-equipamentos\/minispraydryer-s-300\/","title":{"rendered":"Mini Spray Dryer S-300"},"content":{"rendered":"<p><img loading=\"lazy\" decoding=\"async\" class=\"alignright wp-image-929 size-full\" src=\"https:\/\/wp.ufpel.edu.br\/bionano\/files\/2025\/09\/WhatsApp-Image-2025-09-10-at-10.26.41-scaled-e1757510941404.jpeg\" alt=\"\" width=\"1430\" height=\"2526\" srcset=\"https:\/\/wp.ufpel.edu.br\/bionano\/files\/2025\/09\/WhatsApp-Image-2025-09-10-at-10.26.41-scaled-e1757510941404.jpeg 1430w, https:\/\/wp.ufpel.edu.br\/bionano\/files\/2025\/09\/WhatsApp-Image-2025-09-10-at-10.26.41-scaled-e1757510941404-226x400.jpeg 226w, https:\/\/wp.ufpel.edu.br\/bionano\/files\/2025\/09\/WhatsApp-Image-2025-09-10-at-10.26.41-scaled-e1757510941404-580x1024.jpeg 580w, https:\/\/wp.ufpel.edu.br\/bionano\/files\/2025\/09\/WhatsApp-Image-2025-09-10-at-10.26.41-scaled-e1757510941404-768x1357.jpeg 768w, https:\/\/wp.ufpel.edu.br\/bionano\/files\/2025\/09\/WhatsApp-Image-2025-09-10-at-10.26.41-scaled-e1757510941404-870x1536.jpeg 870w, https:\/\/wp.ufpel.edu.br\/bionano\/files\/2025\/09\/WhatsApp-Image-2025-09-10-at-10.26.41-scaled-e1757510941404-1159x2048.jpeg 1159w, https:\/\/wp.ufpel.edu.br\/bionano\/files\/2025\/09\/WhatsApp-Image-2025-09-10-at-10.26.41-scaled-e1757510941404-170x300.jpeg 170w\" sizes=\"auto, (max-width: 1430px) 100vw, 1430px\" \/>Para agendar o uso do\u00a0<em>Mini Spray Dryer<\/em>, o requerente deve verificar os dias dispon\u00edveis no site indicado abaixo e, em seguida, baixar o formul\u00e1rio dispon\u00edvel no link a baixo, preencher e enviar para o\u00a0 e-mail <strong data-start=\"143\" data-end=\"169\"><a rel=\"noopener\" data-start=\"145\" data-end=\"167\" data-is-only-node=\"\">labbionano@hotmail.com<\/a><\/strong> solicitando o agendamento para a data escolhida. O e-mail deve conter o nome completo, nome do orientador, pol\u00edmero e solvente que ser\u00e3o utilizados. Ap\u00f3s o envio, \u00e9 necess\u00e1rio aguardar a confirma\u00e7\u00e3o por e-mail. Salientamos que os agendamentos devem ser realizados com anteced\u00eancia de no m\u00ednimo 24h. A equipe respons\u00e1vel pelo equipamento entrar\u00e1 em contato e destinar\u00e1 algu\u00e9m treinado para a realiza\u00e7\u00e3o do experimento juntamente com o aluno solicitante.<\/p>\n<p>Hor\u00e1rio de uso do equipamento: <strong data-start=\"31\" data-end=\"93\" data-is-last-node=\"\">de segunda a sexta-feira, das 09h \u00e0s 12h e das 13h \u00e0s 16h.<\/strong><\/p>\n<p><a href=\"https:\/\/docs.google.com\/spreadsheets\/d\/1-A4kYgq4IaiOmc-7pNqm_69waPkVMOxLj1-SaMfoxdE\/edit?gid=276241927#gid=276241927\">Mini Spray Dryer<\/a><\/p>\n<p><a href=\"https:\/\/docs.google.com\/document\/d\/1lZT0PS301q3IzQoV4QTboQ1q6HFnpOlb\/edit?usp=sharing&amp;ouid=105310621671928249984&amp;rtpof=true&amp;sd=true\">Formul\u00e1rio de agendamento Mini Spray Dryer<\/a><\/p>\n","protected":false},"excerpt":{"rendered":"<p>Para agendar o uso do\u00a0Mini Spray Dryer, o requerente deve verificar os dias dispon\u00edveis no site indicado abaixo e, em seguida, baixar o formul\u00e1rio dispon\u00edvel no link a baixo, preencher e enviar para o\u00a0 e-mail labbionano@hotmail.com solicitando o agendamento para a data escolhida. O e-mail deve conter o nome completo, nome do orientador, pol\u00edmero e&#8230; <\/p>\n<div class=\"link-more\"><a href=\"https:\/\/wp.ufpel.edu.br\/bionano\/agendamento-de-equipamentos\/minispraydryer-s-300\/\">Leia mais<\/a><\/div>\n","protected":false},"author":1158,"featured_media":0,"parent":299,"menu_order":7,"comment_status":"closed","ping_status":"closed","template":"","meta":{"footnotes":""},"class_list":["post-928","page","type-page","status-publish","hentry"],"publishpress_future_action":{"enabled":false,"date":"2026-04-21 21:30:27","action":"change-status","newStatus":"draft","terms":[],"taxonomy":"","extraData":[]},"publishpress_future_workflow_manual_trigger":{"enabledWorkflows":[]},"_links":{"self":[{"href":"https:\/\/wp.ufpel.edu.br\/bionano\/wp-json\/wp\/v2\/pages\/928","targetHints":{"allow":["GET"]}}],"collection":[{"href":"https:\/\/wp.ufpel.edu.br\/bionano\/wp-json\/wp\/v2\/pages"}],"about":[{"href":"https:\/\/wp.ufpel.edu.br\/bionano\/wp-json\/wp\/v2\/types\/page"}],"author":[{"embeddable":true,"href":"https:\/\/wp.ufpel.edu.br\/bionano\/wp-json\/wp\/v2\/users\/1158"}],"replies":[{"embeddable":true,"href":"https:\/\/wp.ufpel.edu.br\/bionano\/wp-json\/wp\/v2\/comments?post=928"}],"version-history":[{"count":3,"href":"https:\/\/wp.ufpel.edu.br\/bionano\/wp-json\/wp\/v2\/pages\/928\/revisions"}],"predecessor-version":[{"id":1069,"href":"https:\/\/wp.ufpel.edu.br\/bionano\/wp-json\/wp\/v2\/pages\/928\/revisions\/1069"}],"up":[{"embeddable":true,"href":"https:\/\/wp.ufpel.edu.br\/bionano\/wp-json\/wp\/v2\/pages\/299"}],"wp:attachment":[{"href":"https:\/\/wp.ufpel.edu.br\/bionano\/wp-json\/wp\/v2\/media?parent=928"}],"curies":[{"name":"wp","href":"https:\/\/api.w.org\/{rel}","templated":true}]}}