{"id":869,"date":"2025-03-13T07:07:04","date_gmt":"2025-03-13T10:07:04","guid":{"rendered":"https:\/\/wp.ufpel.edu.br\/bionano\/?page_id=869"},"modified":"2025-08-20T15:40:28","modified_gmt":"2025-08-20T18:40:28","slug":"nanospider","status":"publish","type":"page","link":"https:\/\/wp.ufpel.edu.br\/bionano\/agendamento-de-equipamentos\/nanospider\/","title":{"rendered":"Nanospider"},"content":{"rendered":"<p><img loading=\"lazy\" decoding=\"async\" class=\"alignright wp-image-924 size-full\" src=\"https:\/\/wp.ufpel.edu.br\/bionano\/files\/2025\/08\/WhatsApp-Image-2025-08-20-at-15.09.10-e1755715223630.jpeg\" alt=\"\" width=\"706\" height=\"1035\" srcset=\"https:\/\/wp.ufpel.edu.br\/bionano\/files\/2025\/08\/WhatsApp-Image-2025-08-20-at-15.09.10-e1755715223630.jpeg 706w, https:\/\/wp.ufpel.edu.br\/bionano\/files\/2025\/08\/WhatsApp-Image-2025-08-20-at-15.09.10-e1755715223630-273x400.jpeg 273w, https:\/\/wp.ufpel.edu.br\/bionano\/files\/2025\/08\/WhatsApp-Image-2025-08-20-at-15.09.10-e1755715223630-698x1024.jpeg 698w, https:\/\/wp.ufpel.edu.br\/bionano\/files\/2025\/08\/WhatsApp-Image-2025-08-20-at-15.09.10-e1755715223630-205x300.jpeg 205w\" sizes=\"auto, (max-width: 706px) 100vw, 706px\" \/>Para agendar o uso do <em>Nanospider<\/em>, o requerente deve verificar os dias dispon\u00edveis no site indicado abaixo e, em seguida, enviar um e-mail para <strong data-start=\"143\" data-end=\"169\"><a rel=\"noopener\" data-start=\"145\" data-end=\"167\" data-is-only-node=\"\">labbionano@hotmail.com<\/a><\/strong> solicitando o agendamento para a data escolhida. O e-mail deve conter o nome completo, nome do orientador, pol\u00edmero e solvente que ser\u00e3o utilizados. Ap\u00f3s o envio, \u00e9 necess\u00e1rio aguardar a confirma\u00e7\u00e3o por e-mail.<\/p>\n<p><a href=\"https:\/\/docs.google.com\/spreadsheets\/d\/1droP8PW9rp6575rA9W4AwLZQphXD0yRSIRzYaz1qG84\/edit?usp=sharing\">Agendamento Nanospider<\/a><\/p>\n","protected":false},"excerpt":{"rendered":"<p>Para agendar o uso do Nanospider, o requerente deve verificar os dias dispon\u00edveis no site indicado abaixo e, em seguida, enviar um e-mail para labbionano@hotmail.com solicitando o agendamento para a data escolhida. O e-mail deve conter o nome completo, nome do orientador, pol\u00edmero e solvente que ser\u00e3o utilizados. Ap\u00f3s o envio, \u00e9 necess\u00e1rio aguardar a&#8230; <\/p>\n<div class=\"link-more\"><a href=\"https:\/\/wp.ufpel.edu.br\/bionano\/agendamento-de-equipamentos\/nanospider\/\">Leia mais<\/a><\/div>\n","protected":false},"author":1158,"featured_media":0,"parent":299,"menu_order":5,"comment_status":"closed","ping_status":"closed","template":"","meta":{"footnotes":""},"class_list":["post-869","page","type-page","status-publish","hentry"],"publishpress_future_action":{"enabled":false,"date":"2026-04-23 12:45:59","action":"change-status","newStatus":"draft","terms":[],"taxonomy":"","extraData":[]},"publishpress_future_workflow_manual_trigger":{"enabledWorkflows":[]},"_links":{"self":[{"href":"https:\/\/wp.ufpel.edu.br\/bionano\/wp-json\/wp\/v2\/pages\/869","targetHints":{"allow":["GET"]}}],"collection":[{"href":"https:\/\/wp.ufpel.edu.br\/bionano\/wp-json\/wp\/v2\/pages"}],"about":[{"href":"https:\/\/wp.ufpel.edu.br\/bionano\/wp-json\/wp\/v2\/types\/page"}],"author":[{"embeddable":true,"href":"https:\/\/wp.ufpel.edu.br\/bionano\/wp-json\/wp\/v2\/users\/1158"}],"replies":[{"embeddable":true,"href":"https:\/\/wp.ufpel.edu.br\/bionano\/wp-json\/wp\/v2\/comments?post=869"}],"version-history":[{"count":2,"href":"https:\/\/wp.ufpel.edu.br\/bionano\/wp-json\/wp\/v2\/pages\/869\/revisions"}],"predecessor-version":[{"id":925,"href":"https:\/\/wp.ufpel.edu.br\/bionano\/wp-json\/wp\/v2\/pages\/869\/revisions\/925"}],"up":[{"embeddable":true,"href":"https:\/\/wp.ufpel.edu.br\/bionano\/wp-json\/wp\/v2\/pages\/299"}],"wp:attachment":[{"href":"https:\/\/wp.ufpel.edu.br\/bionano\/wp-json\/wp\/v2\/media?parent=869"}],"curies":[{"name":"wp","href":"https:\/\/api.w.org\/{rel}","templated":true}]}}