{"id":843,"date":"2024-12-18T08:03:58","date_gmt":"2024-12-18T11:03:58","guid":{"rendered":"https:\/\/wp.ufpel.edu.br\/bionano\/?page_id=843"},"modified":"2024-12-18T08:05:53","modified_gmt":"2024-12-18T11:05:53","slug":"multivariate-optimization-for-the-production-of-osa-starch-microcapsules-containing-clove-and-white-thyme-essential-oils-antifungal-potential-against-penicillium-digitatum","status":"publish","type":"page","link":"https:\/\/wp.ufpel.edu.br\/bionano\/producao-cientifica\/2024-2\/multivariate-optimization-for-the-production-of-osa-starch-microcapsules-containing-clove-and-white-thyme-essential-oils-antifungal-potential-against-penicillium-digitatum\/","title":{"rendered":"Multivariate optimization for the production of OSA-starch microcapsules containing clove and white thyme essential oils: Antifungal potential against penicillium digitatum"},"content":{"rendered":"<h1>Multivariate optimization for the production of OSA-starch microcapsules containing clove and white thyme essential oils: Antifungal potential against <em>penicillium digitatum<\/em><\/h1>\n<p>Estefania J\u00falia Dierings de Souza; Felipe Nardo dos Santos; Dianini H\u00fcttner Kringel; Jaqueline Ferreira de Souza; Danielle Tapia Bueno; Amanda Fonseca Leitzke; Andr\u00e9 Ricardo Fajardo; Eliezer Avila Gandra; Claudio Martin Pereira de Pereira; Alvaro Renato Guerra Dias; Elessandra da Rosa Zavareze<\/p>\n<h3>ABSTRACT<\/h3>\n<h3 style=\"text-align: left;\">The objective of this study was to optimize the conditions for the production of microcapsules based on OSA-starch and clove (CEO)and white thyme (WTEO) essential oils (EOs) obtained by electrospraying. The antifungal activity against the fungus <em>Penicillium digitatum<\/em> was assessed using both the well diffusion method and volatile release action. The microcapsules were characterized bymorphology, loading capacity (LC) presence of functional groups (FTIR), and thermal properties (TGA). Spherical microcapsuleswere formed in all treatments evaluated, with an average diameter ranging from 0.803 to 1.500 \u03bcm. The morphology of the materi-als was not affected by the variation of the solution parameters (ethanol: 20% and 30%, OSA-starch: 40% and 50%, CEO and WTEO,and EO concentration: 0.2% and 0.4%). The LC ranged from 30.6% to 97.9%, and TGA and FTIR analyses for all treatments con-firmed the interaction of EOs with OSA-starch. Microcapsules from OSA-starch with CEO showed greater efficiency in reducingthe mycelial growth of<em> P. digitatum<\/em> through the release of volatiles. These results serve as a basis for future studies to evaluate thetechnological applicability of these capsules in a food matrix or packaging material for controlling the fungal growth of <em>P. digitatum<\/em>.<\/h3>\n<p><a href=\"http:\/\/dx.doi.org\/10.1002\/pat.70040\">http:\/\/dx.doi.org\/10.1002\/pat.70040<\/a><\/p>\n","protected":false},"excerpt":{"rendered":"<p>Multivariate optimization for the production of OSA-starch microcapsules containing clove and white thyme essential oils: Antifungal potential against penicillium digitatum Estefania J\u00falia Dierings de Souza; Felipe Nardo dos Santos; Dianini H\u00fcttner Kringel; Jaqueline Ferreira de Souza; Danielle Tapia Bueno; Amanda Fonseca Leitzke; Andr\u00e9 Ricardo Fajardo; Eliezer Avila Gandra; Claudio Martin Pereira de Pereira; Alvaro Renato&#8230; <\/p>\n<div class=\"link-more\"><a href=\"https:\/\/wp.ufpel.edu.br\/bionano\/producao-cientifica\/2024-2\/multivariate-optimization-for-the-production-of-osa-starch-microcapsules-containing-clove-and-white-thyme-essential-oils-antifungal-potential-against-penicillium-digitatum\/\">Leia mais<\/a><\/div>\n","protected":false},"author":1158,"featured_media":0,"parent":628,"menu_order":20,"comment_status":"closed","ping_status":"closed","template":"","meta":{"footnotes":""},"class_list":["post-843","page","type-page","status-publish","hentry"],"publishpress_future_action":{"enabled":false,"date":"2026-04-21 21:29:36","action":"change-status","newStatus":"draft","terms":[],"taxonomy":"","extraData":[]},"publishpress_future_workflow_manual_trigger":{"enabledWorkflows":[]},"_links":{"self":[{"href":"https:\/\/wp.ufpel.edu.br\/bionano\/wp-json\/wp\/v2\/pages\/843","targetHints":{"allow":["GET"]}}],"collection":[{"href":"https:\/\/wp.ufpel.edu.br\/bionano\/wp-json\/wp\/v2\/pages"}],"about":[{"href":"https:\/\/wp.ufpel.edu.br\/bionano\/wp-json\/wp\/v2\/types\/page"}],"author":[{"embeddable":true,"href":"https:\/\/wp.ufpel.edu.br\/bionano\/wp-json\/wp\/v2\/users\/1158"}],"replies":[{"embeddable":true,"href":"https:\/\/wp.ufpel.edu.br\/bionano\/wp-json\/wp\/v2\/comments?post=843"}],"version-history":[{"count":3,"href":"https:\/\/wp.ufpel.edu.br\/bionano\/wp-json\/wp\/v2\/pages\/843\/revisions"}],"predecessor-version":[{"id":846,"href":"https:\/\/wp.ufpel.edu.br\/bionano\/wp-json\/wp\/v2\/pages\/843\/revisions\/846"}],"up":[{"embeddable":true,"href":"https:\/\/wp.ufpel.edu.br\/bionano\/wp-json\/wp\/v2\/pages\/628"}],"wp:attachment":[{"href":"https:\/\/wp.ufpel.edu.br\/bionano\/wp-json\/wp\/v2\/media?parent=843"}],"curies":[{"name":"wp","href":"https:\/\/api.w.org\/{rel}","templated":true}]}}