{"id":690,"date":"2024-06-27T09:07:49","date_gmt":"2024-06-27T12:07:49","guid":{"rendered":"https:\/\/wp.ufpel.edu.br\/bionano\/?page_id=690"},"modified":"2024-06-27T09:07:49","modified_gmt":"2024-06-27T12:07:49","slug":"antifungal-potential-of-clove-and-white-thyme-essential-oils-encapsulated-in-electrosprayed-starch-osa-against-penicillium-digitatum","status":"publish","type":"page","link":"https:\/\/wp.ufpel.edu.br\/bionano\/producao-cientifica\/2024-2\/antifungal-potential-of-clove-and-white-thyme-essential-oils-encapsulated-in-electrosprayed-starch-osa-against-penicillium-digitatum\/","title":{"rendered":"Antifungal potential of clove and white thyme essential oils encapsulated in electrosprayed starch-OSA against Penicillium digitatum"},"content":{"rendered":"<h1 id=\"screen-reader-main-title\" class=\"Head u-font-serif u-h2 u-margin-s-ver\"><span class=\"title-text\">Antifungal potential of clove and white thyme essential oils encapsulated in electrosprayed starch-OSA against\u00a0<em>Penicillium digitatum<\/em><\/span><\/h1>\n<p>Estefania J\u00falia Dierings de Souza, Dianini H\u00fcttner Kringel, Tatiane J\u00e9ssica Siebeneichler, C\u00e9sar Valmor Rombaldi, Eliezer Avila Gandra, Alvaro Renato Guerra Dias, Elessandra da Rosa Zavareze<\/p>\n<h3>The objective of this study was to develop microcapsules based on starch modified by octenyl succinic anhydride (OSA) containing clove essential oil (CEO) and white thyme essential oil (WTEO) in different concentrations. Two key components can be highlighted: (1) starch, a polysaccharide from natural and renewable sources, and (2) essential oils, due to their bioactive potential. The microcapsules were produced by electrospraying and evaluated for morphology, particle size distribution, loading capacity, thermal properties, functional groups, and antifungal activity against\u00a0<em>Penicillium digitatum<\/em>, evaluated by microatmosphere and agar diffusion. The microcapsules presented a spherical and uniform shape. The loading capacity of the microcapsules ranged from 69 to 83%, with the capsule with 4% CEO presenting the highest loading potential. The analysis of functional groups suggested a molecular interaction between the EOs and the wall material. Thermogravimetric properties demonstrated that starch-OSA was able to protect the volatile compounds of EOs and delay their thermal degradation, suggesting that starch-OSA was efficient as a wall material to encapsulate EOs. The starch-OSA microcapsules added with 4% CEO and 4% WTEO stood out for presenting the most extensive halos of inhibition of\u00a0<em>P. digitatum<\/em>\u00a0mycelial growth. The results demonstrate the potential application of microcapsules with both EOs as an antifungal agent against the fungus\u00a0<em>P. digitatum<\/em>.<\/h3>\n<p><a href=\"https:\/\/doi.org\/10.1016\/j.eurpolymj.2024.113192\">https:\/\/doi.org\/10.1016\/j.eurpolymj.2024.113192<\/a><\/p>\n","protected":false},"excerpt":{"rendered":"<p>Antifungal potential of clove and white thyme essential oils encapsulated in electrosprayed starch-OSA against\u00a0Penicillium digitatum Estefania J\u00falia Dierings de Souza, Dianini H\u00fcttner Kringel, Tatiane J\u00e9ssica Siebeneichler, C\u00e9sar Valmor Rombaldi, Eliezer Avila Gandra, Alvaro Renato Guerra Dias, Elessandra da Rosa Zavareze The objective of this study was to develop microcapsules based on starch modified by octenyl&#8230; <\/p>\n<div class=\"link-more\"><a href=\"https:\/\/wp.ufpel.edu.br\/bionano\/producao-cientifica\/2024-2\/antifungal-potential-of-clove-and-white-thyme-essential-oils-encapsulated-in-electrosprayed-starch-osa-against-penicillium-digitatum\/\">Leia mais<\/a><\/div>\n","protected":false},"author":1158,"featured_media":0,"parent":628,"menu_order":6,"comment_status":"closed","ping_status":"closed","template":"","meta":{"footnotes":""},"class_list":["post-690","page","type-page","status-publish","hentry"],"publishpress_future_action":{"enabled":false,"date":"2026-04-21 21:28:58","action":"change-status","newStatus":"draft","terms":[],"taxonomy":"","extraData":[]},"publishpress_future_workflow_manual_trigger":{"enabledWorkflows":[]},"_links":{"self":[{"href":"https:\/\/wp.ufpel.edu.br\/bionano\/wp-json\/wp\/v2\/pages\/690","targetHints":{"allow":["GET"]}}],"collection":[{"href":"https:\/\/wp.ufpel.edu.br\/bionano\/wp-json\/wp\/v2\/pages"}],"about":[{"href":"https:\/\/wp.ufpel.edu.br\/bionano\/wp-json\/wp\/v2\/types\/page"}],"author":[{"embeddable":true,"href":"https:\/\/wp.ufpel.edu.br\/bionano\/wp-json\/wp\/v2\/users\/1158"}],"replies":[{"embeddable":true,"href":"https:\/\/wp.ufpel.edu.br\/bionano\/wp-json\/wp\/v2\/comments?post=690"}],"version-history":[{"count":1,"href":"https:\/\/wp.ufpel.edu.br\/bionano\/wp-json\/wp\/v2\/pages\/690\/revisions"}],"predecessor-version":[{"id":691,"href":"https:\/\/wp.ufpel.edu.br\/bionano\/wp-json\/wp\/v2\/pages\/690\/revisions\/691"}],"up":[{"embeddable":true,"href":"https:\/\/wp.ufpel.edu.br\/bionano\/wp-json\/wp\/v2\/pages\/628"}],"wp:attachment":[{"href":"https:\/\/wp.ufpel.edu.br\/bionano\/wp-json\/wp\/v2\/media?parent=690"}],"curies":[{"name":"wp","href":"https:\/\/api.w.org\/{rel}","templated":true}]}}