{"id":611,"date":"2024-04-05T09:45:49","date_gmt":"2024-04-05T12:45:49","guid":{"rendered":"https:\/\/wp.ufpel.edu.br\/bionano\/?page_id=611"},"modified":"2024-04-05T09:46:18","modified_gmt":"2024-04-05T12:46:18","slug":"sobre","status":"publish","type":"page","link":"https:\/\/wp.ufpel.edu.br\/bionano\/sobre-bionano\/sobre\/","title":{"rendered":"SOBRE"},"content":{"rendered":"<p><img loading=\"lazy\" decoding=\"async\" class=\"wp-image-613 aligncenter\" src=\"https:\/\/wp.ufpel.edu.br\/bionano\/files\/2024\/04\/LOGO-TRANSPARENTE-PRETO-1536x740-1.png\" alt=\"\" width=\"227\" height=\"112\" \/><\/p>\n<p style=\"text-align: center;\"><strong>COMIT\u00ca GESTOR E COMIT\u00ca DE USU\u00c1RIOS DO LABORAT\u00d3RIO MULTIUSU\u00c1RIO BIOPOL\u00cdMEROS E NANOTECNOLOGIA EM ALIMENTOS (BIONANO)<\/strong><\/p>\n<p><strong>COMIT\u00ca GESTOR INTERNO<\/strong><br \/>\nCoordenador: Prof. Dr. Alvaro Renato Guerra Dias \u2013 UFPel (PQ-1B)<br \/>\nVice-coordenadora: Profa. Dra. Elessandra da Rosa Zavareze \u2013 UFPel (PQ-1D)<br \/>\nRepresentante externo: Profa Dra. Caroline Costa Morais \u2013 UNIPAMPA (DT 2)<br \/>\nT\u00e9cnico administrativo: Leandro Vieira dos Santos (UFPel)<\/p>\n<p><strong>COMIT\u00ca DE USU\u00c1RIOS<\/strong><br \/>\nRepresentante externo: Profa. Dra. Gabriela Silveira da Rosa (PQ 2) (UNIPAMPA)<br \/>\nRepresentante docente: Prof. Dr. Eliezer \u00c1vila Gandra (UFPel)<br \/>\nRepresentante de p\u00f3s-doutorandos: P\u00f3s-doc Laura Martins Fonseca (UFPel)<br \/>\nRepresentante discente do Doutorado: Felipe Nardo dos Santos (UFPel)<br \/>\nRepresentante discente do Mestrado: Graciele Saraiva Lemos (UFPel)<\/p>\n","protected":false},"excerpt":{"rendered":"<p>COMIT\u00ca GESTOR E COMIT\u00ca DE USU\u00c1RIOS DO LABORAT\u00d3RIO MULTIUSU\u00c1RIO BIOPOL\u00cdMEROS E NANOTECNOLOGIA EM ALIMENTOS (BIONANO) COMIT\u00ca GESTOR INTERNO Coordenador: Prof. Dr. Alvaro Renato Guerra Dias \u2013 UFPel (PQ-1B) Vice-coordenadora: Profa. Dra. Elessandra da Rosa Zavareze \u2013 UFPel (PQ-1D) Representante externo: Profa Dra. Caroline Costa Morais \u2013 UNIPAMPA (DT 2) T\u00e9cnico administrativo: Leandro Vieira dos Santos&#8230; <\/p>\n<div class=\"link-more\"><a href=\"https:\/\/wp.ufpel.edu.br\/bionano\/sobre-bionano\/sobre\/\">Leia mais<\/a><\/div>\n","protected":false},"author":1158,"featured_media":0,"parent":33,"menu_order":0,"comment_status":"closed","ping_status":"closed","template":"","meta":{"footnotes":""},"class_list":["post-611","page","type-page","status-publish","hentry"],"publishpress_future_action":{"enabled":false,"date":"2026-04-22 19:57:52","action":"change-status","newStatus":"draft","terms":[],"taxonomy":"","extraData":[]},"publishpress_future_workflow_manual_trigger":{"enabledWorkflows":[]},"_links":{"self":[{"href":"https:\/\/wp.ufpel.edu.br\/bionano\/wp-json\/wp\/v2\/pages\/611","targetHints":{"allow":["GET"]}}],"collection":[{"href":"https:\/\/wp.ufpel.edu.br\/bionano\/wp-json\/wp\/v2\/pages"}],"about":[{"href":"https:\/\/wp.ufpel.edu.br\/bionano\/wp-json\/wp\/v2\/types\/page"}],"author":[{"embeddable":true,"href":"https:\/\/wp.ufpel.edu.br\/bionano\/wp-json\/wp\/v2\/users\/1158"}],"replies":[{"embeddable":true,"href":"https:\/\/wp.ufpel.edu.br\/bionano\/wp-json\/wp\/v2\/comments?post=611"}],"version-history":[{"count":1,"href":"https:\/\/wp.ufpel.edu.br\/bionano\/wp-json\/wp\/v2\/pages\/611\/revisions"}],"predecessor-version":[{"id":614,"href":"https:\/\/wp.ufpel.edu.br\/bionano\/wp-json\/wp\/v2\/pages\/611\/revisions\/614"}],"up":[{"embeddable":true,"href":"https:\/\/wp.ufpel.edu.br\/bionano\/wp-json\/wp\/v2\/pages\/33"}],"wp:attachment":[{"href":"https:\/\/wp.ufpel.edu.br\/bionano\/wp-json\/wp\/v2\/media?parent=611"}],"curies":[{"name":"wp","href":"https:\/\/api.w.org\/{rel}","templated":true}]}}