{"id":601,"date":"2024-01-29T15:26:10","date_gmt":"2024-01-29T18:26:10","guid":{"rendered":"https:\/\/wp.ufpel.edu.br\/bionano\/?page_id=601"},"modified":"2026-04-02T17:10:11","modified_gmt":"2026-04-02T20:10:11","slug":"liofilizador-bomba-a-oleo-l101","status":"publish","type":"page","link":"https:\/\/wp.ufpel.edu.br\/bionano\/agendamento-de-equipamentos\/liofilizador-bomba-a-oleo-l101\/","title":{"rendered":"Liofilizador Bomba a \u00d3leo L101"},"content":{"rendered":"<p><span style=\"color: #ff0000; font-size: 24pt;\"><img loading=\"lazy\" decoding=\"async\" class=\"alignright size-full wp-image-1105\" src=\"https:\/\/wp.ufpel.edu.br\/bionano\/files\/2026\/04\/WhatsApp-Image-2026-04-02-at-17.07.18-1.jpeg\" alt=\"\" width=\"960\" height=\"1280\" srcset=\"https:\/\/wp.ufpel.edu.br\/bionano\/files\/2026\/04\/WhatsApp-Image-2026-04-02-at-17.07.18-1.jpeg 960w, https:\/\/wp.ufpel.edu.br\/bionano\/files\/2026\/04\/WhatsApp-Image-2026-04-02-at-17.07.18-1-300x400.jpeg 300w, https:\/\/wp.ufpel.edu.br\/bionano\/files\/2026\/04\/WhatsApp-Image-2026-04-02-at-17.07.18-1-768x1024.jpeg 768w, https:\/\/wp.ufpel.edu.br\/bionano\/files\/2026\/04\/WhatsApp-Image-2026-04-02-at-17.07.18-1-630x840.jpeg 630w, https:\/\/wp.ufpel.edu.br\/bionano\/files\/2026\/04\/WhatsApp-Image-2026-04-02-at-17.07.18-1-225x300.jpeg 225w\" sizes=\"auto, (max-width: 960px) 100vw, 960px\" \/>Aviso:<\/span><\/p>\n<p><span style=\"color: #ff0000;\">Devido \u00e0 greve dos t\u00e9cnicos, os agendamentos dos liofilizadores para o p\u00fablico externo est\u00e3o suspensos por tempo indeterminado. Agradecemos a compreens\u00e3o de todos.<\/span><\/p>\n<p><a href=\"https:\/\/docs.google.com\/spreadsheets\/d\/1UcHKSVmH87qTkBC4MbF0pFf1JPoKyLPEPZQ1neofobs\/edit#gid=642932792\">Liofilizador Bomba a \u00d3leo L101<\/a><\/p>\n","protected":false},"excerpt":{"rendered":"<p>Aviso: Devido \u00e0 greve dos t\u00e9cnicos, os agendamentos dos liofilizadores para o p\u00fablico externo est\u00e3o suspensos por tempo indeterminado. Agradecemos a compreens\u00e3o de todos. Liofilizador Bomba a \u00d3leo L101<\/p>\n","protected":false},"author":1158,"featured_media":0,"parent":299,"menu_order":2,"comment_status":"closed","ping_status":"closed","template":"","meta":{"footnotes":""},"class_list":["post-601","page","type-page","status-publish","hentry"],"publishpress_future_action":{"enabled":false,"date":"2026-04-24 20:12:36","action":"change-status","newStatus":"draft","terms":[],"taxonomy":"","extraData":[]},"publishpress_future_workflow_manual_trigger":{"enabledWorkflows":[]},"_links":{"self":[{"href":"https:\/\/wp.ufpel.edu.br\/bionano\/wp-json\/wp\/v2\/pages\/601","targetHints":{"allow":["GET"]}}],"collection":[{"href":"https:\/\/wp.ufpel.edu.br\/bionano\/wp-json\/wp\/v2\/pages"}],"about":[{"href":"https:\/\/wp.ufpel.edu.br\/bionano\/wp-json\/wp\/v2\/types\/page"}],"author":[{"embeddable":true,"href":"https:\/\/wp.ufpel.edu.br\/bionano\/wp-json\/wp\/v2\/users\/1158"}],"replies":[{"embeddable":true,"href":"https:\/\/wp.ufpel.edu.br\/bionano\/wp-json\/wp\/v2\/comments?post=601"}],"version-history":[{"count":3,"href":"https:\/\/wp.ufpel.edu.br\/bionano\/wp-json\/wp\/v2\/pages\/601\/revisions"}],"predecessor-version":[{"id":1108,"href":"https:\/\/wp.ufpel.edu.br\/bionano\/wp-json\/wp\/v2\/pages\/601\/revisions\/1108"}],"up":[{"embeddable":true,"href":"https:\/\/wp.ufpel.edu.br\/bionano\/wp-json\/wp\/v2\/pages\/299"}],"wp:attachment":[{"href":"https:\/\/wp.ufpel.edu.br\/bionano\/wp-json\/wp\/v2\/media?parent=601"}],"curies":[{"name":"wp","href":"https:\/\/api.w.org\/{rel}","templated":true}]}}