{"id":598,"date":"2024-01-29T15:25:18","date_gmt":"2024-01-29T18:25:18","guid":{"rendered":"https:\/\/wp.ufpel.edu.br\/bionano\/?page_id=598"},"modified":"2026-04-01T21:36:36","modified_gmt":"2026-04-02T00:36:36","slug":"liofilizador-bomba-a-seco-k820-industrial","status":"publish","type":"page","link":"https:\/\/wp.ufpel.edu.br\/bionano\/agendamento-de-equipamentos\/liofilizador-bomba-a-seco-k820-industrial\/","title":{"rendered":"Liofilizador Bomba a Seco LP820 (Industrial)"},"content":{"rendered":"<p><img loading=\"lazy\" decoding=\"async\" class=\"alignright size-full wp-image-922\" src=\"https:\/\/wp.ufpel.edu.br\/bionano\/files\/2025\/08\/WhatsApp-Image-2025-08-20-at-15.09.10-1-e1755715163601.jpeg\" alt=\"\" width=\"777\" height=\"1020\" srcset=\"https:\/\/wp.ufpel.edu.br\/bionano\/files\/2025\/08\/WhatsApp-Image-2025-08-20-at-15.09.10-1-e1755715163601.jpeg 777w, https:\/\/wp.ufpel.edu.br\/bionano\/files\/2025\/08\/WhatsApp-Image-2025-08-20-at-15.09.10-1-e1755715163601-305x400.jpeg 305w, https:\/\/wp.ufpel.edu.br\/bionano\/files\/2025\/08\/WhatsApp-Image-2025-08-20-at-15.09.10-1-e1755715163601-768x1008.jpeg 768w, https:\/\/wp.ufpel.edu.br\/bionano\/files\/2025\/08\/WhatsApp-Image-2025-08-20-at-15.09.10-1-e1755715163601-229x300.jpeg 229w\" sizes=\"auto, (max-width: 777px) 100vw, 777px\" \/><span style=\"color: #ff0000; font-size: 24pt;\">Aviso:<\/span><\/p>\n<p><span style=\"color: #ff0000;\">Devido \u00e0 greve dos t\u00e9cnicos, os agendamentos dos liofilizadores para o p\u00fablico externo est\u00e3o suspensos por tempo indeterminado. Agradecemos a compreens\u00e3o de todos.<\/span><\/p>\n<p>Para agendamentos e solicita\u00e7\u00f5es, por favor acessar o link a baixo:<\/p>\n<p><a href=\"https:\/\/docs.google.com\/spreadsheets\/d\/1fc4dGg0Ld7U30kmRVRjWMShSvoqPMjPVKTt9fFmzI3E\/edit#gid=0\">Liofilizador Bomba a Seco LP820 (Industrial)<\/a><\/p>\n","protected":false},"excerpt":{"rendered":"<p>Aviso: Devido \u00e0 greve dos t\u00e9cnicos, os agendamentos dos liofilizadores para o p\u00fablico externo est\u00e3o suspensos por tempo indeterminado. Agradecemos a compreens\u00e3o de todos. Para agendamentos e solicita\u00e7\u00f5es, por favor acessar o link a baixo: Liofilizador Bomba a Seco LP820 (Industrial)<\/p>\n","protected":false},"author":1158,"featured_media":0,"parent":299,"menu_order":0,"comment_status":"closed","ping_status":"closed","template":"","meta":{"footnotes":""},"class_list":["post-598","page","type-page","status-publish","hentry"],"publishpress_future_action":{"enabled":false,"date":"2026-04-23 08:15:08","action":"change-status","newStatus":"draft","terms":[],"taxonomy":"","extraData":[]},"publishpress_future_workflow_manual_trigger":{"enabledWorkflows":[]},"_links":{"self":[{"href":"https:\/\/wp.ufpel.edu.br\/bionano\/wp-json\/wp\/v2\/pages\/598","targetHints":{"allow":["GET"]}}],"collection":[{"href":"https:\/\/wp.ufpel.edu.br\/bionano\/wp-json\/wp\/v2\/pages"}],"about":[{"href":"https:\/\/wp.ufpel.edu.br\/bionano\/wp-json\/wp\/v2\/types\/page"}],"author":[{"embeddable":true,"href":"https:\/\/wp.ufpel.edu.br\/bionano\/wp-json\/wp\/v2\/users\/1158"}],"replies":[{"embeddable":true,"href":"https:\/\/wp.ufpel.edu.br\/bionano\/wp-json\/wp\/v2\/comments?post=598"}],"version-history":[{"count":3,"href":"https:\/\/wp.ufpel.edu.br\/bionano\/wp-json\/wp\/v2\/pages\/598\/revisions"}],"predecessor-version":[{"id":1099,"href":"https:\/\/wp.ufpel.edu.br\/bionano\/wp-json\/wp\/v2\/pages\/598\/revisions\/1099"}],"up":[{"embeddable":true,"href":"https:\/\/wp.ufpel.edu.br\/bionano\/wp-json\/wp\/v2\/pages\/299"}],"wp:attachment":[{"href":"https:\/\/wp.ufpel.edu.br\/bionano\/wp-json\/wp\/v2\/media?parent=598"}],"curies":[{"name":"wp","href":"https:\/\/api.w.org\/{rel}","templated":true}]}}