{"id":593,"date":"2024-04-18T15:53:03","date_gmt":"2024-04-18T18:53:03","guid":{"rendered":"https:\/\/wp.ufpel.edu.br\/bionano\/?page_id=593"},"modified":"2025-09-10T10:35:55","modified_gmt":"2025-09-10T13:35:55","slug":"electrospinning-estacao-1","status":"publish","type":"page","link":"https:\/\/wp.ufpel.edu.br\/bionano\/agendamento-de-equipamentos\/electrospinning-estacao-1\/","title":{"rendered":"Electrospinning Esta\u00e7\u00e3o 1"},"content":{"rendered":"<p><img loading=\"lazy\" decoding=\"async\" class=\"alignright size-full wp-image-751\" src=\"https:\/\/wp.ufpel.edu.br\/bionano\/files\/2024\/09\/WhatsApp-Image-2024-09-24-at-16.31.48-scaled.jpeg\" alt=\"\" width=\"2560\" height=\"1920\" srcset=\"https:\/\/wp.ufpel.edu.br\/bionano\/files\/2024\/09\/WhatsApp-Image-2024-09-24-at-16.31.48-scaled.jpeg 2560w, https:\/\/wp.ufpel.edu.br\/bionano\/files\/2024\/09\/WhatsApp-Image-2024-09-24-at-16.31.48-400x300.jpeg 400w, https:\/\/wp.ufpel.edu.br\/bionano\/files\/2024\/09\/WhatsApp-Image-2024-09-24-at-16.31.48-1024x768.jpeg 1024w, https:\/\/wp.ufpel.edu.br\/bionano\/files\/2024\/09\/WhatsApp-Image-2024-09-24-at-16.31.48-768x576.jpeg 768w, https:\/\/wp.ufpel.edu.br\/bionano\/files\/2024\/09\/WhatsApp-Image-2024-09-24-at-16.31.48-1536x1152.jpeg 1536w, https:\/\/wp.ufpel.edu.br\/bionano\/files\/2024\/09\/WhatsApp-Image-2024-09-24-at-16.31.48-2048x1536.jpeg 2048w\" sizes=\"auto, (max-width: 2560px) 100vw, 2560px\" \/>Para agendar o uso do <em>Electrospinning Esta\u00e7\u00e3o 1<\/em>, o requerente deve verificar os dias dispon\u00edveis no site indicado abaixo e, em seguida, enviar um e-mail para\u00a0<strong data-start=\"143\" data-end=\"169\"><a rel=\"noopener\" data-start=\"145\" data-end=\"167\" data-is-only-node=\"\">labbionano@hotmail.com<\/a><\/strong>\u00a0solicitando o agendamento para a data escolhida. O e-mail deve conter o nome completo, nome do orientador, pol\u00edmero e solvente que ser\u00e3o utilizados. Ap\u00f3s o envio, \u00e9 necess\u00e1rio aguardar a confirma\u00e7\u00e3o por e-mail.<\/p>\n<p><a href=\"https:\/\/docs.google.com\/spreadsheets\/d\/1uXBCHLoTo8k4WO0fxqqBfmEKIRFk3_nNfzN_WSoyV9U\/edit?usp=sharing\">Electrospinning Esta\u00e7\u00e3o 1<\/a><\/p>\n","protected":false},"excerpt":{"rendered":"<p>Para agendar o uso do Electrospinning Esta\u00e7\u00e3o 1, o requerente deve verificar os dias dispon\u00edveis no site indicado abaixo e, em seguida, enviar um e-mail para\u00a0labbionano@hotmail.com\u00a0solicitando o agendamento para a data escolhida. O e-mail deve conter o nome completo, nome do orientador, pol\u00edmero e solvente que ser\u00e3o utilizados. Ap\u00f3s o envio, \u00e9 necess\u00e1rio aguardar a&#8230; <\/p>\n<div class=\"link-more\"><a href=\"https:\/\/wp.ufpel.edu.br\/bionano\/agendamento-de-equipamentos\/electrospinning-estacao-1\/\">Leia mais<\/a><\/div>\n","protected":false},"author":1158,"featured_media":0,"parent":299,"menu_order":4,"comment_status":"closed","ping_status":"closed","template":"","meta":{"footnotes":""},"class_list":["post-593","page","type-page","status-publish","hentry"],"publishpress_future_action":{"enabled":false,"date":"2026-04-23 02:48:37","action":"change-status","newStatus":"draft","terms":[],"taxonomy":"","extraData":[]},"publishpress_future_workflow_manual_trigger":{"enabledWorkflows":[]},"_links":{"self":[{"href":"https:\/\/wp.ufpel.edu.br\/bionano\/wp-json\/wp\/v2\/pages\/593","targetHints":{"allow":["GET"]}}],"collection":[{"href":"https:\/\/wp.ufpel.edu.br\/bionano\/wp-json\/wp\/v2\/pages"}],"about":[{"href":"https:\/\/wp.ufpel.edu.br\/bionano\/wp-json\/wp\/v2\/types\/page"}],"author":[{"embeddable":true,"href":"https:\/\/wp.ufpel.edu.br\/bionano\/wp-json\/wp\/v2\/users\/1158"}],"replies":[{"embeddable":true,"href":"https:\/\/wp.ufpel.edu.br\/bionano\/wp-json\/wp\/v2\/comments?post=593"}],"version-history":[{"count":3,"href":"https:\/\/wp.ufpel.edu.br\/bionano\/wp-json\/wp\/v2\/pages\/593\/revisions"}],"predecessor-version":[{"id":934,"href":"https:\/\/wp.ufpel.edu.br\/bionano\/wp-json\/wp\/v2\/pages\/593\/revisions\/934"}],"up":[{"embeddable":true,"href":"https:\/\/wp.ufpel.edu.br\/bionano\/wp-json\/wp\/v2\/pages\/299"}],"wp:attachment":[{"href":"https:\/\/wp.ufpel.edu.br\/bionano\/wp-json\/wp\/v2\/media?parent=593"}],"curies":[{"name":"wp","href":"https:\/\/api.w.org\/{rel}","templated":true}]}}