{"id":480,"date":"2022-01-25T10:14:29","date_gmt":"2022-01-25T13:14:29","guid":{"rendered":"https:\/\/wp.ufpel.edu.br\/bionano\/?page_id=480"},"modified":"2025-09-11T09:38:24","modified_gmt":"2025-09-11T12:38:24","slug":"regras-e-normas-de-uso-do-laboratorio-multiusuario-bionano","status":"publish","type":"page","link":"https:\/\/wp.ufpel.edu.br\/bionano\/sobre-bionano\/regras-e-normas-de-uso-do-laboratorio-multiusuario-bionano\/","title":{"rendered":"Regras e Normas de Uso do Laborat\u00f3rio Multiusu\u00e1rio BioNano"},"content":{"rendered":"<p><img loading=\"lazy\" decoding=\"async\" class=\"wp-image-230 alignnone\" src=\"https:\/\/wp.ufpel.edu.br\/bionano\/files\/2021\/12\/BRANCO-1.png\" alt=\"\" width=\"42\" height=\"43\" srcset=\"https:\/\/wp.ufpel.edu.br\/bionano\/files\/2021\/12\/BRANCO-1.png 2788w, https:\/\/wp.ufpel.edu.br\/bionano\/files\/2021\/12\/BRANCO-1-400x400.png 400w, https:\/\/wp.ufpel.edu.br\/bionano\/files\/2021\/12\/BRANCO-1-1024x1024.png 1024w, https:\/\/wp.ufpel.edu.br\/bionano\/files\/2021\/12\/BRANCO-1-200x200.png 200w, https:\/\/wp.ufpel.edu.br\/bionano\/files\/2021\/12\/BRANCO-1-768x768.png 768w, https:\/\/wp.ufpel.edu.br\/bionano\/files\/2021\/12\/BRANCO-1-1536x1536.png 1536w, https:\/\/wp.ufpel.edu.br\/bionano\/files\/2021\/12\/BRANCO-1-2048x2048.png 2048w, https:\/\/wp.ufpel.edu.br\/bionano\/files\/2021\/12\/BRANCO-1-300x300.png 300w\" sizes=\"auto, (max-width: 42px) 100vw, 42px\" \/><u><img loading=\"lazy\" decoding=\"async\" class=\"alignright wp-image-482\" src=\"https:\/\/wp.ufpel.edu.br\/bionano\/files\/2022\/01\/simbolo-ufpel.png\" alt=\"\" width=\"45\" height=\"45\" \/><\/u><\/p>\n<p style=\"text-align: center;\"><strong><u>Regras e Normas de Uso do Laborat\u00f3rio<\/u><\/strong><strong><u>\u00a0Multiusu\u00e1rio BioNano<\/u><\/strong><\/p>\n<p style=\"text-align: justify;\">O La<span style=\"text-align: justify;\">borat\u00f3rio de Biopol\u00edmeros e Nanotecnologia em Alimentos (BioNano) est\u00e1 localizado na Sala 709 do Departamento de Ci\u00eancia e Tecnologia Agroindustrial da Faculdade de Agronomia Eliseu Maciel (FAEM) da Universidade Federal de Pelotas (UFPel), coordenado pelo Prof. Alvaro R. G. Dias e Prof\u00aa. Elessandra R. Zavareze. Este <\/span>Laborat\u00f3rio \u00e9 multiusu\u00e1rio, sendo desenvolvidas pesquisas nas \u00e1reas de biopol\u00edmeros (amidos, celulose e prote\u00ednas), nanotecnologia aplicada em alimentos e \u00e1reas correlatas (nanoencapsula\u00e7\u00e3o de compostos bioativos, qu\u00edmicos, nutrac\u00eauticos, f\u00e1rmacos e produ\u00e7\u00e3o de membranas de nanofibras), bem como o desenvolvimento de t\u00e9cnicas cromatogr\u00e1ficas para a identifica\u00e7\u00e3o de compostos de interesse em alimentos.<\/p>\n<p style=\"text-align: justify;\"><strong><u>Equipamentos multiusu\u00e1rios<\/u><\/strong><\/p>\n<ul style=\"text-align: justify;\">\n<li>Cromat\u00f3grafo L\u00edquido de Alta Efici\u00eancia com detector UV e RI<\/li>\n<li>Esta\u00e7\u00e3o de <em>electrospinning<\/em> com exaust\u00e3o (Esta\u00e7\u00e3o 1; esta\u00e7\u00e3o 2 e Esta\u00e7\u00e3o 3)<\/li>\n<li>Nanospider<\/li>\n<li>Estufa incubadora (BOD) com controle de umidade, luminosidade e temperatura<\/li>\n<li>Banho digestor<\/li>\n<li>Estufa \u00e0 v\u00e1cuo<\/li>\n<li>Moinho anal\u00edtico<\/li>\n<li>Ultraturrax<\/li>\n<li>Mini Spray Dryer<\/li>\n<li>Espectrofot\u00f4metro UV-vis<\/li>\n<\/ul>\n<p style=\"text-align: justify;\">Os links para agendamento de uso dos equipamentos est\u00e3o dispon\u00edveis no site do Laborat\u00f3rio (<a href=\"https:\/\/wp.ufpel.edu.br\/bionano\/\">https:\/\/wp.ufpel.edu.br\/bionano\/<\/a>), devendo primeiramente acessar o link para verificar as datas dispon\u00edveis e solicitar o agendamento por e-mail (<a href=\"labbionano@hotmail.com\">labbionano@hotmail.com<\/a>). No e-mail devem constar os dias de uso, tipo de amostra a ser analisada, telefone e nome do respons\u00e1vel pela execu\u00e7\u00e3o da an\u00e1lise a ser executada, nome do orientador e nome da institui\u00e7\u00e3o.<\/p>\n<p style=\"text-align: justify;\">Para mais informa\u00e7\u00f5es, por favor, entrar em contato via Instagram\u00a0<span style=\"text-align: justify;\">do Laborat\u00f3rio (<\/span><a style=\"text-align: justify;\" href=\"https:\/\/www.instagram.com\/lab_bionano\/\">https:\/\/www.instagram.com\/lab_bionano\/<\/a><span style=\"text-align: justify;\">), e-mail (<\/span><a style=\"text-align: justify;\" href=\"mailto:labbionano@hotmail.com\">labbionano@hotmail.com<\/a><span style=\"text-align: justify;\">) ou pelos seguintes contatos: (53) 98406-3974 ou (53) 98405-3817.<\/span><\/p>\n<p style=\"text-align: justify;\"><strong>Coordenador:<\/strong> Prof. Alvaro Renato Guerra Dias (E-mail:<a href=\"alvaro.guerradias@gmail.com\">alvaro.guerradias@gmail.com<\/a><span style=\"text-align: justify;\">).<\/span><\/p>\n","protected":false},"excerpt":{"rendered":"<p>Regras e Normas de Uso do Laborat\u00f3rio\u00a0Multiusu\u00e1rio BioNano O Laborat\u00f3rio de Biopol\u00edmeros e Nanotecnologia em Alimentos (BioNano) est\u00e1 localizado na Sala 709 do Departamento de Ci\u00eancia e Tecnologia Agroindustrial da Faculdade de Agronomia Eliseu Maciel (FAEM) da Universidade Federal de Pelotas (UFPel), coordenado pelo Prof. Alvaro R. G. Dias e Prof\u00aa. Elessandra R. Zavareze. Este&#8230; <\/p>\n<div class=\"link-more\"><a href=\"https:\/\/wp.ufpel.edu.br\/bionano\/sobre-bionano\/regras-e-normas-de-uso-do-laboratorio-multiusuario-bionano\/\">Leia mais<\/a><\/div>\n","protected":false},"author":1158,"featured_media":0,"parent":33,"menu_order":3,"comment_status":"closed","ping_status":"closed","template":"","meta":{"footnotes":""},"class_list":["post-480","page","type-page","status-publish","hentry"],"publishpress_future_action":{"enabled":false,"date":"2026-04-24 05:35:22","action":"change-status","newStatus":"draft","terms":[],"taxonomy":"","extraData":[]},"publishpress_future_workflow_manual_trigger":{"enabledWorkflows":[]},"_links":{"self":[{"href":"https:\/\/wp.ufpel.edu.br\/bionano\/wp-json\/wp\/v2\/pages\/480","targetHints":{"allow":["GET"]}}],"collection":[{"href":"https:\/\/wp.ufpel.edu.br\/bionano\/wp-json\/wp\/v2\/pages"}],"about":[{"href":"https:\/\/wp.ufpel.edu.br\/bionano\/wp-json\/wp\/v2\/types\/page"}],"author":[{"embeddable":true,"href":"https:\/\/wp.ufpel.edu.br\/bionano\/wp-json\/wp\/v2\/users\/1158"}],"replies":[{"embeddable":true,"href":"https:\/\/wp.ufpel.edu.br\/bionano\/wp-json\/wp\/v2\/comments?post=480"}],"version-history":[{"count":3,"href":"https:\/\/wp.ufpel.edu.br\/bionano\/wp-json\/wp\/v2\/pages\/480\/revisions"}],"predecessor-version":[{"id":974,"href":"https:\/\/wp.ufpel.edu.br\/bionano\/wp-json\/wp\/v2\/pages\/480\/revisions\/974"}],"up":[{"embeddable":true,"href":"https:\/\/wp.ufpel.edu.br\/bionano\/wp-json\/wp\/v2\/pages\/33"}],"wp:attachment":[{"href":"https:\/\/wp.ufpel.edu.br\/bionano\/wp-json\/wp\/v2\/media?parent=480"}],"curies":[{"name":"wp","href":"https:\/\/api.w.org\/{rel}","templated":true}]}}