{"id":472,"date":"2022-01-24T21:50:53","date_gmt":"2022-01-25T00:50:53","guid":{"rendered":"https:\/\/wp.ufpel.edu.br\/bionano\/?page_id=472"},"modified":"2025-05-14T13:49:49","modified_gmt":"2025-05-14T16:49:49","slug":"e-mail","status":"publish","type":"page","link":"https:\/\/wp.ufpel.edu.br\/bionano\/contato\/e-mail\/","title":{"rendered":"E-mail"},"content":{"rendered":"<p>Para mais informa\u00e7\u00f5es, basta enviar um e-mail para o seguinte endere\u00e7o eletr\u00f4nico:\u00a0<a href=\"labbionanoufpel@gmail.com\">labbionanoufpel@gmail.com<\/a> ou <a href=\"labbionano@hotmail.com\">labbionano@hotmail.com<\/a><\/p>\n<p>As solicita\u00e7\u00f5es de agendamentos devem ser enviadas para o e-mail <a href=\"labbionano@hotmail.com\">labbionano@hotmail.com<\/a>. No corpo da mensagem, devem constar: o nome do usu\u00e1rio, o nome do orientador, a data de uso e o tipo de solvente, conforme o equipamento a ser utilizado.<\/p>\n","protected":false},"excerpt":{"rendered":"<p>Para mais informa\u00e7\u00f5es, basta enviar um e-mail para o seguinte endere\u00e7o eletr\u00f4nico:\u00a0labbionanoufpel@gmail.com ou labbionano@hotmail.com As solicita\u00e7\u00f5es de agendamentos devem ser enviadas para o e-mail labbionano@hotmail.com. No corpo da mensagem, devem constar: o nome do usu\u00e1rio, o nome do orientador, a data de uso e o tipo de solvente, conforme o equipamento a ser utilizado.<\/p>\n","protected":false},"author":1158,"featured_media":0,"parent":466,"menu_order":2,"comment_status":"closed","ping_status":"closed","template":"","meta":{"footnotes":""},"class_list":["post-472","page","type-page","status-publish","hentry"],"publishpress_future_action":{"enabled":false,"date":"2026-04-22 20:44:55","action":"change-status","newStatus":"draft","terms":[],"taxonomy":"","extraData":[]},"publishpress_future_workflow_manual_trigger":{"enabledWorkflows":[]},"_links":{"self":[{"href":"https:\/\/wp.ufpel.edu.br\/bionano\/wp-json\/wp\/v2\/pages\/472","targetHints":{"allow":["GET"]}}],"collection":[{"href":"https:\/\/wp.ufpel.edu.br\/bionano\/wp-json\/wp\/v2\/pages"}],"about":[{"href":"https:\/\/wp.ufpel.edu.br\/bionano\/wp-json\/wp\/v2\/types\/page"}],"author":[{"embeddable":true,"href":"https:\/\/wp.ufpel.edu.br\/bionano\/wp-json\/wp\/v2\/users\/1158"}],"replies":[{"embeddable":true,"href":"https:\/\/wp.ufpel.edu.br\/bionano\/wp-json\/wp\/v2\/comments?post=472"}],"version-history":[{"count":4,"href":"https:\/\/wp.ufpel.edu.br\/bionano\/wp-json\/wp\/v2\/pages\/472\/revisions"}],"predecessor-version":[{"id":890,"href":"https:\/\/wp.ufpel.edu.br\/bionano\/wp-json\/wp\/v2\/pages\/472\/revisions\/890"}],"up":[{"embeddable":true,"href":"https:\/\/wp.ufpel.edu.br\/bionano\/wp-json\/wp\/v2\/pages\/466"}],"wp:attachment":[{"href":"https:\/\/wp.ufpel.edu.br\/bionano\/wp-json\/wp\/v2\/media?parent=472"}],"curies":[{"name":"wp","href":"https:\/\/api.w.org\/{rel}","templated":true}]}}