{"id":321,"date":"2022-01-21T17:55:10","date_gmt":"2022-01-21T20:55:10","guid":{"rendered":"https:\/\/wp.ufpel.edu.br\/bionano\/?page_id=321"},"modified":"2025-05-14T13:43:54","modified_gmt":"2025-05-14T16:43:54","slug":"estufa-incubadora-bod","status":"publish","type":"page","link":"https:\/\/wp.ufpel.edu.br\/bionano\/agendamento-de-equipamentos\/estufa-incubadora-bod\/","title":{"rendered":"Estufa incubadora BOD"},"content":{"rendered":"<p><a href=\"https:\/\/docs.google.com\/spreadsheets\/d\/1IrCLuaQea4MaNNJ3h_7DWFc26_qU01HaVHQfKNDsOss\/edit?usp=sharing\">Estufa incubadora BOD<\/a><\/p>\n<p>As solicita\u00e7\u00f5es devem ser enviadas para o e-mail <a class=\"cursor-pointer\" rel=\"noopener\" data-start=\"142\" data-end=\"164\">labbionano@hotmail.com<\/a>. No corpo da mensagem, devem constar: o nome do usu\u00e1rio, o nome do orientador, a data de uso e o tipo de solvente, conforme o equipamento a ser utilizado.<\/p>\n","protected":false},"excerpt":{"rendered":"<p>Estufa incubadora BOD As solicita\u00e7\u00f5es devem ser enviadas para o e-mail labbionano@hotmail.com. No corpo da mensagem, devem constar: o nome do usu\u00e1rio, o nome do orientador, a data de uso e o tipo de solvente, conforme o equipamento a ser utilizado.<\/p>\n","protected":false},"author":1158,"featured_media":0,"parent":299,"menu_order":8,"comment_status":"closed","ping_status":"closed","template":"","meta":{"footnotes":""},"class_list":["post-321","page","type-page","status-publish","hentry"],"publishpress_future_action":{"enabled":false,"date":"2026-04-21 21:27:33","action":"change-status","newStatus":"draft","terms":[],"taxonomy":"","extraData":[]},"publishpress_future_workflow_manual_trigger":{"enabledWorkflows":[]},"_links":{"self":[{"href":"https:\/\/wp.ufpel.edu.br\/bionano\/wp-json\/wp\/v2\/pages\/321","targetHints":{"allow":["GET"]}}],"collection":[{"href":"https:\/\/wp.ufpel.edu.br\/bionano\/wp-json\/wp\/v2\/pages"}],"about":[{"href":"https:\/\/wp.ufpel.edu.br\/bionano\/wp-json\/wp\/v2\/types\/page"}],"author":[{"embeddable":true,"href":"https:\/\/wp.ufpel.edu.br\/bionano\/wp-json\/wp\/v2\/users\/1158"}],"replies":[{"embeddable":true,"href":"https:\/\/wp.ufpel.edu.br\/bionano\/wp-json\/wp\/v2\/comments?post=321"}],"version-history":[{"count":3,"href":"https:\/\/wp.ufpel.edu.br\/bionano\/wp-json\/wp\/v2\/pages\/321\/revisions"}],"predecessor-version":[{"id":889,"href":"https:\/\/wp.ufpel.edu.br\/bionano\/wp-json\/wp\/v2\/pages\/321\/revisions\/889"}],"up":[{"embeddable":true,"href":"https:\/\/wp.ufpel.edu.br\/bionano\/wp-json\/wp\/v2\/pages\/299"}],"wp:attachment":[{"href":"https:\/\/wp.ufpel.edu.br\/bionano\/wp-json\/wp\/v2\/media?parent=321"}],"curies":[{"name":"wp","href":"https:\/\/api.w.org\/{rel}","templated":true}]}}