{"id":314,"date":"2022-01-21T17:53:25","date_gmt":"2022-01-21T20:53:25","guid":{"rendered":"https:\/\/wp.ufpel.edu.br\/bionano\/?page_id=314"},"modified":"2025-09-10T10:37:24","modified_gmt":"2025-09-10T13:37:24","slug":"electrospinning-com-exaustor","status":"publish","type":"page","link":"https:\/\/wp.ufpel.edu.br\/bionano\/agendamento-de-equipamentos\/electrospinning-com-exaustor\/","title":{"rendered":"Electrospinning Esta\u00e7\u00e3o 2 e 3"},"content":{"rendered":"<p><img loading=\"lazy\" decoding=\"async\" class=\"alignright size-full wp-image-751\" src=\"https:\/\/wp.ufpel.edu.br\/bionano\/files\/2024\/09\/WhatsApp-Image-2024-09-24-at-16.31.48-scaled.jpeg\" alt=\"\" width=\"2560\" height=\"1920\" srcset=\"https:\/\/wp.ufpel.edu.br\/bionano\/files\/2024\/09\/WhatsApp-Image-2024-09-24-at-16.31.48-scaled.jpeg 2560w, https:\/\/wp.ufpel.edu.br\/bionano\/files\/2024\/09\/WhatsApp-Image-2024-09-24-at-16.31.48-400x300.jpeg 400w, https:\/\/wp.ufpel.edu.br\/bionano\/files\/2024\/09\/WhatsApp-Image-2024-09-24-at-16.31.48-1024x768.jpeg 1024w, https:\/\/wp.ufpel.edu.br\/bionano\/files\/2024\/09\/WhatsApp-Image-2024-09-24-at-16.31.48-768x576.jpeg 768w, https:\/\/wp.ufpel.edu.br\/bionano\/files\/2024\/09\/WhatsApp-Image-2024-09-24-at-16.31.48-1536x1152.jpeg 1536w, https:\/\/wp.ufpel.edu.br\/bionano\/files\/2024\/09\/WhatsApp-Image-2024-09-24-at-16.31.48-2048x1536.jpeg 2048w\" sizes=\"auto, (max-width: 2560px) 100vw, 2560px\" \/>As solicita\u00e7\u00f5es devem ser enviadas para o e-mail <a class=\"cursor-pointer\" rel=\"noopener\" data-start=\"142\" data-end=\"164\">labbionano@hotmail.com<\/a>. No corpo da mensagem, devem constar: o nome do usu\u00e1rio, o nome do orientador, a data de uso e o tipo de solvente, conforme o equipamento a ser utilizado.<\/p>\n<p>Para agendamentos das esta\u00e7\u00f5es de <em>Electrospinning 2 e 3<\/em> basta acessar o seguinte link:<\/p>\n<p><a href=\"https:\/\/docs.google.com\/spreadsheets\/d\/1ky7JyAKW_d3YxJYIAnEgQbzYcPlg2IpMeqBg-6m1btI\/edit?gid=1077120165#gid=1077120165\">Electrospinning Esta\u00e7\u00e3o 2 e 3<\/a><\/p>\n<p>&nbsp;<\/p>\n","protected":false},"excerpt":{"rendered":"<p>As solicita\u00e7\u00f5es devem ser enviadas para o e-mail labbionano@hotmail.com. No corpo da mensagem, devem constar: o nome do usu\u00e1rio, o nome do orientador, a data de uso e o tipo de solvente, conforme o equipamento a ser utilizado. Para agendamentos das esta\u00e7\u00f5es de Electrospinning 2 e 3 basta acessar o seguinte link: Electrospinning Esta\u00e7\u00e3o 2&#8230; <\/p>\n<div class=\"link-more\"><a href=\"https:\/\/wp.ufpel.edu.br\/bionano\/agendamento-de-equipamentos\/electrospinning-com-exaustor\/\">Leia mais<\/a><\/div>\n","protected":false},"author":1158,"featured_media":0,"parent":299,"menu_order":4,"comment_status":"closed","ping_status":"closed","template":"","meta":{"footnotes":""},"class_list":["post-314","page","type-page","status-publish","hentry"],"publishpress_future_action":{"enabled":false,"date":"2026-04-23 01:15:30","action":"change-status","newStatus":"draft","terms":[],"taxonomy":"","extraData":[]},"publishpress_future_workflow_manual_trigger":{"enabledWorkflows":[]},"_links":{"self":[{"href":"https:\/\/wp.ufpel.edu.br\/bionano\/wp-json\/wp\/v2\/pages\/314","targetHints":{"allow":["GET"]}}],"collection":[{"href":"https:\/\/wp.ufpel.edu.br\/bionano\/wp-json\/wp\/v2\/pages"}],"about":[{"href":"https:\/\/wp.ufpel.edu.br\/bionano\/wp-json\/wp\/v2\/types\/page"}],"author":[{"embeddable":true,"href":"https:\/\/wp.ufpel.edu.br\/bionano\/wp-json\/wp\/v2\/users\/1158"}],"replies":[{"embeddable":true,"href":"https:\/\/wp.ufpel.edu.br\/bionano\/wp-json\/wp\/v2\/comments?post=314"}],"version-history":[{"count":3,"href":"https:\/\/wp.ufpel.edu.br\/bionano\/wp-json\/wp\/v2\/pages\/314\/revisions"}],"predecessor-version":[{"id":935,"href":"https:\/\/wp.ufpel.edu.br\/bionano\/wp-json\/wp\/v2\/pages\/314\/revisions\/935"}],"up":[{"embeddable":true,"href":"https:\/\/wp.ufpel.edu.br\/bionano\/wp-json\/wp\/v2\/pages\/299"}],"wp:attachment":[{"href":"https:\/\/wp.ufpel.edu.br\/bionano\/wp-json\/wp\/v2\/media?parent=314"}],"curies":[{"name":"wp","href":"https:\/\/api.w.org\/{rel}","templated":true}]}}