{"id":309,"date":"2022-01-21T17:51:39","date_gmt":"2022-01-21T20:51:39","guid":{"rendered":"https:\/\/wp.ufpel.edu.br\/bionano\/?page_id=309"},"modified":"2025-08-20T15:10:50","modified_gmt":"2025-08-20T18:10:50","slug":"banho-com-agitador-magnetico","status":"publish","type":"page","link":"https:\/\/wp.ufpel.edu.br\/bionano\/agendamento-de-equipamentos\/banho-com-agitador-magnetico\/","title":{"rendered":"Banho com Agitador Magn\u00e9tico"},"content":{"rendered":"<p><a href=\"https:\/\/docs.google.com\/spreadsheets\/d\/1wyECKDHcNEZCiiqKwDF7PzKFqY8jWZhnE8S6aysAm-Y\/edit?usp=sharing\"><img loading=\"lazy\" decoding=\"async\" class=\"alignright  wp-image-912\" src=\"https:\/\/wp.ufpel.edu.br\/bionano\/files\/2025\/08\/WhatsApp-Image-2025-08-20-at-15.09.12.jpeg\" alt=\"\" width=\"823\" height=\"617\" srcset=\"https:\/\/wp.ufpel.edu.br\/bionano\/files\/2025\/08\/WhatsApp-Image-2025-08-20-at-15.09.12.jpeg 1280w, https:\/\/wp.ufpel.edu.br\/bionano\/files\/2025\/08\/WhatsApp-Image-2025-08-20-at-15.09.12-400x300.jpeg 400w, https:\/\/wp.ufpel.edu.br\/bionano\/files\/2025\/08\/WhatsApp-Image-2025-08-20-at-15.09.12-1024x768.jpeg 1024w, https:\/\/wp.ufpel.edu.br\/bionano\/files\/2025\/08\/WhatsApp-Image-2025-08-20-at-15.09.12-768x576.jpeg 768w\" sizes=\"auto, (max-width: 823px) 100vw, 823px\" \/>Agendamento banho com agitadores<\/a><\/p>\n<p>As solicita\u00e7\u00f5es devem ser enviadas para o e-mail <a class=\"cursor-pointer\" rel=\"noopener\" data-start=\"142\" data-end=\"164\">labbionano@hotmail.com<\/a>. No corpo da mensagem, devem constar: o nome do usu\u00e1rio, o nome do orientador, a data de uso e o tipo de solvente, conforme o equipamento a ser utilizado.<\/p>\n","protected":false},"excerpt":{"rendered":"<p>Agendamento banho com agitadores As solicita\u00e7\u00f5es devem ser enviadas para o e-mail labbionano@hotmail.com. No corpo da mensagem, devem constar: o nome do usu\u00e1rio, o nome do orientador, a data de uso e o tipo de solvente, conforme o equipamento a ser utilizado.<\/p>\n","protected":false},"author":1158,"featured_media":0,"parent":299,"menu_order":7,"comment_status":"closed","ping_status":"closed","template":"","meta":{"footnotes":""},"class_list":["post-309","page","type-page","status-publish","hentry"],"publishpress_future_action":{"enabled":false,"date":"2026-04-22 14:19:44","action":"change-status","newStatus":"draft","terms":[],"taxonomy":"","extraData":[]},"publishpress_future_workflow_manual_trigger":{"enabledWorkflows":[]},"_links":{"self":[{"href":"https:\/\/wp.ufpel.edu.br\/bionano\/wp-json\/wp\/v2\/pages\/309","targetHints":{"allow":["GET"]}}],"collection":[{"href":"https:\/\/wp.ufpel.edu.br\/bionano\/wp-json\/wp\/v2\/pages"}],"about":[{"href":"https:\/\/wp.ufpel.edu.br\/bionano\/wp-json\/wp\/v2\/types\/page"}],"author":[{"embeddable":true,"href":"https:\/\/wp.ufpel.edu.br\/bionano\/wp-json\/wp\/v2\/users\/1158"}],"replies":[{"embeddable":true,"href":"https:\/\/wp.ufpel.edu.br\/bionano\/wp-json\/wp\/v2\/comments?post=309"}],"version-history":[{"count":3,"href":"https:\/\/wp.ufpel.edu.br\/bionano\/wp-json\/wp\/v2\/pages\/309\/revisions"}],"predecessor-version":[{"id":913,"href":"https:\/\/wp.ufpel.edu.br\/bionano\/wp-json\/wp\/v2\/pages\/309\/revisions\/913"}],"up":[{"embeddable":true,"href":"https:\/\/wp.ufpel.edu.br\/bionano\/wp-json\/wp\/v2\/pages\/299"}],"wp:attachment":[{"href":"https:\/\/wp.ufpel.edu.br\/bionano\/wp-json\/wp\/v2\/media?parent=309"}],"curies":[{"name":"wp","href":"https:\/\/api.w.org\/{rel}","templated":true}]}}