{"id":305,"date":"2022-01-21T17:50:01","date_gmt":"2022-01-21T20:50:01","guid":{"rendered":"https:\/\/wp.ufpel.edu.br\/bionano\/?page_id=305"},"modified":"2026-04-02T17:09:52","modified_gmt":"2026-04-02T20:09:52","slug":"liofilizador-lab-710","status":"publish","type":"page","link":"https:\/\/wp.ufpel.edu.br\/bionano\/agendamento-de-equipamentos\/liofilizador-lab-710\/","title":{"rendered":"Liofilizador Bomba a Seco K108"},"content":{"rendered":"<p><span style=\"color: #ff0000; font-size: 24pt;\"><img loading=\"lazy\" decoding=\"async\" class=\"alignright  wp-image-1106\" src=\"https:\/\/wp.ufpel.edu.br\/bionano\/files\/2026\/04\/WhatsApp-Image-2026-04-02-at-17.07.18.jpeg\" alt=\"\" width=\"717\" height=\"955\" srcset=\"https:\/\/wp.ufpel.edu.br\/bionano\/files\/2026\/04\/WhatsApp-Image-2026-04-02-at-17.07.18.jpeg 960w, https:\/\/wp.ufpel.edu.br\/bionano\/files\/2026\/04\/WhatsApp-Image-2026-04-02-at-17.07.18-300x400.jpeg 300w, https:\/\/wp.ufpel.edu.br\/bionano\/files\/2026\/04\/WhatsApp-Image-2026-04-02-at-17.07.18-768x1024.jpeg 768w, https:\/\/wp.ufpel.edu.br\/bionano\/files\/2026\/04\/WhatsApp-Image-2026-04-02-at-17.07.18-630x840.jpeg 630w, https:\/\/wp.ufpel.edu.br\/bionano\/files\/2026\/04\/WhatsApp-Image-2026-04-02-at-17.07.18-225x300.jpeg 225w\" sizes=\"auto, (max-width: 717px) 100vw, 717px\" \/>Aviso:<\/span><\/p>\n<p><span style=\"color: #ff0000;\">Devido \u00e0 greve dos t\u00e9cnicos, os agendamentos dos liofilizadores para o p\u00fablico externo est\u00e3o suspensos por tempo indeterminado. Agradecemos a compreens\u00e3o de todos.<\/span><\/p>\n<p><a href=\"https:\/\/docs.google.com\/spreadsheets\/d\/1VvmJ5WgMizHo8EP9fiGiocXFtoLXTTRdGjqIx3bKxWQ\/edit#gid=2143385869\">Liofilizador Bomba a Seco K108<\/a><\/p>\n","protected":false},"excerpt":{"rendered":"<p>Aviso: Devido \u00e0 greve dos t\u00e9cnicos, os agendamentos dos liofilizadores para o p\u00fablico externo est\u00e3o suspensos por tempo indeterminado. Agradecemos a compreens\u00e3o de todos. Liofilizador Bomba a Seco K108<\/p>\n","protected":false},"author":1158,"featured_media":0,"parent":299,"menu_order":1,"comment_status":"closed","ping_status":"closed","template":"","meta":{"footnotes":""},"class_list":["post-305","page","type-page","status-publish","hentry"],"publishpress_future_action":{"enabled":false,"date":"2026-04-25 03:15:54","action":"change-status","newStatus":"draft","terms":[],"taxonomy":"","extraData":[]},"publishpress_future_workflow_manual_trigger":{"enabledWorkflows":[]},"_links":{"self":[{"href":"https:\/\/wp.ufpel.edu.br\/bionano\/wp-json\/wp\/v2\/pages\/305","targetHints":{"allow":["GET"]}}],"collection":[{"href":"https:\/\/wp.ufpel.edu.br\/bionano\/wp-json\/wp\/v2\/pages"}],"about":[{"href":"https:\/\/wp.ufpel.edu.br\/bionano\/wp-json\/wp\/v2\/types\/page"}],"author":[{"embeddable":true,"href":"https:\/\/wp.ufpel.edu.br\/bionano\/wp-json\/wp\/v2\/users\/1158"}],"replies":[{"embeddable":true,"href":"https:\/\/wp.ufpel.edu.br\/bionano\/wp-json\/wp\/v2\/comments?post=305"}],"version-history":[{"count":3,"href":"https:\/\/wp.ufpel.edu.br\/bionano\/wp-json\/wp\/v2\/pages\/305\/revisions"}],"predecessor-version":[{"id":1107,"href":"https:\/\/wp.ufpel.edu.br\/bionano\/wp-json\/wp\/v2\/pages\/305\/revisions\/1107"}],"up":[{"embeddable":true,"href":"https:\/\/wp.ufpel.edu.br\/bionano\/wp-json\/wp\/v2\/pages\/299"}],"wp:attachment":[{"href":"https:\/\/wp.ufpel.edu.br\/bionano\/wp-json\/wp\/v2\/media?parent=305"}],"curies":[{"name":"wp","href":"https:\/\/api.w.org\/{rel}","templated":true}]}}