{"id":4,"date":"2020-11-03T16:58:30","date_gmt":"2020-11-03T19:58:30","guid":{"rendered":"https:\/\/wp.ufpel.edu.br\/biomolvet\/?page_id=4"},"modified":"2022-10-05T13:37:10","modified_gmt":"2022-10-05T16:37:10","slug":"equipe","status":"publish","type":"page","link":"https:\/\/wp.ufpel.edu.br\/biomolvet\/equipe\/","title":{"rendered":"Equipe"},"content":{"rendered":"<ul class=\"wpipessoa-lista\"><li class=\"wpipessoa-post clearfix\"><div class=\"wpipessoa-thumb\"><a href=\"https:\/\/wp.ufpel.edu.br\/biomolvet\/pessoas\/daniela-aparecida-moreira\/\"><img loading=\"lazy\" decoding=\"async\" width=\"200\" height=\"200\" src=\"https:\/\/wp.ufpel.edu.br\/biomolvet\/files\/2022\/10\/Daniela-200x200.jpeg\" class=\"attachment-thumbnail size-thumbnail wp-post-image\" alt=\"\" srcset=\"https:\/\/wp.ufpel.edu.br\/biomolvet\/files\/2022\/10\/Daniela-200x200.jpeg 200w, https:\/\/wp.ufpel.edu.br\/biomolvet\/files\/2022\/10\/Daniela-398x400.jpeg 398w, https:\/\/wp.ufpel.edu.br\/biomolvet\/files\/2022\/10\/Daniela-1019x1024.jpeg 1019w, https:\/\/wp.ufpel.edu.br\/biomolvet\/files\/2022\/10\/Daniela-768x772.jpeg 768w, https:\/\/wp.ufpel.edu.br\/biomolvet\/files\/2022\/10\/Daniela-855x859.jpeg 855w, https:\/\/wp.ufpel.edu.br\/biomolvet\/files\/2022\/10\/Daniela.jpeg 1419w\" sizes=\"auto, (max-width: 200px) 100vw, 200px\" \/><\/a><\/div><div class=\"wpipessoa-info\"><div class=\"wpipessoa-nome wpipessoa-fonte-grande\"><a href=\"https:\/\/wp.ufpel.edu.br\/biomolvet\/pessoas\/daniela-aparecida-moreira\/\">Daniela Aparecida Moreira<\/a><\/div><div class=\"wpipessoa-funcao wpipessoa-fonte-italica\">Doutoranda PPGV<\/div><div class=\"wpipessoa-lattes\"><a href=\"http:\/\/lattes.cnpq.br\/9950015517459790\" target=\"_blank\">Lattes<\/a><\/div><div class=\"wpipessoa-site\"><a href=\"https:\/\/orcid.org\/0000-0002-3272-2919\" target=\"_blank\">Web<\/a><\/div><\/div><\/li><\/ul>\n<ul class=\"wpipessoa-lista\"><li class=\"wpipessoa-post clearfix\"><div class=\"wpipessoa-thumb\"><a href=\"https:\/\/wp.ufpel.edu.br\/biomolvet\/pessoas\/bibiana-rodrigues-de-freitas\/\"><img loading=\"lazy\" decoding=\"async\" width=\"200\" height=\"200\" src=\"https:\/\/wp.ufpel.edu.br\/biomolvet\/files\/2022\/10\/Bibiana-200x200.jpeg\" class=\"attachment-thumbnail size-thumbnail wp-post-image\" alt=\"\" \/><\/a><\/div><div class=\"wpipessoa-info\"><div class=\"wpipessoa-nome wpipessoa-fonte-grande\"><a href=\"https:\/\/wp.ufpel.edu.br\/biomolvet\/pessoas\/bibiana-rodrigues-de-freitas\/\">Bibiana Rodrigues de Freitas<\/a><\/div><div class=\"wpipessoa-funcao wpipessoa-fonte-italica\">Mestrado PPGV<\/div><div class=\"wpipessoa-lattes\"><a href=\"https:\/\/lattes.cnpq.br\/7974032408331962\" target=\"_blank\">Lattes<\/a><\/div><div class=\"wpipessoa-site\"><a href=\"https:\/\/orcid.org\/0000-0003-4467-7497\" target=\"_blank\">Web<\/a><\/div><\/div><\/li><li class=\"wpipessoa-post clearfix\"><div class=\"wpipessoa-thumb\"><a href=\"https:\/\/wp.ufpel.edu.br\/biomolvet\/pessoas\/carolaine-garcia-de-mattos\/\"><img loading=\"lazy\" decoding=\"async\" width=\"200\" height=\"200\" src=\"https:\/\/wp.ufpel.edu.br\/biomolvet\/files\/2022\/10\/Carolaine-200x200.jpeg\" class=\"attachment-thumbnail size-thumbnail wp-post-image\" alt=\"\" srcset=\"https:\/\/wp.ufpel.edu.br\/biomolvet\/files\/2022\/10\/Carolaine-200x200.jpeg 200w, https:\/\/wp.ufpel.edu.br\/biomolvet\/files\/2022\/10\/Carolaine-400x400.jpeg 400w, https:\/\/wp.ufpel.edu.br\/biomolvet\/files\/2022\/10\/Carolaine-1024x1024.jpeg 1024w, https:\/\/wp.ufpel.edu.br\/biomolvet\/files\/2022\/10\/Carolaine-768x768.jpeg 768w, https:\/\/wp.ufpel.edu.br\/biomolvet\/files\/2022\/10\/Carolaine-1536x1536.jpeg 1536w, https:\/\/wp.ufpel.edu.br\/biomolvet\/files\/2022\/10\/Carolaine-855x855.jpeg 855w, https:\/\/wp.ufpel.edu.br\/biomolvet\/files\/2022\/10\/Carolaine.jpeg 1600w\" sizes=\"auto, (max-width: 200px) 100vw, 200px\" \/><\/a><\/div><div class=\"wpipessoa-info\"><div class=\"wpipessoa-nome wpipessoa-fonte-grande\"><a href=\"https:\/\/wp.ufpel.edu.br\/biomolvet\/pessoas\/carolaine-garcia-de-mattos\/\">Carolaine Garcia de Mattos<\/a><\/div><div class=\"wpipessoa-funcao wpipessoa-fonte-italica\">Medica veterin\u00e1ria\/ mestranda \u2013 PPGMPAR<\/div><div class=\"wpipessoa-lattes\"><a href=\"http:\/\/lattes.cnpq.br\/7773300353490809\" target=\"_blank\">Lattes<\/a><\/div><div class=\"wpipessoa-site\"><a href=\"https:\/\/orcid.org\/0000-0002-5660-7042\" target=\"_blank\">Web<\/a><\/div><\/div><\/li><li class=\"wpipessoa-post clearfix\"><div class=\"wpipessoa-thumb\"><a href=\"https:\/\/wp.ufpel.edu.br\/biomolvet\/pessoas\/daniel-felipe-buitrago-linares\/\"><img loading=\"lazy\" decoding=\"async\" width=\"200\" height=\"200\" src=\"https:\/\/wp.ufpel.edu.br\/biomolvet\/files\/2022\/10\/Daniel-200x200.jpeg\" class=\"attachment-thumbnail size-thumbnail wp-post-image\" alt=\"\" \/><\/a><\/div><div class=\"wpipessoa-info\"><div class=\"wpipessoa-nome wpipessoa-fonte-grande\"><a href=\"https:\/\/wp.ufpel.edu.br\/biomolvet\/pessoas\/daniel-felipe-buitrago-linares\/\">Daniel Felipe Buitrago Linares<\/a><\/div><div class=\"wpipessoa-funcao wpipessoa-fonte-italica\">Mestrado em Veterin\u00e1ria<\/div><div class=\"wpipessoa-lattes\"><a href=\"http:\/\/lattes.cnpq.br\/9120782489433017\" target=\"_blank\">Lattes<\/a><\/div><div class=\"wpipessoa-site\"><a href=\"https:\/\/orcid.org\/0000-0002-4933-164X\" target=\"_blank\">Web<\/a><\/div><\/div><\/li><li class=\"wpipessoa-post clearfix\"><div class=\"wpipessoa-thumb\"><a href=\"https:\/\/wp.ufpel.edu.br\/biomolvet\/pessoas\/paola-renata-joanol-dallmann\/\"><img loading=\"lazy\" decoding=\"async\" width=\"200\" height=\"200\" src=\"https:\/\/wp.ufpel.edu.br\/biomolvet\/files\/2022\/10\/Paola-200x200.jpeg\" class=\"attachment-thumbnail size-thumbnail wp-post-image\" alt=\"\" \/><\/a><\/div><div class=\"wpipessoa-info\"><div class=\"wpipessoa-nome wpipessoa-fonte-grande\"><a href=\"https:\/\/wp.ufpel.edu.br\/biomolvet\/pessoas\/paola-renata-joanol-dallmann\/\">Paola Renata Joanol Dallmann<\/a><\/div><div class=\"wpipessoa-funcao wpipessoa-fonte-italica\">Mestranda PPGV<\/div><div class=\"wpipessoa-lattes\"><a href=\"http:\/\/lattes.cnpq.br\/1220997118369480\" target=\"_blank\">Lattes<\/a><\/div><div class=\"wpipessoa-site\"><a href=\"https:\/\/orcid.org\/0000-0002-8590-066X\" target=\"_blank\">Web<\/a><\/div><\/div><\/li><li class=\"wpipessoa-post clearfix\"><div class=\"wpipessoa-thumb\"><a href=\"https:\/\/wp.ufpel.edu.br\/biomolvet\/pessoas\/sthephani-alves-branco-camargo\/\"><img loading=\"lazy\" decoding=\"async\" width=\"200\" height=\"200\" src=\"https:\/\/wp.ufpel.edu.br\/biomolvet\/files\/2022\/10\/Sthephani-200x200.jpeg\" class=\"attachment-thumbnail size-thumbnail wp-post-image\" alt=\"\" srcset=\"https:\/\/wp.ufpel.edu.br\/biomolvet\/files\/2022\/10\/Sthephani-200x200.jpeg 200w, https:\/\/wp.ufpel.edu.br\/biomolvet\/files\/2022\/10\/Sthephani-400x400.jpeg 400w, https:\/\/wp.ufpel.edu.br\/biomolvet\/files\/2022\/10\/Sthephani-1024x1024.jpeg 1024w, https:\/\/wp.ufpel.edu.br\/biomolvet\/files\/2022\/10\/Sthephani-768x768.jpeg 768w, https:\/\/wp.ufpel.edu.br\/biomolvet\/files\/2022\/10\/Sthephani-855x855.jpeg 855w, https:\/\/wp.ufpel.edu.br\/biomolvet\/files\/2022\/10\/Sthephani.jpeg 1061w\" sizes=\"auto, (max-width: 200px) 100vw, 200px\" \/><\/a><\/div><div class=\"wpipessoa-info\"><div class=\"wpipessoa-nome wpipessoa-fonte-grande\"><a href=\"https:\/\/wp.ufpel.edu.br\/biomolvet\/pessoas\/sthephani-alves-branco-camargo\/\">Sth\u00e9phani Alves Branco Camargo<\/a><\/div><div class=\"wpipessoa-funcao wpipessoa-fonte-italica\">Mestranda PPGMPAR <\/div><div class=\"wpipessoa-lattes\"><a href=\"https:\/\/lattes.cnpq.br\/1648331182883411\" target=\"_blank\">Lattes<\/a><\/div><div class=\"wpipessoa-site\"><a href=\"https:\/\/orcid.org\/0000-0003-1936-582X\" target=\"_blank\">Web<\/a><\/div><\/div><\/li><li class=\"wpipessoa-post clearfix\"><div class=\"wpipessoa-thumb\"><a href=\"https:\/\/wp.ufpel.edu.br\/biomolvet\/pessoas\/yan-wahast-islabao\/\"><img loading=\"lazy\" decoding=\"async\" width=\"200\" height=\"200\" src=\"https:\/\/wp.ufpel.edu.br\/biomolvet\/files\/2022\/10\/Yan-200x200.jpeg\" class=\"attachment-thumbnail size-thumbnail wp-post-image\" alt=\"\" \/><\/a><\/div><div class=\"wpipessoa-info\"><div class=\"wpipessoa-nome wpipessoa-fonte-grande\"><a href=\"https:\/\/wp.ufpel.edu.br\/biomolvet\/pessoas\/yan-wahast-islabao\/\">Yan Wahast Islab\u00e3o<\/a><\/div><div class=\"wpipessoa-funcao wpipessoa-fonte-italica\">Mestrando<\/div><div class=\"wpipessoa-lattes\"><a href=\"http:\/\/lattes.cnpq.br\/6348263217543893\" target=\"_blank\">Lattes<\/a><\/div><div class=\"wpipessoa-site\"><a href=\"https:\/\/orcid.org\/0000-0002-4513-8041\" target=\"_blank\">Web<\/a><\/div><\/div><\/li><\/ul>\n<ul class=\"wpipessoa-lista\"><li class=\"wpipessoa-post clearfix\"><div class=\"wpipessoa-thumb\"><a href=\"https:\/\/wp.ufpel.edu.br\/biomolvet\/pessoas\/marciele-costa-colvar\/\"><img loading=\"lazy\" decoding=\"async\" width=\"200\" height=\"200\" src=\"https:\/\/wp.ufpel.edu.br\/biomolvet\/files\/2022\/10\/Marciele-200x200.jpeg\" class=\"attachment-thumbnail size-thumbnail wp-post-image\" alt=\"\" \/><\/a><\/div><div class=\"wpipessoa-info\"><div class=\"wpipessoa-nome wpipessoa-fonte-grande\"><a href=\"https:\/\/wp.ufpel.edu.br\/biomolvet\/pessoas\/marciele-costa-colvar\/\">Marciele Costa Colvar<\/a><\/div><div class=\"wpipessoa-funcao wpipessoa-fonte-italica\">Bolsista de inicia\u00e7\u00e3o tecnol\u00f3gica e inova\u00e7\u00e3o<\/div><div class=\"wpipessoa-lattes\"><a href=\"http:\/\/lattes.cnpq.br\/5712741801835479\" target=\"_blank\">Lattes<\/a><\/div><div class=\"wpipessoa-site\"><a href=\"https:\/\/orcid.org\/0000-0001-6847-0955\" target=\"_blank\">Web<\/a><\/div><\/div><\/li><\/ul>\n<ul class=\"wpipessoa-lista\"><li class=\"wpipessoa-post clearfix\"><div class=\"wpipessoa-thumb\"><a href=\"https:\/\/wp.ufpel.edu.br\/biomolvet\/pessoas\/eduardo-grutzmann-furtado\/\"><img loading=\"lazy\" decoding=\"async\" width=\"200\" height=\"200\" src=\"https:\/\/wp.ufpel.edu.br\/biomolvet\/files\/2022\/10\/Eduardo-e1664987616160-200x200.jpeg\" class=\"attachment-thumbnail size-thumbnail wp-post-image\" alt=\"\" \/><\/a><\/div><div class=\"wpipessoa-info\"><div class=\"wpipessoa-nome wpipessoa-fonte-grande\"><a href=\"https:\/\/wp.ufpel.edu.br\/biomolvet\/pessoas\/eduardo-grutzmann-furtado\/\">Eduardo Grutzmann Furtado<\/a><\/div><div class=\"wpipessoa-funcao wpipessoa-fonte-italica\">Estagi\u00e1rio de inicia\u00e7\u00e3o cient\u00edfica<\/div><div class=\"wpipessoa-lattes\"><a href=\"http:\/\/lattes.cnpq.br\/8943351569726200\" target=\"_blank\">Lattes<\/a><\/div><div class=\"wpipessoa-site\"><a href=\"https:\/\/orcid.org\/0000-0003-1886-2904\" target=\"_blank\">Web<\/a><\/div><\/div><\/li><li class=\"wpipessoa-post clearfix\"><div class=\"wpipessoa-thumb\"><a href=\"https:\/\/wp.ufpel.edu.br\/biomolvet\/pessoas\/haniel-monteiro-carvalho\/\"><img loading=\"lazy\" decoding=\"async\" width=\"200\" height=\"200\" src=\"https:\/\/wp.ufpel.edu.br\/biomolvet\/files\/2022\/10\/Haniel-200x200.jpeg\" class=\"attachment-thumbnail size-thumbnail wp-post-image\" alt=\"\" \/><\/a><\/div><div class=\"wpipessoa-info\"><div class=\"wpipessoa-nome wpipessoa-fonte-grande\"><a href=\"https:\/\/wp.ufpel.edu.br\/biomolvet\/pessoas\/haniel-monteiro-carvalho\/\">Haniel Monteiro Carvalho<\/a><\/div><div class=\"wpipessoa-funcao wpipessoa-fonte-italica\">Estagi\u00e1ria de inicia\u00e7\u00e3o cient\u00edfica<\/div><div class=\"wpipessoa-lattes\"><a href=\"http:\/\/lattes.cnpq.br\/2622755840838565\" target=\"_blank\">Lattes<\/a><\/div><div class=\"wpipessoa-site\"><a href=\"https:\/\/orcid.org\/0000-0001-5089-0724\" target=\"_blank\">Web<\/a><\/div><\/div><\/li><li class=\"wpipessoa-post clearfix\"><div class=\"wpipessoa-thumb\"><a href=\"https:\/\/wp.ufpel.edu.br\/biomolvet\/pessoas\/lauren-netto-pujol\/\"><img loading=\"lazy\" decoding=\"async\" width=\"200\" height=\"200\" src=\"https:\/\/wp.ufpel.edu.br\/biomolvet\/files\/2022\/10\/Lauren-200x200.jpeg\" class=\"attachment-thumbnail size-thumbnail wp-post-image\" alt=\"\" \/><\/a><\/div><div class=\"wpipessoa-info\"><div class=\"wpipessoa-nome wpipessoa-fonte-grande\"><a href=\"https:\/\/wp.ufpel.edu.br\/biomolvet\/pessoas\/lauren-netto-pujol\/\">Lauren Netto Pujol<\/a><\/div><div class=\"wpipessoa-funcao wpipessoa-fonte-italica\">Estagi\u00e1ria de inicia\u00e7\u00e3o cient\u00edfica<\/div><div class=\"wpipessoa-lattes\"><a href=\"http:\/\/lattes.cnpq.br\/2255660948342727\" target=\"_blank\">Lattes<\/a><\/div><\/div><\/li><li class=\"wpipessoa-post clearfix\"><div class=\"wpipessoa-thumb\"><a href=\"https:\/\/wp.ufpel.edu.br\/biomolvet\/pessoas\/sara-da-silva-santiago\/\"><img loading=\"lazy\" decoding=\"async\" width=\"200\" height=\"200\" src=\"https:\/\/wp.ufpel.edu.br\/biomolvet\/files\/2022\/10\/Sara-200x200.jpeg\" class=\"attachment-thumbnail size-thumbnail wp-post-image\" alt=\"\" \/><\/a><\/div><div class=\"wpipessoa-info\"><div class=\"wpipessoa-nome wpipessoa-fonte-grande\"><a href=\"https:\/\/wp.ufpel.edu.br\/biomolvet\/pessoas\/sara-da-silva-santiago\/\">Sara da Silva Santiago<\/a><\/div><div class=\"wpipessoa-funcao wpipessoa-fonte-italica\">Estagi\u00e1ria de inicia\u00e7\u00e3o cient\u00edfica<\/div><div class=\"wpipessoa-lattes\"><a href=\"https:\/\/lattes.cnpq.br\/3894000427445134\" target=\"_blank\">Lattes<\/a><\/div><div class=\"wpipessoa-site\"><a href=\"https:\/\/orcid.org\/0000-0002-7217-8313\" target=\"_blank\">Web<\/a><\/div><\/div><\/li><\/ul>\n","protected":false},"excerpt":{"rendered":"<div class=\"wpipessoa-lista wpipessoa-info\">\n<div class=\"wpipessoa-funcao wpipessoa-fonte-italica\">Estagi\u00e1ria de inicia\u00e7\u00e3o cient\u00edfica<\/div>\n<\/div>\n","protected":false},"author":1095,"featured_media":0,"parent":0,"menu_order":0,"comment_status":"closed","ping_status":"closed","template":"","meta":{"footnotes":""},"class_list":["post-4","page","type-page","status-publish","hentry","nodate","item-wrap"],"_links":{"self":[{"href":"https:\/\/wp.ufpel.edu.br\/biomolvet\/wp-json\/wp\/v2\/pages\/4","targetHints":{"allow":["GET"]}}],"collection":[{"href":"https:\/\/wp.ufpel.edu.br\/biomolvet\/wp-json\/wp\/v2\/pages"}],"about":[{"href":"https:\/\/wp.ufpel.edu.br\/biomolvet\/wp-json\/wp\/v2\/types\/page"}],"author":[{"embeddable":true,"href":"https:\/\/wp.ufpel.edu.br\/biomolvet\/wp-json\/wp\/v2\/users\/1095"}],"replies":[{"embeddable":true,"href":"https:\/\/wp.ufpel.edu.br\/biomolvet\/wp-json\/wp\/v2\/comments?post=4"}],"version-history":[{"count":5,"href":"https:\/\/wp.ufpel.edu.br\/biomolvet\/wp-json\/wp\/v2\/pages\/4\/revisions"}],"predecessor-version":[{"id":188,"href":"https:\/\/wp.ufpel.edu.br\/biomolvet\/wp-json\/wp\/v2\/pages\/4\/revisions\/188"}],"wp:attachment":[{"href":"https:\/\/wp.ufpel.edu.br\/biomolvet\/wp-json\/wp\/v2\/media?parent=4"}],"curies":[{"name":"wp","href":"https:\/\/api.w.org\/{rel}","templated":true}]}}