{"id":2,"date":"2020-10-30T14:12:11","date_gmt":"2020-10-30T17:12:11","guid":{"rendered":"https:\/\/wp.ufpel.edu.br\/biomolvet\/?page_id=2"},"modified":"2021-09-26T20:57:52","modified_gmt":"2021-09-26T23:57:52","slug":"publicacoes","status":"publish","type":"page","link":"https:\/\/wp.ufpel.edu.br\/biomolvet\/publicacoes\/","title":{"rendered":"Publica\u00e7\u00f5es"},"content":{"rendered":"<p>Artigos:<\/p>\n<p>&nbsp;<\/p>\n<p>Livros:<\/p>\n<p><a href=\"https:\/\/wp.ufpel.edu.br\/biomolvet\/files\/2021\/01\/Boas-Praticas-No-Manejo-Pre-Abate-De-Suinos.pdf\">Boas Pr\u00e1ticas No Manejo Pr\u00e9-Abate De Su\u00ednos<\/a><\/p>\n<p><a href=\"https:\/\/wp.ufpel.edu.br\/biomolvet\/files\/2021\/09\/O-que-sabes-sobre-Erliquiose-Canina.pdf\">O que sabes sobre Erliquiose Canina?<\/a><\/p>\n<p>&nbsp;<\/p>\n","protected":false},"excerpt":{"rendered":"<p>Artigos: &nbsp; Livros: Boas Pr\u00e1ticas No Manejo Pr\u00e9-Abate De Su\u00ednos O que sabes sobre Erliquiose Canina? &nbsp;<\/p>\n","protected":false},"author":1095,"featured_media":0,"parent":0,"menu_order":0,"comment_status":"closed","ping_status":"closed","template":"","meta":{"footnotes":""},"class_list":["post-2","page","type-page","status-publish","hentry","nodate","item-wrap"],"_links":{"self":[{"href":"https:\/\/wp.ufpel.edu.br\/biomolvet\/wp-json\/wp\/v2\/pages\/2","targetHints":{"allow":["GET"]}}],"collection":[{"href":"https:\/\/wp.ufpel.edu.br\/biomolvet\/wp-json\/wp\/v2\/pages"}],"about":[{"href":"https:\/\/wp.ufpel.edu.br\/biomolvet\/wp-json\/wp\/v2\/types\/page"}],"author":[{"embeddable":true,"href":"https:\/\/wp.ufpel.edu.br\/biomolvet\/wp-json\/wp\/v2\/users\/1095"}],"replies":[{"embeddable":true,"href":"https:\/\/wp.ufpel.edu.br\/biomolvet\/wp-json\/wp\/v2\/comments?post=2"}],"version-history":[{"count":4,"href":"https:\/\/wp.ufpel.edu.br\/biomolvet\/wp-json\/wp\/v2\/pages\/2\/revisions"}],"predecessor-version":[{"id":80,"href":"https:\/\/wp.ufpel.edu.br\/biomolvet\/wp-json\/wp\/v2\/pages\/2\/revisions\/80"}],"wp:attachment":[{"href":"https:\/\/wp.ufpel.edu.br\/biomolvet\/wp-json\/wp\/v2\/media?parent=2"}],"curies":[{"name":"wp","href":"https:\/\/api.w.org\/{rel}","templated":true}]}}