{"id":131,"date":"2022-10-03T11:38:20","date_gmt":"2022-10-03T14:38:20","guid":{"rendered":"https:\/\/wp.ufpel.edu.br\/biomolvet\/?page_id=131"},"modified":"2022-10-04T13:53:30","modified_gmt":"2022-10-04T16:53:30","slug":"linhas-de-pesquisa","status":"publish","type":"page","link":"https:\/\/wp.ufpel.edu.br\/biomolvet\/linhas-de-pesquisa\/","title":{"rendered":"Projetos e linhas de pesquisa"},"content":{"rendered":"<p><strong>Grupo de Pesquisa: Grupo de Estudos em Biologia Molecular veterin\u00e1ria<\/strong><\/p>\n<p><strong>\u00c1reas de atua\u00e7\u00e3o: Sa\u00fade \u00danica, Biologia Molecular, Diagn\u00f3stico Molecular, Medicina Veterin\u00e1ria<\/strong><\/p>\n<p>&nbsp;<\/p>\n<p><strong>Linhas de pesquisa:<\/strong><\/p>\n<p><strong>1-\u00a0 Biologia molecular aplicada ao desenvolvimento de derivados de origem animal.<\/strong><\/p>\n<p>Dispon\u00edvel em: http:\/\/dgp.cnpq.br\/dgp\/espelholinha\/74887051340166081143275<\/p>\n<p>&nbsp;<\/p>\n<p><strong>2- Desenvolvimento de ant\u00edgenos recombinantes para diagn\u00f3stico e vacina<\/strong><\/p>\n<p>Dispon\u00edvel em: http:\/\/dgp.cnpq.br\/dgp\/espelholinha\/74887051340166081143293<\/p>\n<p>&nbsp;<\/p>\n<p><strong>3- Desenvolvimento de microrganismos geneticamente modificados com propriedades probi\u00f3ticas, nutritivas e de biocontroladores<\/strong><\/p>\n<p>Dispon\u00edvel em: http:\/\/dgp.cnpq.br\/dgp\/espelholinha\/74887051340166081143315<\/p>\n<p>&nbsp;<\/p>\n<p><strong>4- Diagn\u00f3stico Molecular Veterin\u00e1rio<\/strong><\/p>\n<p>Dispon\u00edvel em:\u00a0 http:\/\/dgp.cnpq.br\/dgp\/espelholinha\/74887051340166081143253<\/p>\n<p>&nbsp;<\/p>\n<p>&nbsp;<\/p>\n<p><strong>Projetos:<\/strong><\/p>\n<p>1- Diagn\u00f3stico e identifica\u00e7\u00e3o de hemoparasitos em c\u00e3es e gatos<\/p>\n<p>2- Ehrlichia spp. em popula\u00e7\u00f5es caninas em Pelotas, Brasil, e Villavicencio, Col\u00f4mbia.<\/p>\n<p>3- PESQUISA SOBRE A PRESEN\u00c7A DE Toxoplasma gondii, Neospora caninum, Sarcocystis spp. e Trypanossoma spp. EM \u00d3RG\u00c3OS DE JAVALI (Sus scrofa).<\/p>\n<p>4- Incid\u00eancia de tuberculose bovina em carca\u00e7as inspecionadas pelo Servi\u00e7o de Inspe\u00e7\u00e3o do Estado do Rio Grande do Sul entre os anos de 2016 e 2020<\/p>\n<p>5- QIADAY &#8211; Descomplicando a Biologia Molecular<\/p>\n<p>6- Biologia molecular aplicada ao desenvolvimento de derivados de origem animal<\/p>\n<p>7- Desenvolvimento de vacina contra Rhipicephalus microplus<\/p>\n<p>8- Laborat\u00f3rio de Biologia Molecular Veterin\u00e1ria &#8211; LaBMol-Vet<\/p>\n<p>&nbsp;<\/p>\n","protected":false},"excerpt":{"rendered":"<p>Grupo de Pesquisa: Grupo de Estudos em Biologia Molecular veterin\u00e1ria \u00c1reas de atua\u00e7\u00e3o: Sa\u00fade \u00danica, Biologia Molecular, Diagn\u00f3stico Molecular, Medicina Veterin\u00e1ria &nbsp; Linhas de pesquisa: 1-\u00a0 Biologia molecular aplicada ao desenvolvimento de derivados de origem animal. Dispon\u00edvel em: http:\/\/dgp.cnpq.br\/dgp\/espelholinha\/74887051340166081143275 &nbsp; 2- Desenvolvimento de ant\u00edgenos recombinantes para diagn\u00f3stico e vacina Dispon\u00edvel em: http:\/\/dgp.cnpq.br\/dgp\/espelholinha\/74887051340166081143293 &nbsp; 3- Desenvolvimento &hellip; <\/p>\n<p><a class=\"more-link btn\" href=\"https:\/\/wp.ufpel.edu.br\/biomolvet\/linhas-de-pesquisa\/\">Continue lendo<\/a><\/p>\n","protected":false},"author":1095,"featured_media":0,"parent":0,"menu_order":0,"comment_status":"closed","ping_status":"closed","template":"","meta":{"footnotes":""},"class_list":["post-131","page","type-page","status-publish","hentry","nodate","item-wrap"],"_links":{"self":[{"href":"https:\/\/wp.ufpel.edu.br\/biomolvet\/wp-json\/wp\/v2\/pages\/131","targetHints":{"allow":["GET"]}}],"collection":[{"href":"https:\/\/wp.ufpel.edu.br\/biomolvet\/wp-json\/wp\/v2\/pages"}],"about":[{"href":"https:\/\/wp.ufpel.edu.br\/biomolvet\/wp-json\/wp\/v2\/types\/page"}],"author":[{"embeddable":true,"href":"https:\/\/wp.ufpel.edu.br\/biomolvet\/wp-json\/wp\/v2\/users\/1095"}],"replies":[{"embeddable":true,"href":"https:\/\/wp.ufpel.edu.br\/biomolvet\/wp-json\/wp\/v2\/comments?post=131"}],"version-history":[{"count":4,"href":"https:\/\/wp.ufpel.edu.br\/biomolvet\/wp-json\/wp\/v2\/pages\/131\/revisions"}],"predecessor-version":[{"id":136,"href":"https:\/\/wp.ufpel.edu.br\/biomolvet\/wp-json\/wp\/v2\/pages\/131\/revisions\/136"}],"wp:attachment":[{"href":"https:\/\/wp.ufpel.edu.br\/biomolvet\/wp-json\/wp\/v2\/media?parent=131"}],"curies":[{"name":"wp","href":"https:\/\/api.w.org\/{rel}","templated":true}]}}