{"id":10,"date":"2020-11-03T16:59:24","date_gmt":"2020-11-03T19:59:24","guid":{"rendered":"https:\/\/wp.ufpel.edu.br\/biomolvet\/?page_id=10"},"modified":"2021-09-02T10:18:10","modified_gmt":"2021-09-02T13:18:10","slug":"gebmol-vet","status":"publish","type":"page","link":"https:\/\/wp.ufpel.edu.br\/biomolvet\/gebmol-vet\/","title":{"rendered":"GEBMol-Vet"},"content":{"rendered":"<p><img loading=\"lazy\" decoding=\"async\" class=\" wp-image-18 aligncenter\" src=\"https:\/\/wp.ufpel.edu.br\/biomolvet\/files\/2020\/11\/WhatsApp-Image-2020-11-01-at-16.03.06-e1604434577628-400x148.jpeg\" alt=\"\" width=\"641\" height=\"237\" srcset=\"https:\/\/wp.ufpel.edu.br\/biomolvet\/files\/2020\/11\/WhatsApp-Image-2020-11-01-at-16.03.06-e1604434577628-400x148.jpeg 400w, https:\/\/wp.ufpel.edu.br\/biomolvet\/files\/2020\/11\/WhatsApp-Image-2020-11-01-at-16.03.06-e1604434577628-1024x378.jpeg 1024w, https:\/\/wp.ufpel.edu.br\/biomolvet\/files\/2020\/11\/WhatsApp-Image-2020-11-01-at-16.03.06-e1604434577628-768x283.jpeg 768w, https:\/\/wp.ufpel.edu.br\/biomolvet\/files\/2020\/11\/WhatsApp-Image-2020-11-01-at-16.03.06-e1604434577628.jpeg 1187w\" sizes=\"auto, (max-width: 641px) 100vw, 641px\" \/><\/p>\n<p>&nbsp;<\/p>\n<p style=\"text-align: center\">Grupo de Estudos em Biologia Molecular Veterin\u00e1ria &#8211; GEBMol-Vet.<\/p>\n<p style=\"text-align: justify\">\u00a0 \u00a0 \u00a0 Tem como objetivo despertar o interesse dos alunos dos cursos de gradua\u00e7\u00e3o em Biologia, Biotecnologia, Medicina Veterin\u00e1ria, Zootecnia e demais \u00e1reas afins para a tem\u00e1tica do projeto, por meio da cria\u00e7\u00e3o de um canal no YouTube alimentado com v\u00eddeos curtos elaborados por discentes sobre ferramentas de biologia molecular e suas aplica\u00e7\u00f5es nas diversas \u00e1reas de atua\u00e7\u00e3o profissional.<\/p>\n<p><a href=\"http:\/\/dgp.cnpq.br\/dgp\/espelhogrupo\/674711\">Link<\/a> para o Diret\u00f3rio de Grupos de Pesquisa do CNPq.<\/p>\n<p><a href=\"https:\/\/wp.ufpel.edu.br\/biomolvet\/files\/2021\/09\/Regimento-de-participacao-GEBMol.pdf\">Regimento de participa\u00e7\u00e3o GEBMol<\/a><\/p>\n","protected":false},"excerpt":{"rendered":"<p>&nbsp; Grupo de Estudos em Biologia Molecular Veterin\u00e1ria &#8211; GEBMol-Vet. \u00a0 \u00a0 \u00a0 Tem como objetivo despertar o interesse dos alunos dos cursos de gradua\u00e7\u00e3o em Biologia, Biotecnologia, Medicina Veterin\u00e1ria, Zootecnia e demais \u00e1reas afins para a tem\u00e1tica do projeto, por meio da cria\u00e7\u00e3o de um canal no YouTube alimentado com v\u00eddeos curtos elaborados por &hellip; <\/p>\n<p><a class=\"more-link btn\" href=\"https:\/\/wp.ufpel.edu.br\/biomolvet\/gebmol-vet\/\">Continue lendo<\/a><\/p>\n","protected":false},"author":1095,"featured_media":0,"parent":0,"menu_order":0,"comment_status":"closed","ping_status":"closed","template":"","meta":{"footnotes":""},"class_list":["post-10","page","type-page","status-publish","hentry","nodate","item-wrap"],"_links":{"self":[{"href":"https:\/\/wp.ufpel.edu.br\/biomolvet\/wp-json\/wp\/v2\/pages\/10","targetHints":{"allow":["GET"]}}],"collection":[{"href":"https:\/\/wp.ufpel.edu.br\/biomolvet\/wp-json\/wp\/v2\/pages"}],"about":[{"href":"https:\/\/wp.ufpel.edu.br\/biomolvet\/wp-json\/wp\/v2\/types\/page"}],"author":[{"embeddable":true,"href":"https:\/\/wp.ufpel.edu.br\/biomolvet\/wp-json\/wp\/v2\/users\/1095"}],"replies":[{"embeddable":true,"href":"https:\/\/wp.ufpel.edu.br\/biomolvet\/wp-json\/wp\/v2\/comments?post=10"}],"version-history":[{"count":8,"href":"https:\/\/wp.ufpel.edu.br\/biomolvet\/wp-json\/wp\/v2\/pages\/10\/revisions"}],"predecessor-version":[{"id":73,"href":"https:\/\/wp.ufpel.edu.br\/biomolvet\/wp-json\/wp\/v2\/pages\/10\/revisions\/73"}],"wp:attachment":[{"href":"https:\/\/wp.ufpel.edu.br\/biomolvet\/wp-json\/wp\/v2\/media?parent=10"}],"curies":[{"name":"wp","href":"https:\/\/api.w.org\/{rel}","templated":true}]}}