{"id":2,"date":"2022-11-07T11:45:31","date_gmt":"2022-11-07T14:45:31","guid":{"rendered":"https:\/\/wp.ufpel.edu.br\/biomapampa\/?page_id=2"},"modified":"2022-11-21T08:49:43","modified_gmt":"2022-11-21T11:49:43","slug":"pagina-exemplo","status":"publish","type":"page","link":"https:\/\/wp.ufpel.edu.br\/biomapampa\/pagina-exemplo\/","title":{"rendered":"Semana Bioma Pampa"},"content":{"rendered":"\r\n<p class=\"wp-block-paragraph\">Texto retirado do site <a href=\"https:\/\/brasilescola.uol.com.br\/geografia\/pampas.htm\">Brasil Escola UOL<\/a>. Deve ser trocado!<\/p>\r\n<p>Pampa \u00e9 um bioma que se estende pelo sul da Am\u00e9rica do Sul, compreendendo \u00e1reas de clima subtropical \u00famido. No Brasil, os Pampas (ou campos sulinos) ocorrem somente no estado do Rio Grande do Sul, em uma \u00e1rea que equivale a 2% do territ\u00f3rio nacional.<\/p>\r\n<p>Assim como nas pradarias, os Pampas s\u00e3o formados por extensos terrenos planos ou suavemente ondulados, recobertos por gram\u00edneas e arbustos. Sua grande biodiversidade inclui v\u00e1rias esp\u00e9cies end\u00eamicas, como o sapinho-de-barriga-vermelha, na fauna, e o nhavanda\u00ed, representante da flora. Os problemas ambientais observados hoje nesse bioma, como a areniza\u00e7\u00e3o e compacta\u00e7\u00e3o do solo, s\u00e3o derivados do avan\u00e7o de atividades como a agropecu\u00e1ria.<\/p>\r\n","protected":false},"excerpt":{"rendered":"<p>Texto retirado do site Brasil Escola UOL. Deve ser trocado! Pampa \u00e9 um bioma que se estende pelo sul da Am\u00e9rica do Sul, compreendendo \u00e1reas de clima subtropical \u00famido. No Brasil, os Pampas (ou campos sulinos) ocorrem somente no estado do Rio Grande do Sul, em uma \u00e1rea que equivale a 2% do territ\u00f3rio nacional. [&hellip;]<\/p>\n","protected":false},"author":476,"featured_media":0,"parent":0,"menu_order":1,"comment_status":"closed","ping_status":"closed","template":"","meta":{"_crdt_document":"","footnotes":""},"class_list":["post-2","page","type-page","status-publish","hentry"],"_links":{"self":[{"href":"https:\/\/wp.ufpel.edu.br\/biomapampa\/wp-json\/wp\/v2\/pages\/2","targetHints":{"allow":["GET"]}}],"collection":[{"href":"https:\/\/wp.ufpel.edu.br\/biomapampa\/wp-json\/wp\/v2\/pages"}],"about":[{"href":"https:\/\/wp.ufpel.edu.br\/biomapampa\/wp-json\/wp\/v2\/types\/page"}],"author":[{"embeddable":true,"href":"https:\/\/wp.ufpel.edu.br\/biomapampa\/wp-json\/wp\/v2\/users\/476"}],"replies":[{"embeddable":true,"href":"https:\/\/wp.ufpel.edu.br\/biomapampa\/wp-json\/wp\/v2\/comments?post=2"}],"version-history":[{"count":4,"href":"https:\/\/wp.ufpel.edu.br\/biomapampa\/wp-json\/wp\/v2\/pages\/2\/revisions"}],"predecessor-version":[{"id":10,"href":"https:\/\/wp.ufpel.edu.br\/biomapampa\/wp-json\/wp\/v2\/pages\/2\/revisions\/10"}],"wp:attachment":[{"href":"https:\/\/wp.ufpel.edu.br\/biomapampa\/wp-json\/wp\/v2\/media?parent=2"}],"curies":[{"name":"wp","href":"https:\/\/api.w.org\/{rel}","templated":true}]}}