{"id":24,"date":"2015-11-10T09:29:32","date_gmt":"2015-11-10T11:29:32","guid":{"rendered":"https:\/\/wp.ufpel.edu.br\/bienalufpel\/?page_id=24"},"modified":"2015-11-17T18:39:56","modified_gmt":"2015-11-17T20:39:56","slug":"programacao-2","status":"publish","type":"page","link":"https:\/\/wp.ufpel.edu.br\/bienalufpel\/programacao-2\/","title":{"rendered":"Programa\u00e7\u00e3o"},"content":{"rendered":"<p><span style=\"color: #ff0000\"><strong><a href=\"https:\/\/wp.ufpel.edu.br\/bienalufpel\/files\/2015\/11\/Programa\u00e7\u00e3o.Completa-Bienal-Internacional-de-Arte-e-Cidadania.pdf\" target=\"_blank\">Programa\u00e7\u00e3o &#8211; Bienal Internacional de Arte e Cidadania<\/a><\/strong><\/span><\/p>\n<ul>\n<li>Os eventos com marca\u00e7\u00e3o em vermelho e azul conceder\u00e3o certificado.<\/li>\n<li>Linhas em azul &#8211; A\u00e7\u00f5es dos eventos integrados, a certifica\u00e7\u00e3o sai atrav\u00e9s deles mediante inscri\u00e7\u00e3o pr\u00e9via.<\/li>\n<li>Linhas em vermelho &#8211; A\u00e7\u00f5es que ser\u00e3o certificadas via Bienal. Os interessados dever\u00e3o participar de, pelo menos, oito (8) eventos certific\u00e1veis e a inscri\u00e7\u00e3o deve ser feita nesse endere\u00e7o: <a href=\"http:\/\/goo.gl\/forms\/NQIX2mzmrm\">http:\/\/goo.gl\/forms\/NQIX2mzmrm<\/a><\/li>\n<\/ul>\n<p>&nbsp;<\/p>\n<p><a href=\"https:\/\/wp.ufpel.edu.br\/bienalufpel\/files\/2015\/11\/rodap\u00e9.png\"><img loading=\"lazy\" decoding=\"async\" class=\"alignnone wp-image-99 size-full\" src=\"https:\/\/wp.ufpel.edu.br\/bienalufpel\/files\/2015\/11\/rodap\u00e9.png\" alt=\"\" width=\"11546\" height=\"3774\" srcset=\"https:\/\/wp.ufpel.edu.br\/bienalufpel\/files\/2015\/11\/rodap\u00e9.png 11546w, https:\/\/wp.ufpel.edu.br\/bienalufpel\/files\/2015\/11\/rodap\u00e9-212x69.png 212w, https:\/\/wp.ufpel.edu.br\/bienalufpel\/files\/2015\/11\/rodap\u00e9-424x139.png 424w, https:\/\/wp.ufpel.edu.br\/bienalufpel\/files\/2015\/11\/rodap\u00e9-500x163.png 500w\" sizes=\"auto, (max-width: 11546px) 100vw, 11546px\" \/><\/a><\/p>\n","protected":false},"excerpt":{"rendered":"<p>Programa\u00e7\u00e3o &#8211; Bienal Internacional de Arte e Cidadania Os eventos com marca\u00e7\u00e3o em vermelho e azul conceder\u00e3o certificado. Linhas em azul &#8211; A\u00e7\u00f5es dos eventos integrados, a certifica\u00e7\u00e3o sai atrav\u00e9s deles mediante inscri\u00e7\u00e3o pr\u00e9via. Linhas em vermelho &#8211; A\u00e7\u00f5es que &hellip; <a href=\"https:\/\/wp.ufpel.edu.br\/bienalufpel\/programacao-2\/\">Continue lendo <span class=\"meta-nav\">&rarr;<\/span><\/a><\/p>\n","protected":false},"author":585,"featured_media":0,"parent":0,"menu_order":0,"comment_status":"closed","ping_status":"closed","template":"","meta":{"footnotes":""},"class_list":["post-24","page","type-page","status-publish","hentry"],"_links":{"self":[{"href":"https:\/\/wp.ufpel.edu.br\/bienalufpel\/wp-json\/wp\/v2\/pages\/24","targetHints":{"allow":["GET"]}}],"collection":[{"href":"https:\/\/wp.ufpel.edu.br\/bienalufpel\/wp-json\/wp\/v2\/pages"}],"about":[{"href":"https:\/\/wp.ufpel.edu.br\/bienalufpel\/wp-json\/wp\/v2\/types\/page"}],"author":[{"embeddable":true,"href":"https:\/\/wp.ufpel.edu.br\/bienalufpel\/wp-json\/wp\/v2\/users\/585"}],"replies":[{"embeddable":true,"href":"https:\/\/wp.ufpel.edu.br\/bienalufpel\/wp-json\/wp\/v2\/comments?post=24"}],"version-history":[{"count":16,"href":"https:\/\/wp.ufpel.edu.br\/bienalufpel\/wp-json\/wp\/v2\/pages\/24\/revisions"}],"predecessor-version":[{"id":164,"href":"https:\/\/wp.ufpel.edu.br\/bienalufpel\/wp-json\/wp\/v2\/pages\/24\/revisions\/164"}],"wp:attachment":[{"href":"https:\/\/wp.ufpel.edu.br\/bienalufpel\/wp-json\/wp\/v2\/media?parent=24"}],"curies":[{"name":"wp","href":"https:\/\/api.w.org\/{rel}","templated":true}]}}