{"id":79,"date":"2013-12-18T19:36:46","date_gmt":"2013-12-18T21:36:46","guid":{"rendered":"https:\/\/wp.ufpel.edu.br\/bibesef\/?page_id=79"},"modified":"2013-12-18T20:37:26","modified_gmt":"2013-12-18T22:37:26","slug":"historico","status":"publish","type":"page","link":"https:\/\/wp.ufpel.edu.br\/bibesef\/coordenacao-3\/historico\/","title":{"rendered":"Hist\u00f3rico"},"content":{"rendered":"<h1><span style=\"font-size: large\"><strong>Hist\u00f3rico do Sistema de Bibliotecas<\/strong><\/span><\/h1>\n<section id=\"main\">\n<div>\n<div align=\"justify\">\n<p><b>A Coordenadoria de Bibliotecas da Universidade Federal de Pelotas (CBib\/UFPel)<\/b> \u00e9 o setor respons\u00e1vel pelo\u00a0Sistema de Bibliotecas (<b>SisBi<\/b>), ligado \u00e0 Vice-Reitoria. Teve sua origem no Estatuto e Regimento Geral da UFPel, aprovado em 1977, publicado no DOU (Di\u00e1rio Oficial da Uni\u00e3o) em 22 de abril do mesmo ano. Est\u00e1 localizada junto \u00e0s depend\u00eancias da Biblioteca do Campus Porto, tendo como principal atribui\u00e7\u00e3o a Administra\u00e7\u00e3o Central das Bibliotecas do SisBi\/UFPel, tanto t\u00e9cnica como administrativa. \u00c9 respons\u00e1vel tamb\u00e9m pela cria\u00e7\u00e3o e padroniza\u00e7\u00e3o de todos os servi\u00e7os, tendo como prioridade a manuten\u00e7\u00e3o da informatiza\u00e7\u00e3o das bibliotecas e a aquisi\u00e7\u00e3o de materiais bibliogr\u00e1ficos.<br \/>\nO surgimento das primeiras bibliotecas ligadas \u00e0 Universidade se d\u00e1 em 1969, quando foram criadas diversas Unidades Acad\u00eamicas e \u00f3rg\u00e3os suplementares \u00e0 Reitoria entre eles a <b>Biblioteca Central (BC)<\/b>, que s\u00f3 ficou no papel. Na d\u00e9cada inicial de sua cria\u00e7\u00e3o at\u00e9 1976, a Universidade manteve suas bibliotecas ligadas \u00e0s Unidades Acad\u00eamicas, entre elas: <b>Biblioteca da Faculdade de Agronomia \u201cEliseu Maciel\u201d; Biblioteca da Faculdade de Odontologia; Biblioteca da Faculdade de Direito; Biblioteca da Faculdade de Medicina; Biblioteca do Conjunto Agrot\u00e9cnico &#8220;Visconde da Gra\u00e7a&#8221;<\/b>. Neste mesmo ano, foi criada fisicamente a Biblioteca Central, atrav\u00e9s da Portaria 147\/76. Uma t\u00edmida sala localizada no Instituto de Ci\u00eancias Humanas, atual pr\u00e9dio do Centro de Biotecnologia no Campus do Cap\u00e3o do Le\u00e3o. Somente em fevereiro de 1978, o pr\u00e9dio projetado para as novas instala\u00e7\u00f5es da referida Biblioteca foi entregue, pois o mesmo estava sendo ocupado pelo Centro de Tradi\u00e7\u00f5es Ga\u00fachas (CTG) da Universidade. Neste mesmo ano s\u00e3o criadas tr\u00eas (3) novas bibliotecas, atrav\u00e9s de portarias: Portaria 275\/78, <b>Biblioteca Setorial de Educa\u00e7\u00e3o F\u00edsica<\/b>, Portaria 561\/78, <b>Biblioteca Setorial de Educa\u00e7\u00e3o<\/b> e Portaria 715\/78, <b>Biblioteca Setorial do Instituto de Ci\u00eancias Humanas<\/b>. Todas as bibliotecas da institui\u00e7\u00e3o passaram a ter um regimento \u00fanico, com a cria\u00e7\u00e3o do Sistema de Bibliotecas (SisBi\/UFPel).<br \/>\nEm 1982, a universidade passou por transforma\u00e7\u00f5es em sua estrutura organizacional, quando foi dissolvida a Biblioteca Central. Foi criado ent\u00e3o o Centro de Documenta\u00e7\u00e3o e Informa\u00e7\u00e3o (CDI) atrav\u00e9s da Portaria 310\/82, passando a funcionar no pr\u00e9dio da Reitoria. A Biblioteca Central e a Biblioteca da FAEM se unificaram e passaram a chamar-se Biblioteca do Campus, localizada no Cap\u00e3o do Le\u00e3o.<br \/>\nEm 1986, a Biblioteca do Campus, n\u00e3o suportando a defasagem em seu quadro de pessoal (um funcion\u00e1rio administrativo e seis bibliotec\u00e1rios), ao contr\u00e1rio do que se esperava (amplia\u00e7\u00e3o de seu quadro de pessoal), aconteceu o desmembramento da Biblioteca do Campus do Cap\u00e3o do Le\u00e3o em 11 bibliotecas setoriais. Seu funcionamento se deu em pequenas salas de aula, adaptadas para funcionar como bibliotecas, as quais n\u00e3o correspondiam ao desejado. Elas n\u00e3o passaram de salas de leitura. Os bibliotec\u00e1rios foram obrigados, em sua maioria, a atender duas destas salas em turnos diferentes. A decis\u00e3o imposta n\u00e3o levou em considera\u00e7\u00e3o que o problema estava instalado, falta de recursos humanos e que a grande necessidade do momento era refor\u00e7ar o quadro de funcion\u00e1rios da Biblioteca do Campus e n\u00e3o dissolv\u00ea-la. O SisBi\/UFPel passou a ser composto por dezenove (19) Bibliotecas (suspensa a terminologia Setorial): <b>Biblioteca de Agronomia; Biblioteca de Engenharia Agr\u00edcola; Biblioteca de Veterin\u00e1ria; Biblioteca de Qu\u00edmica e Geoci\u00eancias; Biblioteca de Nutri\u00e7\u00e3o; Biblioteca de F\u00edsica e Matem\u00e1tica; Biblioteca de Ci\u00eancias Dom\u00e9sticas; Biblioteca de Biologia; Biblioteca de Meteorologia; Biblioteca de Sociologia e Pol\u00edtica; Biblioteca de Arquitetura; Biblioteca de Medicina; Biblioteca de Odontologia; Biblioteca de Direito; Biblioteca de Educa\u00e7\u00e3o F\u00edsica; Biblioteca de Educa\u00e7\u00e3o; Biblioteca de Letras e Artes; Biblioteca de Ci\u00eancias Humanas; Biblioteca do Conjunto Agrot\u00e9cnico Visconde da Gra\u00e7a (CAVG)<\/b>.<br \/>\nEm 1989, ap\u00f3s passarem por grandes problemas para oferecer servi\u00e7os de qualidade, as bibliotecas tiveram a oportunidade, ao assumir uma nova Administra\u00e7\u00e3o Central, ver implantado um novo projeto, tendo como principais objetivos reunir novamente os acervos das pequenas salas de leitura e de implantar a informatiza\u00e7\u00e3o, atrav\u00e9s da cria\u00e7\u00e3o do cat\u00e1logo coletivo das bibliotecas e acesso a base de dados para pesquisa bibliogr\u00e1fica. Em 1990, foi concretizado o projeto de implanta\u00e7\u00e3o da informatiza\u00e7\u00e3o o qual passou por problemas estruturais se arrastou at\u00e9 meados do novo mil\u00eanio.<br \/>\nO Sistema de Bibliotecas, em 1991, iniciou uma nova etapa: reunir novamente os acervos decorrentes da nova reestrutura\u00e7\u00e3o aprovada pela Reitoria. Das onze (11) bibliotecas localizadas no Campus do Cap\u00e3o do Le\u00e3o, cinco (5) foram reunidas em uma nova, que passou a chamar-se <b>Biblioteca de Ci\u00eancia &amp; Tecnologia<\/b>, reunindo os acervos de: Biologia, Ci\u00eancias Dom\u00e9sticas, F\u00edsica e Matem\u00e1tica. Em 1992, acontece a reuni\u00e3o dos acervos dos Cursos Nutri\u00e7\u00e3o e Meteorologia. Foi apresentado o projeto de reuni\u00e3o de mais quatro Bibliotecas no Cap\u00e3o do Le\u00e3o, reunindo: Agronomia, Medicina Veterin\u00e1ria, Qu\u00edmica e Geoci\u00eancias, Engenharia Agr\u00edcola, para formar a <b>Biblioteca de Ci\u00eancias Agr\u00e1rias<\/b> no pr\u00e9dio da FAEM, na famosa sala de aula Maracan\u00e3, em 1994. O SisBi\/UFPel passou a ser composto por quinze (15) Bibliotecas.<br \/>\nEm 2000 foi inaugurada uma nova biblioteca, na cidade de Pelotas, Campus das Ci\u00eancias Sociais, formada da reuni\u00e3o dos acervos das Bibliotecas de Educa\u00e7\u00e3o, Sociologia e Pol\u00edtica, Arquitetura, Letras e Artes e Ci\u00eancias Humanas, denominada Biblioteca de Ci\u00eancias Sociais. O SisBi\/UFPel passa a ser composto por oito (8) Bibliotecas: <b>Biblioteca de Ci\u00eancia e Tecnologia; Biblioteca de Ci\u00eancias Agr\u00e1rias; Biblioteca de Ci\u00eancias Sociais; Biblioteca de Medicina; Biblioteca de Odontologia; Biblioteca do Direito; Biblioteca de Educa\u00e7\u00e3o F\u00edsica; Biblioteca Agrot\u00e9cnica<\/b>.<br \/>\nEm 2002, teve in\u00edcio um novo projeto para informatiza\u00e7\u00e3o das bibliotecas com a cria\u00e7\u00e3o do software BibNET (Bibliotecas da UFPel na Internet). O projeto come\u00e7ou a tomar forma a partir de 2003, com os estudos do formato da entrada de dados (MARC21). Alguns m\u00f3dulos foram lan\u00e7ados em 2005 como: cadastro do acervo, disponibilizado aos bibliotec\u00e1rios e consulta ao acervo, \u00e0 comunidade universit\u00e1ria.<br \/>\nEm 2008, o projeto de informatiza\u00e7\u00e3o das bibliotecas n\u00e3o recebeu por parte da Administra\u00e7\u00e3o Central e do Centro de Inform\u00e1tica da UFPel a devida import\u00e2ncia e prioridades necess\u00e1rias. Em 2009, foi tomada a decis\u00e3o de abandonar o projeto de desenvolvimento, na institui\u00e7\u00e3o, do software para gerenciamento das bibliotecas e um novo estudo se iniciou para a compra de um software pronto. Foi extinta a Divis\u00e3o de Bibliotecas que passou a chamar-se N\u00facleo de Bibliotecas atrav\u00e9s da Portaria 522\/2009.<br \/>\nEm 2010, a Biblioteca do CAVG passou para o Instituto Federal de\u00a0 Educa\u00e7\u00e3o, Ci\u00eancia e Tecnologia Sul-Rio-Grandense (IFSul) e uma nova biblioteca, <b>Biblioteca do Campus Porto (BCP)<\/b> foi agregada ao Sistema de Bibliotecas.<br \/>\nEm 2012, foi inaugurada a <b>Biblioteca do Lyceu<\/b> (reuni\u00e3o dos acervos do Prof. Mario Os\u00f3rio Magalh\u00e3es, Rela\u00e7\u00f5es Internacionais e Hotelaria) com a proposta de sediar um novo espa\u00e7o no antigo Lyceu.<br \/>\nEm 2013, passou a chamar-se <b>Coordenadoria de Bibliotecas (CBib\/UFPel)<\/b>, ligada \u00e0 Vice-Reitoria, respons\u00e1vel pelas atividades propostas para o Sistema de Bibliotecas, que composto atualmente por nove (9) bibliotecas: <b>Biblioteca de Ci\u00eancia &amp; Tecnologia (BCT); Biblioteca de Ci\u00eancias Agr\u00e1rias (BCA); Biblioteca de Ci\u00eancias Sociais (BCS); Biblioteca de Direito (BD); Biblioteca de Educa\u00e7\u00e3o F\u00edsica (BEF); Biblioteca de Medicina (BibMed); Biblioteca de Odontologia (BO);Biblioteca do Campus Porto (BCP); Biblioteca do Lyceu (BL)<\/b>.<\/p>\n<p>Fonte:\u00a0 <span style=\"font-size: small\">GIUSTI, Carmen L\u00facia Lobo. <b>Estudo para cria\u00e7\u00e3o da Biblioteca Retrospectiva no Sistema de Bibliotecas da Universidade Federal de Pelotas<\/b>: lugar para a mem\u00f3ria bibliogr\u00e1fica. 2012. 150f. Disserta\u00e7\u00e3o (Mestrado) &#8211; Programa de P\u00f3s-Gradua\u00e7\u00e3o em Mem\u00f3ria Social e Patrim\u00f4nio Cultural, Instituto de Ci\u00eancias Humanas, Universidade Federal de Pelotas.<\/span><\/p>\n<\/div>\n<\/div>\n<\/section>\n","protected":false},"excerpt":{"rendered":"<p>Hist\u00f3rico do Sistema de Bibliotecas A Coordenadoria de Bibliotecas da Universidade Federal de Pelotas (CBib\/UFPel) \u00e9 o setor respons\u00e1vel pelo\u00a0Sistema de Bibliotecas (SisBi), ligado \u00e0 Vice-Reitoria. Teve sua origem no Estatuto e Regimento Geral da UFPel, aprovado em 1977, publicado no DOU (Di\u00e1rio Oficial da Uni\u00e3o) em 22 de abril do mesmo ano. Est\u00e1 localizada [&hellip;]<\/p>\n","protected":false},"author":168,"featured_media":0,"parent":76,"menu_order":1,"comment_status":"closed","ping_status":"closed","template":"","meta":{"footnotes":""},"class_list":["post-79","page","type-page","status-publish","hentry"],"_links":{"self":[{"href":"https:\/\/wp.ufpel.edu.br\/bibesef\/wp-json\/wp\/v2\/pages\/79","targetHints":{"allow":["GET"]}}],"collection":[{"href":"https:\/\/wp.ufpel.edu.br\/bibesef\/wp-json\/wp\/v2\/pages"}],"about":[{"href":"https:\/\/wp.ufpel.edu.br\/bibesef\/wp-json\/wp\/v2\/types\/page"}],"author":[{"embeddable":true,"href":"https:\/\/wp.ufpel.edu.br\/bibesef\/wp-json\/wp\/v2\/users\/168"}],"replies":[{"embeddable":true,"href":"https:\/\/wp.ufpel.edu.br\/bibesef\/wp-json\/wp\/v2\/comments?post=79"}],"version-history":[{"count":7,"href":"https:\/\/wp.ufpel.edu.br\/bibesef\/wp-json\/wp\/v2\/pages\/79\/revisions"}],"predecessor-version":[{"id":116,"href":"https:\/\/wp.ufpel.edu.br\/bibesef\/wp-json\/wp\/v2\/pages\/79\/revisions\/116"}],"up":[{"embeddable":true,"href":"https:\/\/wp.ufpel.edu.br\/bibesef\/wp-json\/wp\/v2\/pages\/76"}],"wp:attachment":[{"href":"https:\/\/wp.ufpel.edu.br\/bibesef\/wp-json\/wp\/v2\/media?parent=79"}],"curies":[{"name":"wp","href":"https:\/\/api.w.org\/{rel}","templated":true}]}}