{"id":148,"date":"2013-12-18T21:13:14","date_gmt":"2013-12-18T23:13:14","guid":{"rendered":"https:\/\/wp.ufpel.edu.br\/bibesef\/?page_id=148"},"modified":"2013-12-18T21:13:14","modified_gmt":"2013-12-18T23:13:14","slug":"catalogacao-na-fonte-para-trabalhos-academicos","status":"publish","type":"page","link":"https:\/\/wp.ufpel.edu.br\/bibesef\/servicos-2\/catalogacao-na-fonte-para-trabalhos-academicos\/","title":{"rendered":"Cataloga\u00e7\u00e3o na Fonte para Trabalhos Acad\u00eamicos"},"content":{"rendered":"","protected":false},"excerpt":{"rendered":"","protected":false},"author":168,"featured_media":0,"parent":70,"menu_order":2,"comment_status":"closed","ping_status":"closed","template":"","meta":{"footnotes":""},"class_list":["post-148","page","type-page","status-publish","hentry"],"_links":{"self":[{"href":"https:\/\/wp.ufpel.edu.br\/bibesef\/wp-json\/wp\/v2\/pages\/148","targetHints":{"allow":["GET"]}}],"collection":[{"href":"https:\/\/wp.ufpel.edu.br\/bibesef\/wp-json\/wp\/v2\/pages"}],"about":[{"href":"https:\/\/wp.ufpel.edu.br\/bibesef\/wp-json\/wp\/v2\/types\/page"}],"author":[{"embeddable":true,"href":"https:\/\/wp.ufpel.edu.br\/bibesef\/wp-json\/wp\/v2\/users\/168"}],"replies":[{"embeddable":true,"href":"https:\/\/wp.ufpel.edu.br\/bibesef\/wp-json\/wp\/v2\/comments?post=148"}],"version-history":[{"count":1,"href":"https:\/\/wp.ufpel.edu.br\/bibesef\/wp-json\/wp\/v2\/pages\/148\/revisions"}],"predecessor-version":[{"id":149,"href":"https:\/\/wp.ufpel.edu.br\/bibesef\/wp-json\/wp\/v2\/pages\/148\/revisions\/149"}],"up":[{"embeddable":true,"href":"https:\/\/wp.ufpel.edu.br\/bibesef\/wp-json\/wp\/v2\/pages\/70"}],"wp:attachment":[{"href":"https:\/\/wp.ufpel.edu.br\/bibesef\/wp-json\/wp\/v2\/media?parent=148"}],"curies":[{"name":"wp","href":"https:\/\/api.w.org\/{rel}","templated":true}]}}