{"id":134,"date":"2013-12-18T21:03:13","date_gmt":"2013-12-18T23:03:13","guid":{"rendered":"https:\/\/wp.ufpel.edu.br\/bibesef\/?page_id=134"},"modified":"2013-12-18T21:03:13","modified_gmt":"2013-12-18T23:03:13","slug":"educacao-fisica","status":"publish","type":"page","link":"https:\/\/wp.ufpel.edu.br\/bibesef\/bibliotecas-3\/educacao-fisica\/","title":{"rendered":"Educa\u00e7\u00e3o F\u00edsica"},"content":{"rendered":"","protected":false},"excerpt":{"rendered":"","protected":false},"author":168,"featured_media":0,"parent":72,"menu_order":6,"comment_status":"closed","ping_status":"closed","template":"","meta":{"footnotes":""},"class_list":["post-134","page","type-page","status-publish","hentry"],"_links":{"self":[{"href":"https:\/\/wp.ufpel.edu.br\/bibesef\/wp-json\/wp\/v2\/pages\/134","targetHints":{"allow":["GET"]}}],"collection":[{"href":"https:\/\/wp.ufpel.edu.br\/bibesef\/wp-json\/wp\/v2\/pages"}],"about":[{"href":"https:\/\/wp.ufpel.edu.br\/bibesef\/wp-json\/wp\/v2\/types\/page"}],"author":[{"embeddable":true,"href":"https:\/\/wp.ufpel.edu.br\/bibesef\/wp-json\/wp\/v2\/users\/168"}],"replies":[{"embeddable":true,"href":"https:\/\/wp.ufpel.edu.br\/bibesef\/wp-json\/wp\/v2\/comments?post=134"}],"version-history":[{"count":1,"href":"https:\/\/wp.ufpel.edu.br\/bibesef\/wp-json\/wp\/v2\/pages\/134\/revisions"}],"predecessor-version":[{"id":135,"href":"https:\/\/wp.ufpel.edu.br\/bibesef\/wp-json\/wp\/v2\/pages\/134\/revisions\/135"}],"up":[{"embeddable":true,"href":"https:\/\/wp.ufpel.edu.br\/bibesef\/wp-json\/wp\/v2\/pages\/72"}],"wp:attachment":[{"href":"https:\/\/wp.ufpel.edu.br\/bibesef\/wp-json\/wp\/v2\/media?parent=134"}],"curies":[{"name":"wp","href":"https:\/\/api.w.org\/{rel}","templated":true}]}}