{"id":90,"date":"2023-12-05T10:39:01","date_gmt":"2023-12-05T13:39:01","guid":{"rendered":"https:\/\/wp.ufpel.edu.br\/bdescolaspelotas\/?page_id=90"},"modified":"2023-12-05T10:40:09","modified_gmt":"2023-12-05T13:40:09","slug":"e-m-e-f-almirante-jose-saldanha-da-gama","status":"publish","type":"page","link":"https:\/\/wp.ufpel.edu.br\/bdescolaspelotas\/escolasmunicipais\/emefs\/e-m-e-f-almirante-jose-saldanha-da-gama\/","title":{"rendered":"E.M.E.F. Almirante Jos\u00e9 Saldanha da Gama"},"content":{"rendered":"<p><b>Nome: <\/b>E.M.E.F. Almirante Jos\u00e9 Saldanha da Gama<\/p>\n<p><span style=\"font-weight: 400;\"><strong>Diretor(a):<\/strong> Miriam Schuwanz Oliveira<\/span><\/p>\n<p><span style=\"font-weight: 400;\"><strong>Endere\u00e7o:<\/strong> Jos\u00e9 Faustini , 341 , Bairro: Bom Jesus<\/span><\/p>\n<p><span style=\"font-weight: 400;\"><strong>Telefone:<\/strong> 053-32288040<\/span><\/p>\n<p><strong>E-mail: <\/strong><a href=\"mailto:gamasaldanha@yahoo.com.br\"><span style=\"font-weight: 400;\">gamasaldanha@yahoo.com.br<\/span><\/a><\/p>\n<p><span style=\"font-weight: 400;\"><strong>Servi\u00e7os:<\/strong> Atendimento a alunos de Educa\u00e7\u00e3o Infantil( pr\u00e9 1 e 2), Ensino Fundamental (1\u00ba a 9\u00ba ano) e EJA (Educa\u00e7\u00e3o para Jovens e Adultos) total de 561 alunos em out\/2022, sendo 39 de pr\u00e9 escola, 448 alunos da Ens. fund. e 74 da EJA.<\/span><\/p>\n","protected":false},"excerpt":{"rendered":"<p>Nome: E.M.E.F. Almirante Jos\u00e9 Saldanha da Gama Diretor(a): Miriam Schuwanz Oliveira Endere\u00e7o: Jos\u00e9 Faustini , 341 , Bairro: Bom Jesus Telefone: 053-32288040 E-mail: gamasaldanha@yahoo.com.br Servi\u00e7os: Atendimento a alunos de Educa\u00e7\u00e3o Infantil( pr\u00e9 1 e 2), Ensino Fundamental (1\u00ba a 9\u00ba&#8230; <a class=\"more-link\" href=\"https:\/\/wp.ufpel.edu.br\/bdescolaspelotas\/escolasmunicipais\/emefs\/e-m-e-f-almirante-jose-saldanha-da-gama\/\">Continue lendo &rarr;<\/a><\/p>\n","protected":false},"author":1334,"featured_media":0,"parent":46,"menu_order":0,"comment_status":"closed","ping_status":"closed","template":"","meta":{"footnotes":""},"class_list":["post-90","page","type-page","status-publish","hentry"],"jetpack_sharing_enabled":true,"_links":{"self":[{"href":"https:\/\/wp.ufpel.edu.br\/bdescolaspelotas\/wp-json\/wp\/v2\/pages\/90","targetHints":{"allow":["GET"]}}],"collection":[{"href":"https:\/\/wp.ufpel.edu.br\/bdescolaspelotas\/wp-json\/wp\/v2\/pages"}],"about":[{"href":"https:\/\/wp.ufpel.edu.br\/bdescolaspelotas\/wp-json\/wp\/v2\/types\/page"}],"author":[{"embeddable":true,"href":"https:\/\/wp.ufpel.edu.br\/bdescolaspelotas\/wp-json\/wp\/v2\/users\/1334"}],"replies":[{"embeddable":true,"href":"https:\/\/wp.ufpel.edu.br\/bdescolaspelotas\/wp-json\/wp\/v2\/comments?post=90"}],"version-history":[{"count":1,"href":"https:\/\/wp.ufpel.edu.br\/bdescolaspelotas\/wp-json\/wp\/v2\/pages\/90\/revisions"}],"predecessor-version":[{"id":92,"href":"https:\/\/wp.ufpel.edu.br\/bdescolaspelotas\/wp-json\/wp\/v2\/pages\/90\/revisions\/92"}],"up":[{"embeddable":true,"href":"https:\/\/wp.ufpel.edu.br\/bdescolaspelotas\/wp-json\/wp\/v2\/pages\/46"}],"wp:attachment":[{"href":"https:\/\/wp.ufpel.edu.br\/bdescolaspelotas\/wp-json\/wp\/v2\/media?parent=90"}],"curies":[{"name":"wp","href":"https:\/\/api.w.org\/{rel}","templated":true}]}}