{"id":83,"date":"2023-12-05T10:35:36","date_gmt":"2023-12-05T13:35:36","guid":{"rendered":"https:\/\/wp.ufpel.edu.br\/bdescolaspelotas\/?page_id=83"},"modified":"2023-12-05T10:36:56","modified_gmt":"2023-12-05T13:36:56","slug":"e-m-e-f-afonso-vizeu","status":"publish","type":"page","link":"https:\/\/wp.ufpel.edu.br\/bdescolaspelotas\/escolasmunicipais\/emefs\/e-m-e-f-afonso-vizeu\/","title":{"rendered":"E.M.E.F. Afonso Vizeu"},"content":{"rendered":"<p><strong>Nome:<\/strong> E.M.E.F. Afonso Vizeu<\/p>\n<p><span class=\"w8qArf\"><strong>Endere\u00e7o:<\/strong> Rua <span style=\"font-weight: 400;\">Francisco Moreira , 285 , Bairro: Areal<\/span><\/span><\/p>\n<p><strong>Telefone: <\/strong>053-<strong><span style=\"font-weight: 400;\">32280697<\/span><\/strong><\/p>\n<p><strong>Diretor(a): <span style=\"font-weight: 400;\">Alessandra Zechlinski Gusm\u00e3o<\/span><\/strong><\/p>\n<p><strong>Email:\u00a0<\/strong><a href=\"mailto:afonso.vizeu@hotmail.com\"><span style=\"font-weight: 400;\">afonso.vizeu@hotmail.com<\/span><\/a><\/p>\n<p><strong>Informa\u00e7\u00f5es: <\/strong><span style=\"font-weight: 400;\">Atendimento a alunos de Educa\u00e7\u00e3o Infantil (pr\u00e9 1 e 2) e Ensino Fundamental (1\u00ba \u00e0 9\u00baano) total de 608 alunos em 10\/2022 sendo 65 de pr\u00e9 escolar e 543 de ensino fundamental.<\/span><\/p>\n","protected":false},"excerpt":{"rendered":"<p>Nome: E.M.E.F. Afonso Vizeu Endere\u00e7o: Rua Francisco Moreira , 285 , Bairro: Areal Telefone: 053-32280697 Diretor(a): Alessandra Zechlinski Gusm\u00e3o Email:\u00a0afonso.vizeu@hotmail.com Informa\u00e7\u00f5es: Atendimento a alunos de Educa\u00e7\u00e3o Infantil (pr\u00e9 1 e 2) e Ensino Fundamental (1\u00ba \u00e0 9\u00baano) total de 608&#8230; <a class=\"more-link\" href=\"https:\/\/wp.ufpel.edu.br\/bdescolaspelotas\/escolasmunicipais\/emefs\/e-m-e-f-afonso-vizeu\/\">Continue lendo &rarr;<\/a><\/p>\n","protected":false},"author":1334,"featured_media":0,"parent":46,"menu_order":0,"comment_status":"closed","ping_status":"closed","template":"","meta":{"footnotes":""},"class_list":["post-83","page","type-page","status-publish","hentry"],"jetpack_sharing_enabled":true,"_links":{"self":[{"href":"https:\/\/wp.ufpel.edu.br\/bdescolaspelotas\/wp-json\/wp\/v2\/pages\/83","targetHints":{"allow":["GET"]}}],"collection":[{"href":"https:\/\/wp.ufpel.edu.br\/bdescolaspelotas\/wp-json\/wp\/v2\/pages"}],"about":[{"href":"https:\/\/wp.ufpel.edu.br\/bdescolaspelotas\/wp-json\/wp\/v2\/types\/page"}],"author":[{"embeddable":true,"href":"https:\/\/wp.ufpel.edu.br\/bdescolaspelotas\/wp-json\/wp\/v2\/users\/1334"}],"replies":[{"embeddable":true,"href":"https:\/\/wp.ufpel.edu.br\/bdescolaspelotas\/wp-json\/wp\/v2\/comments?post=83"}],"version-history":[{"count":2,"href":"https:\/\/wp.ufpel.edu.br\/bdescolaspelotas\/wp-json\/wp\/v2\/pages\/83\/revisions"}],"predecessor-version":[{"id":86,"href":"https:\/\/wp.ufpel.edu.br\/bdescolaspelotas\/wp-json\/wp\/v2\/pages\/83\/revisions\/86"}],"up":[{"embeddable":true,"href":"https:\/\/wp.ufpel.edu.br\/bdescolaspelotas\/wp-json\/wp\/v2\/pages\/46"}],"wp:attachment":[{"href":"https:\/\/wp.ufpel.edu.br\/bdescolaspelotas\/wp-json\/wp\/v2\/media?parent=83"}],"curies":[{"name":"wp","href":"https:\/\/api.w.org\/{rel}","templated":true}]}}