{"id":438,"date":"2024-03-14T15:27:59","date_gmt":"2024-03-14T18:27:59","guid":{"rendered":"https:\/\/wp.ufpel.edu.br\/bdescolaspelotas\/?page_id=438"},"modified":"2024-03-14T15:27:59","modified_gmt":"2024-03-14T18:27:59","slug":"colegio-estadual-dom-joao-braga","status":"publish","type":"page","link":"https:\/\/wp.ufpel.edu.br\/bdescolaspelotas\/escolas-estaduais\/colegio-estadual-dom-joao-braga\/","title":{"rendered":"Col\u00e9gio Estadual Dom Jo\u00e3o Braga"},"content":{"rendered":"<p>Col\u00e9gio Estadual Dom Jo\u00e3o Braga<\/p>\n<p><span style=\"font-weight: 400;\">R Bento Martins, 1656<\/span><\/p>\n<p><span style=\"font-weight: 400;\">Centro<\/span><\/p>\n<p><span style=\"font-weight: 400;\">CEP: 96010-430<\/span><\/p>\n<p><span style=\"font-weight: 400;\">Pelotas, RS.<\/span><\/p>\n","protected":false},"excerpt":{"rendered":"<p>Col\u00e9gio Estadual Dom Jo\u00e3o Braga R Bento Martins, 1656 Centro CEP: 96010-430 Pelotas, RS.<\/p>\n","protected":false},"author":1334,"featured_media":0,"parent":405,"menu_order":0,"comment_status":"closed","ping_status":"closed","template":"","meta":{"footnotes":""},"class_list":["post-438","page","type-page","status-publish","hentry"],"jetpack_sharing_enabled":true,"_links":{"self":[{"href":"https:\/\/wp.ufpel.edu.br\/bdescolaspelotas\/wp-json\/wp\/v2\/pages\/438","targetHints":{"allow":["GET"]}}],"collection":[{"href":"https:\/\/wp.ufpel.edu.br\/bdescolaspelotas\/wp-json\/wp\/v2\/pages"}],"about":[{"href":"https:\/\/wp.ufpel.edu.br\/bdescolaspelotas\/wp-json\/wp\/v2\/types\/page"}],"author":[{"embeddable":true,"href":"https:\/\/wp.ufpel.edu.br\/bdescolaspelotas\/wp-json\/wp\/v2\/users\/1334"}],"replies":[{"embeddable":true,"href":"https:\/\/wp.ufpel.edu.br\/bdescolaspelotas\/wp-json\/wp\/v2\/comments?post=438"}],"version-history":[{"count":1,"href":"https:\/\/wp.ufpel.edu.br\/bdescolaspelotas\/wp-json\/wp\/v2\/pages\/438\/revisions"}],"predecessor-version":[{"id":440,"href":"https:\/\/wp.ufpel.edu.br\/bdescolaspelotas\/wp-json\/wp\/v2\/pages\/438\/revisions\/440"}],"up":[{"embeddable":true,"href":"https:\/\/wp.ufpel.edu.br\/bdescolaspelotas\/wp-json\/wp\/v2\/pages\/405"}],"wp:attachment":[{"href":"https:\/\/wp.ufpel.edu.br\/bdescolaspelotas\/wp-json\/wp\/v2\/media?parent=438"}],"curies":[{"name":"wp","href":"https:\/\/api.w.org\/{rel}","templated":true}]}}