{"id":431,"date":"2024-03-14T15:23:30","date_gmt":"2024-03-14T18:23:30","guid":{"rendered":"https:\/\/wp.ufpel.edu.br\/bdescolaspelotas\/?page_id=431"},"modified":"2024-03-14T15:23:30","modified_gmt":"2024-03-14T18:23:30","slug":"instituto-estadual-de-educacao-assis-brasil","status":"publish","type":"page","link":"https:\/\/wp.ufpel.edu.br\/bdescolaspelotas\/escolas-estaduais\/instituto-estadual-de-educacao-assis-brasil\/","title":{"rendered":"Instituto Estadual de Educa\u00e7\u00e3o Assis Brasil"},"content":{"rendered":"<p><b>Instituto Estadual de Educa\u00e7\u00e3o Assis Brasil<\/b><\/p>\n<p><span style=\"font-weight: 400;\">R Antonio dos Anjos, 296<\/span><\/p>\n<p><span style=\"font-weight: 400;\">Centro<\/span><\/p>\n<p><span style=\"font-weight: 400;\">CEP: 96020-700<\/span><\/p>\n<p><span style=\"font-weight: 400;\">Pelotas, RS.<\/span><\/p>\n","protected":false},"excerpt":{"rendered":"<p>Instituto Estadual de Educa\u00e7\u00e3o Assis Brasil R Antonio dos Anjos, 296 Centro CEP: 96020-700 Pelotas, RS.<\/p>\n","protected":false},"author":1334,"featured_media":0,"parent":405,"menu_order":0,"comment_status":"closed","ping_status":"closed","template":"","meta":{"footnotes":""},"class_list":["post-431","page","type-page","status-publish","hentry"],"jetpack_sharing_enabled":true,"_links":{"self":[{"href":"https:\/\/wp.ufpel.edu.br\/bdescolaspelotas\/wp-json\/wp\/v2\/pages\/431","targetHints":{"allow":["GET"]}}],"collection":[{"href":"https:\/\/wp.ufpel.edu.br\/bdescolaspelotas\/wp-json\/wp\/v2\/pages"}],"about":[{"href":"https:\/\/wp.ufpel.edu.br\/bdescolaspelotas\/wp-json\/wp\/v2\/types\/page"}],"author":[{"embeddable":true,"href":"https:\/\/wp.ufpel.edu.br\/bdescolaspelotas\/wp-json\/wp\/v2\/users\/1334"}],"replies":[{"embeddable":true,"href":"https:\/\/wp.ufpel.edu.br\/bdescolaspelotas\/wp-json\/wp\/v2\/comments?post=431"}],"version-history":[{"count":1,"href":"https:\/\/wp.ufpel.edu.br\/bdescolaspelotas\/wp-json\/wp\/v2\/pages\/431\/revisions"}],"predecessor-version":[{"id":433,"href":"https:\/\/wp.ufpel.edu.br\/bdescolaspelotas\/wp-json\/wp\/v2\/pages\/431\/revisions\/433"}],"up":[{"embeddable":true,"href":"https:\/\/wp.ufpel.edu.br\/bdescolaspelotas\/wp-json\/wp\/v2\/pages\/405"}],"wp:attachment":[{"href":"https:\/\/wp.ufpel.edu.br\/bdescolaspelotas\/wp-json\/wp\/v2\/media?parent=431"}],"curies":[{"name":"wp","href":"https:\/\/api.w.org\/{rel}","templated":true}]}}