{"id":4,"date":"2023-10-03T19:06:41","date_gmt":"2023-10-03T22:06:41","guid":{"rendered":"https:\/\/wp.ufpel.edu.br\/bdescolaspelotas\/?page_id=4"},"modified":"2024-03-14T09:32:01","modified_gmt":"2024-03-14T12:32:01","slug":"escolasmunicipais","status":"publish","type":"page","link":"https:\/\/wp.ufpel.edu.br\/bdescolaspelotas\/escolasmunicipais\/","title":{"rendered":"ESCOLAS MUNICIPAIS"},"content":{"rendered":"<p>As escolas cadastradas no banco de dados est\u00e3o separadas por categorias de acordo com suas atribui\u00e7\u00f5es:<\/p>\n<p><strong><a href=\"https:\/\/wp.ufpel.edu.br\/bdescolaspelotas\/escolas\/emeis\/\">EMEIs<\/a><\/strong><\/p>\n<p><a href=\"https:\/\/wp.ufpel.edu.br\/bdescolaspelotas\/escolas\/emefs\/\"><strong>EMEFs<\/strong><\/a><\/p>\n<p>&nbsp;<\/p>\n<p style=\"text-align: center;\"><strong>Localiza\u00e7\u00e3o das Institui\u00e7\u00f5es Escolares Municipais de Pelotas\/RS<\/strong><\/p>\n<p><iframe loading=\"lazy\" src=\"https:\/\/www.google.com\/maps\/d\/u\/0\/embed?mid=1MiFSH2QVqqRp0es8G9e8TTB9XfC-y54&amp;ehbc=2E312F&amp;noprof=1\" width=\"640\" height=\"480\"><\/iframe><\/p>\n","protected":false},"excerpt":{"rendered":"<p>As escolas cadastradas no banco de dados est\u00e3o separadas por categorias de acordo com suas atribui\u00e7\u00f5es: EMEIs EMEFs &nbsp; Localiza\u00e7\u00e3o das Institui\u00e7\u00f5es Escolares Municipais de Pelotas\/RS<\/p>\n","protected":false},"author":1334,"featured_media":0,"parent":0,"menu_order":2,"comment_status":"closed","ping_status":"closed","template":"","meta":{"footnotes":""},"class_list":["post-4","page","type-page","status-publish","hentry"],"jetpack_sharing_enabled":true,"_links":{"self":[{"href":"https:\/\/wp.ufpel.edu.br\/bdescolaspelotas\/wp-json\/wp\/v2\/pages\/4","targetHints":{"allow":["GET"]}}],"collection":[{"href":"https:\/\/wp.ufpel.edu.br\/bdescolaspelotas\/wp-json\/wp\/v2\/pages"}],"about":[{"href":"https:\/\/wp.ufpel.edu.br\/bdescolaspelotas\/wp-json\/wp\/v2\/types\/page"}],"author":[{"embeddable":true,"href":"https:\/\/wp.ufpel.edu.br\/bdescolaspelotas\/wp-json\/wp\/v2\/users\/1334"}],"replies":[{"embeddable":true,"href":"https:\/\/wp.ufpel.edu.br\/bdescolaspelotas\/wp-json\/wp\/v2\/comments?post=4"}],"version-history":[{"count":10,"href":"https:\/\/wp.ufpel.edu.br\/bdescolaspelotas\/wp-json\/wp\/v2\/pages\/4\/revisions"}],"predecessor-version":[{"id":404,"href":"https:\/\/wp.ufpel.edu.br\/bdescolaspelotas\/wp-json\/wp\/v2\/pages\/4\/revisions\/404"}],"wp:attachment":[{"href":"https:\/\/wp.ufpel.edu.br\/bdescolaspelotas\/wp-json\/wp\/v2\/media?parent=4"}],"curies":[{"name":"wp","href":"https:\/\/api.w.org\/{rel}","templated":true}]}}