{"id":392,"date":"2024-02-15T11:35:54","date_gmt":"2024-02-15T14:35:54","guid":{"rendered":"https:\/\/wp.ufpel.edu.br\/bdescolaspelotas\/?page_id=392"},"modified":"2024-02-15T11:35:54","modified_gmt":"2024-02-15T14:35:54","slug":"e-m-e-f-circulo-operario-pelotense","status":"publish","type":"page","link":"https:\/\/wp.ufpel.edu.br\/bdescolaspelotas\/escolasmunicipais\/emefs\/e-m-e-f-circulo-operario-pelotense\/","title":{"rendered":"E.M.E.F. C\u00edrculo Oper\u00e1rio Pelotense"},"content":{"rendered":"<p><strong>Nome:<\/strong> E.M.E.F. C\u00edrculo Oper\u00e1rio Pelotense<\/p>\n<p><span style=\"font-weight: 400;\"><strong>Diretor(a):<\/strong> Joselito dos Santos Rosa<\/span><\/p>\n<p><span style=\"font-weight: 400;\"><strong>Endere\u00e7o:<\/strong> Guararapes , 50 , Bairro: Areal<\/span><\/p>\n<p><span style=\"font-weight: 400;\"><strong>Telefone:<\/strong> 053-32783904<\/span><\/p>\n<p><strong>E-mail: <\/strong><a href=\"mailto:escolacop@hotmail.com\"><span style=\"font-weight: 400;\">escolacop@hotmail.com<\/span><\/a><\/p>\n<p><span style=\"font-weight: 400;\"><strong>Servi\u00e7os:<\/strong> Atendimento a alunos de Educa\u00e7\u00e3o Infantil( Pre 1 e 2) e Ensino Fundamental (1\u00ba ao 9\u00ba ano) Total de 333 alunos em mar\/2022 312 alunos Ens. Fund; 43 alunos ed. Infantil;<\/span><\/p>\n","protected":false},"excerpt":{"rendered":"<p>Nome: E.M.E.F. C\u00edrculo Oper\u00e1rio Pelotense Diretor(a): Joselito dos Santos Rosa Endere\u00e7o: Guararapes , 50 , Bairro: Areal Telefone: 053-32783904 E-mail: escolacop@hotmail.com Servi\u00e7os: Atendimento a alunos de Educa\u00e7\u00e3o Infantil( Pre 1 e 2) e Ensino Fundamental (1\u00ba ao 9\u00ba ano) Total&#8230; <a class=\"more-link\" href=\"https:\/\/wp.ufpel.edu.br\/bdescolaspelotas\/escolasmunicipais\/emefs\/e-m-e-f-circulo-operario-pelotense\/\">Continue lendo &rarr;<\/a><\/p>\n","protected":false},"author":1334,"featured_media":0,"parent":46,"menu_order":0,"comment_status":"closed","ping_status":"closed","template":"","meta":{"footnotes":""},"class_list":["post-392","page","type-page","status-publish","hentry"],"jetpack_sharing_enabled":true,"_links":{"self":[{"href":"https:\/\/wp.ufpel.edu.br\/bdescolaspelotas\/wp-json\/wp\/v2\/pages\/392","targetHints":{"allow":["GET"]}}],"collection":[{"href":"https:\/\/wp.ufpel.edu.br\/bdescolaspelotas\/wp-json\/wp\/v2\/pages"}],"about":[{"href":"https:\/\/wp.ufpel.edu.br\/bdescolaspelotas\/wp-json\/wp\/v2\/types\/page"}],"author":[{"embeddable":true,"href":"https:\/\/wp.ufpel.edu.br\/bdescolaspelotas\/wp-json\/wp\/v2\/users\/1334"}],"replies":[{"embeddable":true,"href":"https:\/\/wp.ufpel.edu.br\/bdescolaspelotas\/wp-json\/wp\/v2\/comments?post=392"}],"version-history":[{"count":1,"href":"https:\/\/wp.ufpel.edu.br\/bdescolaspelotas\/wp-json\/wp\/v2\/pages\/392\/revisions"}],"predecessor-version":[{"id":394,"href":"https:\/\/wp.ufpel.edu.br\/bdescolaspelotas\/wp-json\/wp\/v2\/pages\/392\/revisions\/394"}],"up":[{"embeddable":true,"href":"https:\/\/wp.ufpel.edu.br\/bdescolaspelotas\/wp-json\/wp\/v2\/pages\/46"}],"wp:attachment":[{"href":"https:\/\/wp.ufpel.edu.br\/bdescolaspelotas\/wp-json\/wp\/v2\/media?parent=392"}],"curies":[{"name":"wp","href":"https:\/\/api.w.org\/{rel}","templated":true}]}}