{"id":387,"date":"2024-02-15T11:32:49","date_gmt":"2024-02-15T14:32:49","guid":{"rendered":"https:\/\/wp.ufpel.edu.br\/bdescolaspelotas\/?page_id=387"},"modified":"2024-02-15T11:32:49","modified_gmt":"2024-02-15T14:32:49","slug":"prof-maria-helena-vargas-da-silveira","status":"publish","type":"page","link":"https:\/\/wp.ufpel.edu.br\/bdescolaspelotas\/escolasmunicipais\/emefs\/prof-maria-helena-vargas-da-silveira\/","title":{"rendered":"Prof. Maria Helena Vargas da Silveira"},"content":{"rendered":"<p><strong>Nome: <\/strong>Prof. Maria Helena Vargas da Silveira<\/p>\n<p><span style=\"font-weight: 400;\"><strong>Diretor(a):<\/strong> Gina Fernanda do Amaral Bastos<\/span><\/p>\n<p><span style=\"font-weight: 400;\"><strong>Endere\u00e7o:<\/strong> Abrilino Ferreira Cardoso , 2976 , Bairro: S\u00edtio Floresta<\/span><\/p>\n<p><span style=\"font-weight: 400;\"><strong>E-mail:<\/strong> emefhelenadosul@gmail.com<\/span><\/p>\n<p><span style=\"font-weight: 400;\"><strong>Servi\u00e7os:<\/strong> Atende 245 alunos do ensino fundamental de 1\u00ba a 9\u00ba ano.\u00a0<\/span><\/p>\n","protected":false},"excerpt":{"rendered":"<p>Nome: Prof. Maria Helena Vargas da Silveira Diretor(a): Gina Fernanda do Amaral Bastos Endere\u00e7o: Abrilino Ferreira Cardoso , 2976 , Bairro: S\u00edtio Floresta E-mail: emefhelenadosul@gmail.com Servi\u00e7os: Atende 245 alunos do ensino fundamental de 1\u00ba a 9\u00ba ano.\u00a0<\/p>\n","protected":false},"author":1334,"featured_media":0,"parent":46,"menu_order":0,"comment_status":"closed","ping_status":"closed","template":"","meta":{"footnotes":""},"class_list":["post-387","page","type-page","status-publish","hentry"],"jetpack_sharing_enabled":true,"_links":{"self":[{"href":"https:\/\/wp.ufpel.edu.br\/bdescolaspelotas\/wp-json\/wp\/v2\/pages\/387","targetHints":{"allow":["GET"]}}],"collection":[{"href":"https:\/\/wp.ufpel.edu.br\/bdescolaspelotas\/wp-json\/wp\/v2\/pages"}],"about":[{"href":"https:\/\/wp.ufpel.edu.br\/bdescolaspelotas\/wp-json\/wp\/v2\/types\/page"}],"author":[{"embeddable":true,"href":"https:\/\/wp.ufpel.edu.br\/bdescolaspelotas\/wp-json\/wp\/v2\/users\/1334"}],"replies":[{"embeddable":true,"href":"https:\/\/wp.ufpel.edu.br\/bdescolaspelotas\/wp-json\/wp\/v2\/comments?post=387"}],"version-history":[{"count":1,"href":"https:\/\/wp.ufpel.edu.br\/bdescolaspelotas\/wp-json\/wp\/v2\/pages\/387\/revisions"}],"predecessor-version":[{"id":389,"href":"https:\/\/wp.ufpel.edu.br\/bdescolaspelotas\/wp-json\/wp\/v2\/pages\/387\/revisions\/389"}],"up":[{"embeddable":true,"href":"https:\/\/wp.ufpel.edu.br\/bdescolaspelotas\/wp-json\/wp\/v2\/pages\/46"}],"wp:attachment":[{"href":"https:\/\/wp.ufpel.edu.br\/bdescolaspelotas\/wp-json\/wp\/v2\/media?parent=387"}],"curies":[{"name":"wp","href":"https:\/\/api.w.org\/{rel}","templated":true}]}}