{"id":384,"date":"2024-02-15T11:32:23","date_gmt":"2024-02-15T14:32:23","guid":{"rendered":"https:\/\/wp.ufpel.edu.br\/bdescolaspelotas\/?page_id=384"},"modified":"2024-02-15T11:32:23","modified_gmt":"2024-02-15T14:32:23","slug":"e-m-e-f-wilson-muller","status":"publish","type":"page","link":"https:\/\/wp.ufpel.edu.br\/bdescolaspelotas\/escolasmunicipais\/emefs\/e-m-e-f-wilson-muller\/","title":{"rendered":"\u00a0E.M.E.F. Wilson Muller"},"content":{"rendered":"<p><strong>Nome: <\/strong>E.M.E.F. Wilson Muller<\/p>\n<p><span style=\"font-weight: 400;\"><strong>Diretor(a):<\/strong> Janaina Nunes Borges Foster<\/span><\/p>\n<p><span style=\"font-weight: 400;\"><strong>Endere\u00e7o:<\/strong> Triunfo &#8211; Col , Bairro: Quarto distrito<\/span><\/p>\n<p><span style=\"font-weight: 400;\"><strong>Telefone:<\/strong> 053-999685531<\/span><\/p>\n<p><strong>E-mail: <\/strong><a href=\"mailto:emef.wilsonmeller@gmail.com\"><span style=\"font-weight: 400;\">emef.wilsonmeller@gmail.com<\/span><\/a><\/p>\n<p><span style=\"font-weight: 400;\"><strong>Servi\u00e7os:<\/strong> Atendimento a alunos de Educa\u00e7\u00e3o infantil(pr\u00e9 1 e 2), do Ensino Fundamental. total de 96 alunos, em out\/2022 sendo 17 alunos de pr\u00e9 1 e 2 e 79 alunos de Ensino Fundamental<\/span><\/p>\n","protected":false},"excerpt":{"rendered":"<p>Nome: E.M.E.F. Wilson Muller Diretor(a): Janaina Nunes Borges Foster Endere\u00e7o: Triunfo &#8211; Col , Bairro: Quarto distrito Telefone: 053-999685531 E-mail: emef.wilsonmeller@gmail.com Servi\u00e7os: Atendimento a alunos de Educa\u00e7\u00e3o infantil(pr\u00e9 1 e 2), do Ensino Fundamental. total de 96 alunos, em out\/2022&#8230; <a class=\"more-link\" href=\"https:\/\/wp.ufpel.edu.br\/bdescolaspelotas\/escolasmunicipais\/emefs\/e-m-e-f-wilson-muller\/\">Continue lendo &rarr;<\/a><\/p>\n","protected":false},"author":1334,"featured_media":0,"parent":46,"menu_order":0,"comment_status":"closed","ping_status":"closed","template":"","meta":{"footnotes":""},"class_list":["post-384","page","type-page","status-publish","hentry"],"jetpack_sharing_enabled":true,"_links":{"self":[{"href":"https:\/\/wp.ufpel.edu.br\/bdescolaspelotas\/wp-json\/wp\/v2\/pages\/384","targetHints":{"allow":["GET"]}}],"collection":[{"href":"https:\/\/wp.ufpel.edu.br\/bdescolaspelotas\/wp-json\/wp\/v2\/pages"}],"about":[{"href":"https:\/\/wp.ufpel.edu.br\/bdescolaspelotas\/wp-json\/wp\/v2\/types\/page"}],"author":[{"embeddable":true,"href":"https:\/\/wp.ufpel.edu.br\/bdescolaspelotas\/wp-json\/wp\/v2\/users\/1334"}],"replies":[{"embeddable":true,"href":"https:\/\/wp.ufpel.edu.br\/bdescolaspelotas\/wp-json\/wp\/v2\/comments?post=384"}],"version-history":[{"count":1,"href":"https:\/\/wp.ufpel.edu.br\/bdescolaspelotas\/wp-json\/wp\/v2\/pages\/384\/revisions"}],"predecessor-version":[{"id":386,"href":"https:\/\/wp.ufpel.edu.br\/bdescolaspelotas\/wp-json\/wp\/v2\/pages\/384\/revisions\/386"}],"up":[{"embeddable":true,"href":"https:\/\/wp.ufpel.edu.br\/bdescolaspelotas\/wp-json\/wp\/v2\/pages\/46"}],"wp:attachment":[{"href":"https:\/\/wp.ufpel.edu.br\/bdescolaspelotas\/wp-json\/wp\/v2\/media?parent=384"}],"curies":[{"name":"wp","href":"https:\/\/api.w.org\/{rel}","templated":true}]}}