{"id":374,"date":"2024-02-15T11:30:46","date_gmt":"2024-02-15T14:30:46","guid":{"rendered":"https:\/\/wp.ufpel.edu.br\/bdescolaspelotas\/?page_id=374"},"modified":"2024-02-15T11:30:46","modified_gmt":"2024-02-15T14:30:46","slug":"e-m-e-f-santa-irene","status":"publish","type":"page","link":"https:\/\/wp.ufpel.edu.br\/bdescolaspelotas\/escolasmunicipais\/emefs\/e-m-e-f-santa-irene\/","title":{"rendered":"\u00a0E.M.E.F. Santa Irene"},"content":{"rendered":"<p><strong>\u00a0Nome:<\/strong> E.M.E.F. Santa Irene<\/p>\n<p><span style=\"font-weight: 400;\"><strong>Diretor(a):<\/strong> Airton Leite de Moraes Filho<\/span><\/p>\n<p><span style=\"font-weight: 400;\"><strong>Endere\u00e7o:<\/strong> Tres Ncl Res Cohab Pestano , 511 , Bairro: Pestano<\/span><\/p>\n<p><span style=\"font-weight: 400;\"><strong>Telefone:<\/strong> 053-327287644<\/span><\/p>\n<p><strong>E-mail: <\/strong><a href=\"mailto:santairene.midia@gmail.com\"><span style=\"font-weight: 400;\">santairene.midia@gmail.com<\/span><\/a><\/p>\n<p><span style=\"font-weight: 400;\"><strong>Servi\u00e7os:<\/strong> Atendimento a alunos da Educa\u00e7\u00e3o Infantil (pr\u00e9 2) e do Ensino Fundamental (1\u00ba ao 9\u00ba ano) Total de 383 alunos em out\/2022 Ed infantil- 14 Ens Fund-369<\/span><\/p>\n","protected":false},"excerpt":{"rendered":"<p>\u00a0Nome: E.M.E.F. Santa Irene Diretor(a): Airton Leite de Moraes Filho Endere\u00e7o: Tres Ncl Res Cohab Pestano , 511 , Bairro: Pestano Telefone: 053-327287644 E-mail: santairene.midia@gmail.com Servi\u00e7os: Atendimento a alunos da Educa\u00e7\u00e3o Infantil (pr\u00e9 2) e do Ensino Fundamental (1\u00ba ao&#8230; <a class=\"more-link\" href=\"https:\/\/wp.ufpel.edu.br\/bdescolaspelotas\/escolasmunicipais\/emefs\/e-m-e-f-santa-irene\/\">Continue lendo &rarr;<\/a><\/p>\n","protected":false},"author":1334,"featured_media":0,"parent":46,"menu_order":0,"comment_status":"closed","ping_status":"closed","template":"","meta":{"footnotes":""},"class_list":["post-374","page","type-page","status-publish","hentry"],"jetpack_sharing_enabled":true,"_links":{"self":[{"href":"https:\/\/wp.ufpel.edu.br\/bdescolaspelotas\/wp-json\/wp\/v2\/pages\/374","targetHints":{"allow":["GET"]}}],"collection":[{"href":"https:\/\/wp.ufpel.edu.br\/bdescolaspelotas\/wp-json\/wp\/v2\/pages"}],"about":[{"href":"https:\/\/wp.ufpel.edu.br\/bdescolaspelotas\/wp-json\/wp\/v2\/types\/page"}],"author":[{"embeddable":true,"href":"https:\/\/wp.ufpel.edu.br\/bdescolaspelotas\/wp-json\/wp\/v2\/users\/1334"}],"replies":[{"embeddable":true,"href":"https:\/\/wp.ufpel.edu.br\/bdescolaspelotas\/wp-json\/wp\/v2\/comments?post=374"}],"version-history":[{"count":1,"href":"https:\/\/wp.ufpel.edu.br\/bdescolaspelotas\/wp-json\/wp\/v2\/pages\/374\/revisions"}],"predecessor-version":[{"id":376,"href":"https:\/\/wp.ufpel.edu.br\/bdescolaspelotas\/wp-json\/wp\/v2\/pages\/374\/revisions\/376"}],"up":[{"embeddable":true,"href":"https:\/\/wp.ufpel.edu.br\/bdescolaspelotas\/wp-json\/wp\/v2\/pages\/46"}],"wp:attachment":[{"href":"https:\/\/wp.ufpel.edu.br\/bdescolaspelotas\/wp-json\/wp\/v2\/media?parent=374"}],"curies":[{"name":"wp","href":"https:\/\/api.w.org\/{rel}","templated":true}]}}