{"id":371,"date":"2024-02-15T11:30:09","date_gmt":"2024-02-15T14:30:09","guid":{"rendered":"https:\/\/wp.ufpel.edu.br\/bdescolaspelotas\/?page_id=371"},"modified":"2024-02-15T11:30:09","modified_gmt":"2024-02-15T14:30:09","slug":"e-m-e-f-professora-daura-ferreira-pinto","status":"publish","type":"page","link":"https:\/\/wp.ufpel.edu.br\/bdescolaspelotas\/escolasmunicipais\/emefs\/e-m-e-f-professora-daura-ferreira-pinto\/","title":{"rendered":"E.M.E.F. Professora Daura Ferreira Pinto"},"content":{"rendered":"<p><strong>Nome:<\/strong> E.M.E.F. Professora Daura Ferreira Pinto<\/p>\n<p><span style=\"font-weight: 400;\"><strong>Diretor(a):<\/strong> Priscila de Freitas Pereira<\/span><\/p>\n<p><span style=\"font-weight: 400;\"><strong>Endere\u00e7o:<\/strong> Alfredo Theodoro Born &#8211; Av , s\/n , Bairro: Vila Princesa<\/span><\/p>\n<p><span style=\"font-weight: 400;\"><strong>Telefone:<\/strong> 053-32780919<\/span><\/p>\n<p><strong>E-mail: <\/strong><a href=\"mailto:emefdaurapinto@gmail.com\"><span style=\"font-weight: 400;\">emefdaurapinto@gmail.com<\/span><\/a><\/p>\n<p><span style=\"font-weight: 400;\"><strong>Servi\u00e7os:<\/strong> Atendimento a alunos de Educa\u00e7\u00e3o Infantil (pr\u00e9 1 e 2), Ensino Fundamental (1\u00ba ao 5\u00ba ano) Total de 101 alunos em out\/2022 Ed Infantil 21 Ens Fund- 80<\/span><\/p>\n","protected":false},"excerpt":{"rendered":"<p>Nome: E.M.E.F. Professora Daura Ferreira Pinto Diretor(a): Priscila de Freitas Pereira Endere\u00e7o: Alfredo Theodoro Born &#8211; Av , s\/n , Bairro: Vila Princesa Telefone: 053-32780919 E-mail: emefdaurapinto@gmail.com Servi\u00e7os: Atendimento a alunos de Educa\u00e7\u00e3o Infantil (pr\u00e9 1 e 2), Ensino Fundamental&#8230; <a class=\"more-link\" href=\"https:\/\/wp.ufpel.edu.br\/bdescolaspelotas\/escolasmunicipais\/emefs\/e-m-e-f-professora-daura-ferreira-pinto\/\">Continue lendo &rarr;<\/a><\/p>\n","protected":false},"author":1334,"featured_media":0,"parent":46,"menu_order":0,"comment_status":"closed","ping_status":"closed","template":"","meta":{"footnotes":""},"class_list":["post-371","page","type-page","status-publish","hentry"],"jetpack_sharing_enabled":true,"_links":{"self":[{"href":"https:\/\/wp.ufpel.edu.br\/bdescolaspelotas\/wp-json\/wp\/v2\/pages\/371","targetHints":{"allow":["GET"]}}],"collection":[{"href":"https:\/\/wp.ufpel.edu.br\/bdescolaspelotas\/wp-json\/wp\/v2\/pages"}],"about":[{"href":"https:\/\/wp.ufpel.edu.br\/bdescolaspelotas\/wp-json\/wp\/v2\/types\/page"}],"author":[{"embeddable":true,"href":"https:\/\/wp.ufpel.edu.br\/bdescolaspelotas\/wp-json\/wp\/v2\/users\/1334"}],"replies":[{"embeddable":true,"href":"https:\/\/wp.ufpel.edu.br\/bdescolaspelotas\/wp-json\/wp\/v2\/comments?post=371"}],"version-history":[{"count":1,"href":"https:\/\/wp.ufpel.edu.br\/bdescolaspelotas\/wp-json\/wp\/v2\/pages\/371\/revisions"}],"predecessor-version":[{"id":373,"href":"https:\/\/wp.ufpel.edu.br\/bdescolaspelotas\/wp-json\/wp\/v2\/pages\/371\/revisions\/373"}],"up":[{"embeddable":true,"href":"https:\/\/wp.ufpel.edu.br\/bdescolaspelotas\/wp-json\/wp\/v2\/pages\/46"}],"wp:attachment":[{"href":"https:\/\/wp.ufpel.edu.br\/bdescolaspelotas\/wp-json\/wp\/v2\/media?parent=371"}],"curies":[{"name":"wp","href":"https:\/\/api.w.org\/{rel}","templated":true}]}}