{"id":365,"date":"2024-02-15T11:28:53","date_gmt":"2024-02-15T14:28:53","guid":{"rendered":"https:\/\/wp.ufpel.edu.br\/bdescolaspelotas\/?page_id=365"},"modified":"2024-02-15T11:28:53","modified_gmt":"2024-02-15T14:28:53","slug":"e-m-e-f-piratinino-de-almeida","status":"publish","type":"page","link":"https:\/\/wp.ufpel.edu.br\/bdescolaspelotas\/escolasmunicipais\/emefs\/e-m-e-f-piratinino-de-almeida\/","title":{"rendered":"E.M.E.F. Piratinino de Almeida"},"content":{"rendered":"<p><strong>Nome: <\/strong>E.M.E.F. Piratinino de Almeida<\/p>\n<p><span style=\"font-weight: 400;\"><strong>Diretor(a):<\/strong> Daiani Ereias Borges<\/span><\/p>\n<p><span style=\"font-weight: 400;\"><strong>Endere\u00e7o:<\/strong> Domingos Jos\u00e9 De Almeida , 4057 , Bairro: Areal<\/span><\/p>\n<p><span style=\"font-weight: 400;\"><strong>Telefone:<\/strong> 053-33071378<\/span><\/p>\n<p><span style=\"font-weight: 400;\"><strong>E-mail<\/strong>: <\/span><a href=\"mailto:escolapiratinino@gmail.com\"><span style=\"font-weight: 400;\">escolapiratinino@gmail.com<\/span><\/a><\/p>\n<p><span style=\"font-weight: 400;\"><strong>Servi\u00e7os:<\/strong> Atendimento a alunos de Educa\u00e7\u00e3o Infantil ( pr\u00e9 1 e 2) e Ensino Fundamental (1\u00ba ao 9\u00ba ano) e EJA Total de 928 alunos em out\/2022 Ed Infantil 119 Ens Fundamental-764 EJA 45<\/span><\/p>\n","protected":false},"excerpt":{"rendered":"<p>Nome: E.M.E.F. Piratinino de Almeida Diretor(a): Daiani Ereias Borges Endere\u00e7o: Domingos Jos\u00e9 De Almeida , 4057 , Bairro: Areal Telefone: 053-33071378 E-mail: escolapiratinino@gmail.com Servi\u00e7os: Atendimento a alunos de Educa\u00e7\u00e3o Infantil ( pr\u00e9 1 e 2) e Ensino Fundamental (1\u00ba ao&#8230; <a class=\"more-link\" href=\"https:\/\/wp.ufpel.edu.br\/bdescolaspelotas\/escolasmunicipais\/emefs\/e-m-e-f-piratinino-de-almeida\/\">Continue lendo &rarr;<\/a><\/p>\n","protected":false},"author":1334,"featured_media":0,"parent":46,"menu_order":0,"comment_status":"closed","ping_status":"closed","template":"","meta":{"footnotes":""},"class_list":["post-365","page","type-page","status-publish","hentry"],"jetpack_sharing_enabled":true,"_links":{"self":[{"href":"https:\/\/wp.ufpel.edu.br\/bdescolaspelotas\/wp-json\/wp\/v2\/pages\/365","targetHints":{"allow":["GET"]}}],"collection":[{"href":"https:\/\/wp.ufpel.edu.br\/bdescolaspelotas\/wp-json\/wp\/v2\/pages"}],"about":[{"href":"https:\/\/wp.ufpel.edu.br\/bdescolaspelotas\/wp-json\/wp\/v2\/types\/page"}],"author":[{"embeddable":true,"href":"https:\/\/wp.ufpel.edu.br\/bdescolaspelotas\/wp-json\/wp\/v2\/users\/1334"}],"replies":[{"embeddable":true,"href":"https:\/\/wp.ufpel.edu.br\/bdescolaspelotas\/wp-json\/wp\/v2\/comments?post=365"}],"version-history":[{"count":1,"href":"https:\/\/wp.ufpel.edu.br\/bdescolaspelotas\/wp-json\/wp\/v2\/pages\/365\/revisions"}],"predecessor-version":[{"id":367,"href":"https:\/\/wp.ufpel.edu.br\/bdescolaspelotas\/wp-json\/wp\/v2\/pages\/365\/revisions\/367"}],"up":[{"embeddable":true,"href":"https:\/\/wp.ufpel.edu.br\/bdescolaspelotas\/wp-json\/wp\/v2\/pages\/46"}],"wp:attachment":[{"href":"https:\/\/wp.ufpel.edu.br\/bdescolaspelotas\/wp-json\/wp\/v2\/media?parent=365"}],"curies":[{"name":"wp","href":"https:\/\/api.w.org\/{rel}","templated":true}]}}