{"id":353,"date":"2024-02-15T11:25:07","date_gmt":"2024-02-15T14:25:07","guid":{"rendered":"https:\/\/wp.ufpel.edu.br\/bdescolaspelotas\/?page_id=353"},"modified":"2024-02-15T11:25:07","modified_gmt":"2024-02-15T14:25:07","slug":"e-m-e-f-nossa-senhora-de-lourdes","status":"publish","type":"page","link":"https:\/\/wp.ufpel.edu.br\/bdescolaspelotas\/escolasmunicipais\/emefs\/e-m-e-f-nossa-senhora-de-lourdes\/","title":{"rendered":"E.M.E.F. Nossa Senhora de Lourdes"},"content":{"rendered":"<p><strong>Nome:<\/strong> E.M.E.F. Nossa Senhora de Lourdes<\/p>\n<p><span style=\"font-weight: 400;\"><strong>Diretor(a):<\/strong> Sergio Renato Costa da Rosa<\/span><\/p>\n<p><span style=\"font-weight: 400;\"><strong>Endere\u00e7o:<\/strong> Jo\u00e3o Nunes S. Tavares;Gen , 165 , Bairro: Fragata<\/span><\/p>\n<p><span style=\"font-weight: 400;\"><strong>Telefone:<\/strong> 053-32714288<\/span><\/p>\n<p><strong>E-mail: <\/strong><a href=\"mailto:nsenhoralourdes@gmail.com\"><span style=\"font-weight: 400;\">nsenhoralourdes@gmail.com<\/span><\/a><\/p>\n<p><span style=\"font-weight: 400;\"><strong>Servi\u00e7os:<\/strong> Atendimento a alunos de Educa\u00e7\u00e3o Infantil (pr\u00e9 1 e 2), Ensino Fundamental (1\u00ba ao 9\u00ba anos e EJA (Educa\u00e7\u00e3o de Jovens e Adultos) Total de 732 alunos em out\/2022 Ed Infantil= 109 Ens Fundamental-571 EJA-52<\/span><\/p>\n","protected":false},"excerpt":{"rendered":"<p>Nome: E.M.E.F. Nossa Senhora de Lourdes Diretor(a): Sergio Renato Costa da Rosa Endere\u00e7o: Jo\u00e3o Nunes S. Tavares;Gen , 165 , Bairro: Fragata Telefone: 053-32714288 E-mail: nsenhoralourdes@gmail.com Servi\u00e7os: Atendimento a alunos de Educa\u00e7\u00e3o Infantil (pr\u00e9 1 e 2), Ensino Fundamental (1\u00ba&#8230; <a class=\"more-link\" href=\"https:\/\/wp.ufpel.edu.br\/bdescolaspelotas\/escolasmunicipais\/emefs\/e-m-e-f-nossa-senhora-de-lourdes\/\">Continue lendo &rarr;<\/a><\/p>\n","protected":false},"author":1334,"featured_media":0,"parent":46,"menu_order":0,"comment_status":"closed","ping_status":"closed","template":"","meta":{"footnotes":""},"class_list":["post-353","page","type-page","status-publish","hentry"],"jetpack_sharing_enabled":true,"_links":{"self":[{"href":"https:\/\/wp.ufpel.edu.br\/bdescolaspelotas\/wp-json\/wp\/v2\/pages\/353","targetHints":{"allow":["GET"]}}],"collection":[{"href":"https:\/\/wp.ufpel.edu.br\/bdescolaspelotas\/wp-json\/wp\/v2\/pages"}],"about":[{"href":"https:\/\/wp.ufpel.edu.br\/bdescolaspelotas\/wp-json\/wp\/v2\/types\/page"}],"author":[{"embeddable":true,"href":"https:\/\/wp.ufpel.edu.br\/bdescolaspelotas\/wp-json\/wp\/v2\/users\/1334"}],"replies":[{"embeddable":true,"href":"https:\/\/wp.ufpel.edu.br\/bdescolaspelotas\/wp-json\/wp\/v2\/comments?post=353"}],"version-history":[{"count":1,"href":"https:\/\/wp.ufpel.edu.br\/bdescolaspelotas\/wp-json\/wp\/v2\/pages\/353\/revisions"}],"predecessor-version":[{"id":355,"href":"https:\/\/wp.ufpel.edu.br\/bdescolaspelotas\/wp-json\/wp\/v2\/pages\/353\/revisions\/355"}],"up":[{"embeddable":true,"href":"https:\/\/wp.ufpel.edu.br\/bdescolaspelotas\/wp-json\/wp\/v2\/pages\/46"}],"wp:attachment":[{"href":"https:\/\/wp.ufpel.edu.br\/bdescolaspelotas\/wp-json\/wp\/v2\/media?parent=353"}],"curies":[{"name":"wp","href":"https:\/\/api.w.org\/{rel}","templated":true}]}}