{"id":350,"date":"2024-02-15T11:24:24","date_gmt":"2024-02-15T14:24:24","guid":{"rendered":"https:\/\/wp.ufpel.edu.br\/bdescolaspelotas\/?page_id=350"},"modified":"2024-02-15T11:24:24","modified_gmt":"2024-02-15T14:24:24","slug":"e-m-e-f-nossa-senhora-das-dores","status":"publish","type":"page","link":"https:\/\/wp.ufpel.edu.br\/bdescolaspelotas\/escolasmunicipais\/emefs\/e-m-e-f-nossa-senhora-das-dores\/","title":{"rendered":"E.M.E.F. Nossa Senhora das Dores"},"content":{"rendered":"<p><b>Nome: <\/b>E.M.E.F. Nossa Senhora das Dores<\/p>\n<p><span style=\"font-weight: 400;\"><strong>Diretor(a):<\/strong> Leila Cristina dos Anjos<\/span><\/p>\n<p><span style=\"font-weight: 400;\"><strong>Endere\u00e7o:<\/strong> Crist\u00f3v\u00e3o Jos\u00e9 Dos Santos , 308 , Bairro: Cohab tablada<\/span><\/p>\n<p><span style=\"font-weight: 400;\"><strong>Telefone:<\/strong> 053-32232828<\/span><\/p>\n<p><strong>E-mail: <\/strong><a href=\"mailto:emefdasdores@hotmail.com\"><span style=\"font-weight: 400;\">emefdasdores@hotmail.com<\/span><\/a><\/p>\n<p><span style=\"font-weight: 400;\"><strong>Servi\u00e7os:<\/strong> Atendimento a alunos de Educa\u00e7\u00e3o Infantil (pr\u00e9 1 e 2) e Ensino Fundamental (1\u00ba ao 5\u00ba anos) Total de 381 alunos Ed Infantil- 37 Ens. Fund-344 Dados informados em out\/2022<\/span><\/p>\n<p>&nbsp;<\/p>\n","protected":false},"excerpt":{"rendered":"<p>Nome: E.M.E.F. Nossa Senhora das Dores Diretor(a): Leila Cristina dos Anjos Endere\u00e7o: Crist\u00f3v\u00e3o Jos\u00e9 Dos Santos , 308 , Bairro: Cohab tablada Telefone: 053-32232828 E-mail: emefdasdores@hotmail.com Servi\u00e7os: Atendimento a alunos de Educa\u00e7\u00e3o Infantil (pr\u00e9 1 e 2) e Ensino Fundamental&#8230; <a class=\"more-link\" href=\"https:\/\/wp.ufpel.edu.br\/bdescolaspelotas\/escolasmunicipais\/emefs\/e-m-e-f-nossa-senhora-das-dores\/\">Continue lendo &rarr;<\/a><\/p>\n","protected":false},"author":1334,"featured_media":0,"parent":46,"menu_order":0,"comment_status":"closed","ping_status":"closed","template":"","meta":{"footnotes":""},"class_list":["post-350","page","type-page","status-publish","hentry"],"jetpack_sharing_enabled":true,"_links":{"self":[{"href":"https:\/\/wp.ufpel.edu.br\/bdescolaspelotas\/wp-json\/wp\/v2\/pages\/350","targetHints":{"allow":["GET"]}}],"collection":[{"href":"https:\/\/wp.ufpel.edu.br\/bdescolaspelotas\/wp-json\/wp\/v2\/pages"}],"about":[{"href":"https:\/\/wp.ufpel.edu.br\/bdescolaspelotas\/wp-json\/wp\/v2\/types\/page"}],"author":[{"embeddable":true,"href":"https:\/\/wp.ufpel.edu.br\/bdescolaspelotas\/wp-json\/wp\/v2\/users\/1334"}],"replies":[{"embeddable":true,"href":"https:\/\/wp.ufpel.edu.br\/bdescolaspelotas\/wp-json\/wp\/v2\/comments?post=350"}],"version-history":[{"count":1,"href":"https:\/\/wp.ufpel.edu.br\/bdescolaspelotas\/wp-json\/wp\/v2\/pages\/350\/revisions"}],"predecessor-version":[{"id":352,"href":"https:\/\/wp.ufpel.edu.br\/bdescolaspelotas\/wp-json\/wp\/v2\/pages\/350\/revisions\/352"}],"up":[{"embeddable":true,"href":"https:\/\/wp.ufpel.edu.br\/bdescolaspelotas\/wp-json\/wp\/v2\/pages\/46"}],"wp:attachment":[{"href":"https:\/\/wp.ufpel.edu.br\/bdescolaspelotas\/wp-json\/wp\/v2\/media?parent=350"}],"curies":[{"name":"wp","href":"https:\/\/api.w.org\/{rel}","templated":true}]}}