{"id":346,"date":"2024-02-15T11:23:34","date_gmt":"2024-02-15T14:23:34","guid":{"rendered":"https:\/\/wp.ufpel.edu.br\/bdescolaspelotas\/?page_id=346"},"modified":"2024-02-15T11:23:34","modified_gmt":"2024-02-15T14:23:34","slug":"e-m-e-f-nestor-elizeu-crochemore","status":"publish","type":"page","link":"https:\/\/wp.ufpel.edu.br\/bdescolaspelotas\/escolasmunicipais\/emefs\/e-m-e-f-nestor-elizeu-crochemore\/","title":{"rendered":"E.M.E.F. Nestor Elizeu Crochemore"},"content":{"rendered":"<p><b>Nome: <\/b>E.M.E.F. Nestor Elizeu Crochemore<\/p>\n<p><span style=\"font-weight: 400;\"><strong>Diretor(a):<\/strong> Lia Simoni Leock Noveline<\/span><\/p>\n<p><span style=\"font-weight: 400;\"><strong>Endere\u00e7o:<\/strong> Quilombo &#8211; Col , Bairro: S\u00e9timo distrito<\/span><\/p>\n<p><span style=\"font-weight: 400;\"><strong>Telefone:<\/strong> 053-32247272<\/span><\/p>\n<p><strong>E-mail: <\/strong><a href=\"mailto:escolacrochemore@hotmail.com\"><span style=\"font-weight: 400;\">escolacrochemore@hotmail.com<\/span><\/a><\/p>\n<p><span style=\"font-weight: 400;\"><strong>Servi\u00e7os:<\/strong> Atendimentos a alunos da Educa\u00e7\u00e3o Infantil(Pr\u00e9 1 e 2) e Ensino Fundamental (1\u00ba ao 9\u00ba anos) Total de 216 alunos em out\/2022, sendo Ed Infantil-229 alunos Ens Fund- 187<\/span><\/p>\n","protected":false},"excerpt":{"rendered":"<p>Nome: E.M.E.F. Nestor Elizeu Crochemore Diretor(a): Lia Simoni Leock Noveline Endere\u00e7o: Quilombo &#8211; Col , Bairro: S\u00e9timo distrito Telefone: 053-32247272 E-mail: escolacrochemore@hotmail.com Servi\u00e7os: Atendimentos a alunos da Educa\u00e7\u00e3o Infantil(Pr\u00e9 1 e 2) e Ensino Fundamental (1\u00ba ao 9\u00ba anos) Total&#8230; <a class=\"more-link\" href=\"https:\/\/wp.ufpel.edu.br\/bdescolaspelotas\/escolasmunicipais\/emefs\/e-m-e-f-nestor-elizeu-crochemore\/\">Continue lendo &rarr;<\/a><\/p>\n","protected":false},"author":1334,"featured_media":0,"parent":46,"menu_order":0,"comment_status":"closed","ping_status":"closed","template":"","meta":{"footnotes":""},"class_list":["post-346","page","type-page","status-publish","hentry"],"jetpack_sharing_enabled":true,"_links":{"self":[{"href":"https:\/\/wp.ufpel.edu.br\/bdescolaspelotas\/wp-json\/wp\/v2\/pages\/346","targetHints":{"allow":["GET"]}}],"collection":[{"href":"https:\/\/wp.ufpel.edu.br\/bdescolaspelotas\/wp-json\/wp\/v2\/pages"}],"about":[{"href":"https:\/\/wp.ufpel.edu.br\/bdescolaspelotas\/wp-json\/wp\/v2\/types\/page"}],"author":[{"embeddable":true,"href":"https:\/\/wp.ufpel.edu.br\/bdescolaspelotas\/wp-json\/wp\/v2\/users\/1334"}],"replies":[{"embeddable":true,"href":"https:\/\/wp.ufpel.edu.br\/bdescolaspelotas\/wp-json\/wp\/v2\/comments?post=346"}],"version-history":[{"count":1,"href":"https:\/\/wp.ufpel.edu.br\/bdescolaspelotas\/wp-json\/wp\/v2\/pages\/346\/revisions"}],"predecessor-version":[{"id":348,"href":"https:\/\/wp.ufpel.edu.br\/bdescolaspelotas\/wp-json\/wp\/v2\/pages\/346\/revisions\/348"}],"up":[{"embeddable":true,"href":"https:\/\/wp.ufpel.edu.br\/bdescolaspelotas\/wp-json\/wp\/v2\/pages\/46"}],"wp:attachment":[{"href":"https:\/\/wp.ufpel.edu.br\/bdescolaspelotas\/wp-json\/wp\/v2\/media?parent=346"}],"curies":[{"name":"wp","href":"https:\/\/api.w.org\/{rel}","templated":true}]}}