{"id":343,"date":"2024-02-15T11:22:56","date_gmt":"2024-02-15T14:22:56","guid":{"rendered":"https:\/\/wp.ufpel.edu.br\/bdescolaspelotas\/?page_id=343"},"modified":"2024-02-15T11:22:56","modified_gmt":"2024-02-15T14:22:56","slug":"e-m-e-f-nucleo-habitacional-getulio-vargas","status":"publish","type":"page","link":"https:\/\/wp.ufpel.edu.br\/bdescolaspelotas\/escolasmunicipais\/emefs\/e-m-e-f-nucleo-habitacional-getulio-vargas\/","title":{"rendered":"E.M.E.F. N\u00facleo Habitacional Get\u00falio Vargas"},"content":{"rendered":"<p><b>\u00a0Nome: <\/b>E.M.E.F. N\u00facleo Habitacional Get\u00falio Vargas<\/p>\n<p><span style=\"font-weight: 400;\"><strong>Diretor(a):<\/strong> Roberta de Souza Duro<\/span><\/p>\n<p><span style=\"font-weight: 400;\"><strong>Endere\u00e7o:<\/strong> Doze, Lotm Get\u00falio Vargas, R , 95 , Bairro: Get\u00falio Vargas<\/span><\/p>\n<p><span style=\"font-weight: 400;\"><strong>Telefone:<\/strong> 053-31990735<\/span><\/p>\n<p><strong>E-mail: <\/strong><a href=\"mailto:emvargas@gmail.com\"><span style=\"font-weight: 400;\">emvargas@gmail.com<\/span><\/a><\/p>\n<p><span style=\"font-weight: 400;\"><strong>Servi\u00e7os:<\/strong> Atendimento a alunos de Educa\u00e7\u00e3o Infantil(pr\u00e9 1 e 2), Ensino Fundamental (1\u00ba ao 5\u00ba ano). Total de 384 alunos em out\/2022 Ed infantil- 84 Ens Fundamental-300<\/span><\/p>\n","protected":false},"excerpt":{"rendered":"<p>\u00a0Nome: E.M.E.F. N\u00facleo Habitacional Get\u00falio Vargas Diretor(a): Roberta de Souza Duro Endere\u00e7o: Doze, Lotm Get\u00falio Vargas, R , 95 , Bairro: Get\u00falio Vargas Telefone: 053-31990735 E-mail: emvargas@gmail.com Servi\u00e7os: Atendimento a alunos de Educa\u00e7\u00e3o Infantil(pr\u00e9 1 e 2), Ensino Fundamental (1\u00ba&#8230; <a class=\"more-link\" href=\"https:\/\/wp.ufpel.edu.br\/bdescolaspelotas\/escolasmunicipais\/emefs\/e-m-e-f-nucleo-habitacional-getulio-vargas\/\">Continue lendo &rarr;<\/a><\/p>\n","protected":false},"author":1334,"featured_media":0,"parent":46,"menu_order":0,"comment_status":"closed","ping_status":"closed","template":"","meta":{"footnotes":""},"class_list":["post-343","page","type-page","status-publish","hentry"],"jetpack_sharing_enabled":true,"_links":{"self":[{"href":"https:\/\/wp.ufpel.edu.br\/bdescolaspelotas\/wp-json\/wp\/v2\/pages\/343","targetHints":{"allow":["GET"]}}],"collection":[{"href":"https:\/\/wp.ufpel.edu.br\/bdescolaspelotas\/wp-json\/wp\/v2\/pages"}],"about":[{"href":"https:\/\/wp.ufpel.edu.br\/bdescolaspelotas\/wp-json\/wp\/v2\/types\/page"}],"author":[{"embeddable":true,"href":"https:\/\/wp.ufpel.edu.br\/bdescolaspelotas\/wp-json\/wp\/v2\/users\/1334"}],"replies":[{"embeddable":true,"href":"https:\/\/wp.ufpel.edu.br\/bdescolaspelotas\/wp-json\/wp\/v2\/comments?post=343"}],"version-history":[{"count":1,"href":"https:\/\/wp.ufpel.edu.br\/bdescolaspelotas\/wp-json\/wp\/v2\/pages\/343\/revisions"}],"predecessor-version":[{"id":345,"href":"https:\/\/wp.ufpel.edu.br\/bdescolaspelotas\/wp-json\/wp\/v2\/pages\/343\/revisions\/345"}],"up":[{"embeddable":true,"href":"https:\/\/wp.ufpel.edu.br\/bdescolaspelotas\/wp-json\/wp\/v2\/pages\/46"}],"wp:attachment":[{"href":"https:\/\/wp.ufpel.edu.br\/bdescolaspelotas\/wp-json\/wp\/v2\/media?parent=343"}],"curies":[{"name":"wp","href":"https:\/\/api.w.org\/{rel}","templated":true}]}}