{"id":336,"date":"2024-02-15T11:21:11","date_gmt":"2024-02-15T14:21:11","guid":{"rendered":"https:\/\/wp.ufpel.edu.br\/bdescolaspelotas\/?page_id=336"},"modified":"2024-02-15T11:21:49","modified_gmt":"2024-02-15T14:21:49","slug":"e-m-e-f-marcio-dias","status":"publish","type":"page","link":"https:\/\/wp.ufpel.edu.br\/bdescolaspelotas\/escolasmunicipais\/emefs\/e-m-e-f-marcio-dias\/","title":{"rendered":"E.M.E.F. M\u00e1rcio Dias"},"content":{"rendered":"<p><strong>Nome:<\/strong> E.M.E.F. M\u00e1rcio Dias<\/p>\n<p><strong>Diretor(a):<\/strong> Mariangela Barcellos Osorio Latosinski<\/p>\n<p><strong>Endere\u00e7o<\/strong>: Segundo , s\/n , Bairro: Segundo distrito<\/p>\n<p><strong>Telefone:<\/strong> 053-32239020<\/p>\n<p>&nbsp;<\/p>\n<p><strong>E-mail:<\/strong> marciodiasposto@gmail.com<\/p>\n<p><strong>Servi\u00e7os:<\/strong> Atendimento a alunos da Educa\u00e7\u00e3o Infantil e do Ensino Fundamental (1\u00ba ao 5\u00ba ano) total de 49 alunos em out\/2022 Ed Infantil 6 Ens Fundamental 43 alunos<\/p>\n","protected":false},"excerpt":{"rendered":"<p>Nome: E.M.E.F. M\u00e1rcio Dias Diretor(a): Mariangela Barcellos Osorio Latosinski Endere\u00e7o: Segundo , s\/n , Bairro: Segundo distrito Telefone: 053-32239020 &nbsp; E-mail: marciodiasposto@gmail.com Servi\u00e7os: Atendimento a alunos da Educa\u00e7\u00e3o Infantil e do Ensino Fundamental (1\u00ba ao 5\u00ba ano) total de 49&#8230; <a class=\"more-link\" href=\"https:\/\/wp.ufpel.edu.br\/bdescolaspelotas\/escolasmunicipais\/emefs\/e-m-e-f-marcio-dias\/\">Continue lendo &rarr;<\/a><\/p>\n","protected":false},"author":1334,"featured_media":0,"parent":46,"menu_order":0,"comment_status":"closed","ping_status":"closed","template":"","meta":{"footnotes":""},"class_list":["post-336","page","type-page","status-publish","hentry"],"jetpack_sharing_enabled":true,"_links":{"self":[{"href":"https:\/\/wp.ufpel.edu.br\/bdescolaspelotas\/wp-json\/wp\/v2\/pages\/336","targetHints":{"allow":["GET"]}}],"collection":[{"href":"https:\/\/wp.ufpel.edu.br\/bdescolaspelotas\/wp-json\/wp\/v2\/pages"}],"about":[{"href":"https:\/\/wp.ufpel.edu.br\/bdescolaspelotas\/wp-json\/wp\/v2\/types\/page"}],"author":[{"embeddable":true,"href":"https:\/\/wp.ufpel.edu.br\/bdescolaspelotas\/wp-json\/wp\/v2\/users\/1334"}],"replies":[{"embeddable":true,"href":"https:\/\/wp.ufpel.edu.br\/bdescolaspelotas\/wp-json\/wp\/v2\/comments?post=336"}],"version-history":[{"count":2,"href":"https:\/\/wp.ufpel.edu.br\/bdescolaspelotas\/wp-json\/wp\/v2\/pages\/336\/revisions"}],"predecessor-version":[{"id":339,"href":"https:\/\/wp.ufpel.edu.br\/bdescolaspelotas\/wp-json\/wp\/v2\/pages\/336\/revisions\/339"}],"up":[{"embeddable":true,"href":"https:\/\/wp.ufpel.edu.br\/bdescolaspelotas\/wp-json\/wp\/v2\/pages\/46"}],"wp:attachment":[{"href":"https:\/\/wp.ufpel.edu.br\/bdescolaspelotas\/wp-json\/wp\/v2\/media?parent=336"}],"curies":[{"name":"wp","href":"https:\/\/api.w.org\/{rel}","templated":true}]}}