{"id":333,"date":"2024-02-15T11:20:32","date_gmt":"2024-02-15T14:20:32","guid":{"rendered":"https:\/\/wp.ufpel.edu.br\/bdescolaspelotas\/?page_id=333"},"modified":"2024-02-15T11:20:32","modified_gmt":"2024-02-15T14:20:32","slug":"e-m-e-f-ministro-fernando-osorio","status":"publish","type":"page","link":"https:\/\/wp.ufpel.edu.br\/bdescolaspelotas\/escolasmunicipais\/emefs\/e-m-e-f-ministro-fernando-osorio\/","title":{"rendered":"E.M.E.F. Ministro Fernando Os\u00f3rio"},"content":{"rendered":"<p><strong>Nome:<\/strong> E.M.E.F. Ministro Fernando Os\u00f3rio<\/p>\n<p><span style=\"font-weight: 400;\"><strong>Diretor(a):<\/strong> Maiquel da Fonseca Fouchy<\/span><\/p>\n<p><span style=\"font-weight: 400;\"><strong>Endere\u00e7o:<\/strong> Fernando Osorio , 1522 , Bairro: Tr\u00eas Vendas<\/span><\/p>\n<p><span style=\"font-weight: 400;\"><strong>Telefone:<\/strong> 053-32230390<\/span><\/p>\n<p><strong>E-mail: <\/strong><a href=\"mailto:escolafernandoosorio@gmail.com\"><span style=\"font-weight: 400;\">escolafernandoosorio@gmail.com<\/span><\/a><\/p>\n<p><span style=\"font-weight: 400;\"><strong>Servi\u00e7os:<\/strong> Atendimento a alunos de Educa\u00e7\u00e3o Infantil ( pr\u00e9 1 e 2), Ensino Fundamental (1\u00ba ao 9\u00ba ano) e EJA ( Educa\u00e7\u00e3o para Jovens e Adultos) Total de 565 alunos de out\/2022 ed infantil- 61 Ens Fund-414 EJA-90<\/span><\/p>\n","protected":false},"excerpt":{"rendered":"<p>Nome: E.M.E.F. Ministro Fernando Os\u00f3rio Diretor(a): Maiquel da Fonseca Fouchy Endere\u00e7o: Fernando Osorio , 1522 , Bairro: Tr\u00eas Vendas Telefone: 053-32230390 E-mail: escolafernandoosorio@gmail.com Servi\u00e7os: Atendimento a alunos de Educa\u00e7\u00e3o Infantil ( pr\u00e9 1 e 2), Ensino Fundamental (1\u00ba ao 9\u00ba&#8230; <a class=\"more-link\" href=\"https:\/\/wp.ufpel.edu.br\/bdescolaspelotas\/escolasmunicipais\/emefs\/e-m-e-f-ministro-fernando-osorio\/\">Continue lendo &rarr;<\/a><\/p>\n","protected":false},"author":1334,"featured_media":0,"parent":46,"menu_order":0,"comment_status":"closed","ping_status":"closed","template":"","meta":{"footnotes":""},"class_list":["post-333","page","type-page","status-publish","hentry"],"jetpack_sharing_enabled":true,"_links":{"self":[{"href":"https:\/\/wp.ufpel.edu.br\/bdescolaspelotas\/wp-json\/wp\/v2\/pages\/333","targetHints":{"allow":["GET"]}}],"collection":[{"href":"https:\/\/wp.ufpel.edu.br\/bdescolaspelotas\/wp-json\/wp\/v2\/pages"}],"about":[{"href":"https:\/\/wp.ufpel.edu.br\/bdescolaspelotas\/wp-json\/wp\/v2\/types\/page"}],"author":[{"embeddable":true,"href":"https:\/\/wp.ufpel.edu.br\/bdescolaspelotas\/wp-json\/wp\/v2\/users\/1334"}],"replies":[{"embeddable":true,"href":"https:\/\/wp.ufpel.edu.br\/bdescolaspelotas\/wp-json\/wp\/v2\/comments?post=333"}],"version-history":[{"count":1,"href":"https:\/\/wp.ufpel.edu.br\/bdescolaspelotas\/wp-json\/wp\/v2\/pages\/333\/revisions"}],"predecessor-version":[{"id":335,"href":"https:\/\/wp.ufpel.edu.br\/bdescolaspelotas\/wp-json\/wp\/v2\/pages\/333\/revisions\/335"}],"up":[{"embeddable":true,"href":"https:\/\/wp.ufpel.edu.br\/bdescolaspelotas\/wp-json\/wp\/v2\/pages\/46"}],"wp:attachment":[{"href":"https:\/\/wp.ufpel.edu.br\/bdescolaspelotas\/wp-json\/wp\/v2\/media?parent=333"}],"curies":[{"name":"wp","href":"https:\/\/api.w.org\/{rel}","templated":true}]}}