{"id":327,"date":"2024-02-15T11:19:00","date_gmt":"2024-02-15T14:19:00","guid":{"rendered":"https:\/\/wp.ufpel.edu.br\/bdescolaspelotas\/?page_id=327"},"modified":"2024-02-15T11:19:00","modified_gmt":"2024-02-15T14:19:00","slug":"e-m-e-f-machado-de-assis","status":"publish","type":"page","link":"https:\/\/wp.ufpel.edu.br\/bdescolaspelotas\/escolasmunicipais\/emefs\/e-m-e-f-machado-de-assis\/","title":{"rendered":"E.M.E.F. Machado de Assis"},"content":{"rendered":"<p><strong>Nome:<\/strong> E.M.E.F. Machado de Assis<\/p>\n<p><span style=\"font-weight: 400;\"><strong>Diretor(a):<\/strong> Gigliane Segoviada Cunha<\/span><\/p>\n<p><span style=\"font-weight: 400;\"><strong>Endere\u00e7o:<\/strong> Fernando Osorio , 2835 , Bairro: Tr\u00eas Vendas<\/span><\/p>\n<p><span style=\"font-weight: 400;\"><strong>Telefone:<\/strong> 32276921<\/span><\/p>\n<p><strong>E-mail: <\/strong><a href=\"mailto:esc.assis@gmail.com\"><span style=\"font-weight: 400;\">esc.assis@gmail.com<\/span><\/a><\/p>\n<p><span style=\"font-weight: 400;\"><strong>Servi\u00e7os:<\/strong> Alunos de Educa\u00e7\u00e3o Infantil (pr\u00e9 1 e 2) e Ensino Fundamental (1\u00ba ao 5\u00ba ano) Total de 181 alunos em out\/2022. Ed. infantil 56 Ens Fundamental 125<\/span><\/p>\n","protected":false},"excerpt":{"rendered":"<p>Nome: E.M.E.F. Machado de Assis Diretor(a): Gigliane Segoviada Cunha Endere\u00e7o: Fernando Osorio , 2835 , Bairro: Tr\u00eas Vendas Telefone: 32276921 E-mail: esc.assis@gmail.com Servi\u00e7os: Alunos de Educa\u00e7\u00e3o Infantil (pr\u00e9 1 e 2) e Ensino Fundamental (1\u00ba ao 5\u00ba ano) Total de&#8230; <a class=\"more-link\" href=\"https:\/\/wp.ufpel.edu.br\/bdescolaspelotas\/escolasmunicipais\/emefs\/e-m-e-f-machado-de-assis\/\">Continue lendo &rarr;<\/a><\/p>\n","protected":false},"author":1334,"featured_media":0,"parent":46,"menu_order":0,"comment_status":"closed","ping_status":"closed","template":"","meta":{"footnotes":""},"class_list":["post-327","page","type-page","status-publish","hentry"],"jetpack_sharing_enabled":true,"_links":{"self":[{"href":"https:\/\/wp.ufpel.edu.br\/bdescolaspelotas\/wp-json\/wp\/v2\/pages\/327","targetHints":{"allow":["GET"]}}],"collection":[{"href":"https:\/\/wp.ufpel.edu.br\/bdescolaspelotas\/wp-json\/wp\/v2\/pages"}],"about":[{"href":"https:\/\/wp.ufpel.edu.br\/bdescolaspelotas\/wp-json\/wp\/v2\/types\/page"}],"author":[{"embeddable":true,"href":"https:\/\/wp.ufpel.edu.br\/bdescolaspelotas\/wp-json\/wp\/v2\/users\/1334"}],"replies":[{"embeddable":true,"href":"https:\/\/wp.ufpel.edu.br\/bdescolaspelotas\/wp-json\/wp\/v2\/comments?post=327"}],"version-history":[{"count":1,"href":"https:\/\/wp.ufpel.edu.br\/bdescolaspelotas\/wp-json\/wp\/v2\/pages\/327\/revisions"}],"predecessor-version":[{"id":329,"href":"https:\/\/wp.ufpel.edu.br\/bdescolaspelotas\/wp-json\/wp\/v2\/pages\/327\/revisions\/329"}],"up":[{"embeddable":true,"href":"https:\/\/wp.ufpel.edu.br\/bdescolaspelotas\/wp-json\/wp\/v2\/pages\/46"}],"wp:attachment":[{"href":"https:\/\/wp.ufpel.edu.br\/bdescolaspelotas\/wp-json\/wp\/v2\/media?parent=327"}],"curies":[{"name":"wp","href":"https:\/\/api.w.org\/{rel}","templated":true}]}}