{"id":324,"date":"2024-02-15T11:17:55","date_gmt":"2024-02-15T14:17:55","guid":{"rendered":"https:\/\/wp.ufpel.edu.br\/bdescolaspelotas\/?page_id=324"},"modified":"2024-02-15T11:18:15","modified_gmt":"2024-02-15T14:18:15","slug":"e-m-e-f-luiz-augusto-de-assumpcao","status":"publish","type":"page","link":"https:\/\/wp.ufpel.edu.br\/bdescolaspelotas\/escolasmunicipais\/emefs\/e-m-e-f-luiz-augusto-de-assumpcao\/","title":{"rendered":"E.M.E.F. Luiz Augusto de Assump\u00e7\u00e3o"},"content":{"rendered":"<p><strong>Nome:<\/strong> E.M.E.F. Luiz Augusto de Assump\u00e7\u00e3o<\/p>\n<p><span style=\"font-weight: 400;\"><strong>Diretor(a):<\/strong> Danielle Matte Dumith<\/span><\/p>\n<p><span style=\"font-weight: 400;\"><strong>Endere\u00e7o:<\/strong> Aratiba &#8211; P\u00e7a , 281 , Bairro: Barro duro<\/span><\/p>\n<p><span style=\"font-weight: 400;\"><strong>Telefone<\/strong>: 053-984372606<\/span><\/p>\n<p><strong>E-mail: <\/strong><a href=\"mailto:la.assumpcao@hotmail.com\"><span style=\"font-weight: 400;\">la.assumpcao@hotmail.com<\/span><\/a><\/p>\n<p><span style=\"font-weight: 400;\"><strong>Servi\u00e7os<\/strong>: Atendimento a alunos de Educa\u00e7\u00e3o Infantil (pr\u00e9 1 e 2), Ensino Fundamental (1\u00ba ao 9\u00ba ano ) e EJA (Programa de Educa\u00e7\u00e3o para Jovens e Adultos) Total de 587 alunos out\/2022 Ed Infantil-18 Ensino Fundamental- 510 EJA 59 alunos<\/span><\/p>\n","protected":false},"excerpt":{"rendered":"<p>Nome: E.M.E.F. Luiz Augusto de Assump\u00e7\u00e3o Diretor(a): Danielle Matte Dumith Endere\u00e7o: Aratiba &#8211; P\u00e7a , 281 , Bairro: Barro duro Telefone: 053-984372606 E-mail: la.assumpcao@hotmail.com Servi\u00e7os: Atendimento a alunos de Educa\u00e7\u00e3o Infantil (pr\u00e9 1 e 2), Ensino Fundamental (1\u00ba ao 9\u00ba&#8230; <a class=\"more-link\" href=\"https:\/\/wp.ufpel.edu.br\/bdescolaspelotas\/escolasmunicipais\/emefs\/e-m-e-f-luiz-augusto-de-assumpcao\/\">Continue lendo &rarr;<\/a><\/p>\n","protected":false},"author":1334,"featured_media":0,"parent":46,"menu_order":0,"comment_status":"closed","ping_status":"closed","template":"","meta":{"footnotes":""},"class_list":["post-324","page","type-page","status-publish","hentry"],"jetpack_sharing_enabled":true,"_links":{"self":[{"href":"https:\/\/wp.ufpel.edu.br\/bdescolaspelotas\/wp-json\/wp\/v2\/pages\/324","targetHints":{"allow":["GET"]}}],"collection":[{"href":"https:\/\/wp.ufpel.edu.br\/bdescolaspelotas\/wp-json\/wp\/v2\/pages"}],"about":[{"href":"https:\/\/wp.ufpel.edu.br\/bdescolaspelotas\/wp-json\/wp\/v2\/types\/page"}],"author":[{"embeddable":true,"href":"https:\/\/wp.ufpel.edu.br\/bdescolaspelotas\/wp-json\/wp\/v2\/users\/1334"}],"replies":[{"embeddable":true,"href":"https:\/\/wp.ufpel.edu.br\/bdescolaspelotas\/wp-json\/wp\/v2\/comments?post=324"}],"version-history":[{"count":1,"href":"https:\/\/wp.ufpel.edu.br\/bdescolaspelotas\/wp-json\/wp\/v2\/pages\/324\/revisions"}],"predecessor-version":[{"id":326,"href":"https:\/\/wp.ufpel.edu.br\/bdescolaspelotas\/wp-json\/wp\/v2\/pages\/324\/revisions\/326"}],"up":[{"embeddable":true,"href":"https:\/\/wp.ufpel.edu.br\/bdescolaspelotas\/wp-json\/wp\/v2\/pages\/46"}],"wp:attachment":[{"href":"https:\/\/wp.ufpel.edu.br\/bdescolaspelotas\/wp-json\/wp\/v2\/media?parent=324"}],"curies":[{"name":"wp","href":"https:\/\/api.w.org\/{rel}","templated":true}]}}