{"id":318,"date":"2024-02-15T11:16:27","date_gmt":"2024-02-15T14:16:27","guid":{"rendered":"https:\/\/wp.ufpel.edu.br\/bdescolaspelotas\/?page_id=318"},"modified":"2024-02-15T11:16:27","modified_gmt":"2024-02-15T14:16:27","slug":"e-m-e-f-lima-e-silva","status":"publish","type":"page","link":"https:\/\/wp.ufpel.edu.br\/bdescolaspelotas\/escolasmunicipais\/emefs\/e-m-e-f-lima-e-silva\/","title":{"rendered":"E.M.E.F. Lima e Silva"},"content":{"rendered":"<p><strong>Nome:<\/strong> E.M.E.F. Lima e Silva<\/p>\n<p><span style=\"font-weight: 400;\"><strong>Diretor(a):<\/strong> Helia Bubolz Alves<\/span><\/p>\n<p><span style=\"font-weight: 400;\"><strong>Endere\u00e7o<\/strong>: Triunfo &#8211; Col , Bairro: Quarto distrito<\/span><\/p>\n<p><span style=\"font-weight: 400;\"><strong>Telefone:<\/strong> 053-981111064<\/span><\/p>\n<p><span style=\"font-weight: 400;\"><strong>E-mail:<\/strong> <\/span><a href=\"mailto:helia.bubolz.alves@gmail.com\"><span style=\"font-weight: 400;\">helia.bubolz.alves@gmail.com<\/span><\/a><\/p>\n<p><span style=\"font-weight: 400;\"><strong>Servi\u00e7os<\/strong>: Atendimento a alunos da Educa\u00e7\u00e3o Infantil (pr\u00e9 1 e 2) e Ensino Fundamental (1\u00ba ao 5\u00ba ano) total de 18 alunos em out\/2022 Ed Infantil- 03 Ens. Fund 15<\/span><\/p>\n","protected":false},"excerpt":{"rendered":"<p>Nome: E.M.E.F. Lima e Silva Diretor(a): Helia Bubolz Alves Endere\u00e7o: Triunfo &#8211; Col , Bairro: Quarto distrito Telefone: 053-981111064 E-mail: helia.bubolz.alves@gmail.com Servi\u00e7os: Atendimento a alunos da Educa\u00e7\u00e3o Infantil (pr\u00e9 1 e 2) e Ensino Fundamental (1\u00ba ao 5\u00ba ano) total&#8230; <a class=\"more-link\" href=\"https:\/\/wp.ufpel.edu.br\/bdescolaspelotas\/escolasmunicipais\/emefs\/e-m-e-f-lima-e-silva\/\">Continue lendo &rarr;<\/a><\/p>\n","protected":false},"author":1334,"featured_media":0,"parent":46,"menu_order":0,"comment_status":"closed","ping_status":"closed","template":"","meta":{"footnotes":""},"class_list":["post-318","page","type-page","status-publish","hentry"],"jetpack_sharing_enabled":true,"_links":{"self":[{"href":"https:\/\/wp.ufpel.edu.br\/bdescolaspelotas\/wp-json\/wp\/v2\/pages\/318","targetHints":{"allow":["GET"]}}],"collection":[{"href":"https:\/\/wp.ufpel.edu.br\/bdescolaspelotas\/wp-json\/wp\/v2\/pages"}],"about":[{"href":"https:\/\/wp.ufpel.edu.br\/bdescolaspelotas\/wp-json\/wp\/v2\/types\/page"}],"author":[{"embeddable":true,"href":"https:\/\/wp.ufpel.edu.br\/bdescolaspelotas\/wp-json\/wp\/v2\/users\/1334"}],"replies":[{"embeddable":true,"href":"https:\/\/wp.ufpel.edu.br\/bdescolaspelotas\/wp-json\/wp\/v2\/comments?post=318"}],"version-history":[{"count":1,"href":"https:\/\/wp.ufpel.edu.br\/bdescolaspelotas\/wp-json\/wp\/v2\/pages\/318\/revisions"}],"predecessor-version":[{"id":320,"href":"https:\/\/wp.ufpel.edu.br\/bdescolaspelotas\/wp-json\/wp\/v2\/pages\/318\/revisions\/320"}],"up":[{"embeddable":true,"href":"https:\/\/wp.ufpel.edu.br\/bdescolaspelotas\/wp-json\/wp\/v2\/pages\/46"}],"wp:attachment":[{"href":"https:\/\/wp.ufpel.edu.br\/bdescolaspelotas\/wp-json\/wp\/v2\/media?parent=318"}],"curies":[{"name":"wp","href":"https:\/\/api.w.org\/{rel}","templated":true}]}}