{"id":315,"date":"2024-02-15T11:15:16","date_gmt":"2024-02-15T14:15:16","guid":{"rendered":"https:\/\/wp.ufpel.edu.br\/bdescolaspelotas\/?page_id=315"},"modified":"2024-02-15T11:15:16","modified_gmt":"2024-02-15T14:15:16","slug":"e-m-e-f-jornalista-deogar-soares","status":"publish","type":"page","link":"https:\/\/wp.ufpel.edu.br\/bdescolaspelotas\/escolasmunicipais\/emefs\/e-m-e-f-jornalista-deogar-soares\/","title":{"rendered":"E.M.E.F. Jornalista Deogar Soares"},"content":{"rendered":"<p><strong>Nome:<\/strong> E.M.E.F. Jornalista Deogar Soares<\/p>\n<p><span style=\"font-weight: 400;\"><strong>Diretor(a):<\/strong> Maria Ang\u00e9lica Noremberg Crizel<\/span><\/p>\n<p><span style=\"font-weight: 400;\"><strong>Endere\u00e7o:<\/strong> Vinte, Lotm Dunas, R , 17 , Bairro: Dunas<\/span><\/p>\n<p><span style=\"font-weight: 400;\"><strong>Telefone:<\/strong> 053-3228 6443<\/span><\/p>\n<p><span style=\"font-weight: 400;\"><strong>E-mail<\/strong>: <\/span><a href=\"mailto:emefdeogarsoares@gmail.com\"><span style=\"font-weight: 400;\">emefdeogarsoares@gmail.com<\/span><\/a><span style=\"font-weight: 400;\">\u00a0<\/span><\/p>\n<p><span style=\"font-weight: 400;\"><strong>Servi\u00e7os:<\/strong> Atendimento a alunos de Educa\u00e7\u00e3o Infantil (pr\u00e9 1 e 2) e Ensino Fundamental (1\u00ba ao 9\u00ba ano) Total de 517 alunos Ed infantil= 78 Ens Fundamental=439. Dados fornecidos em out\/2022<\/span><\/p>\n","protected":false},"excerpt":{"rendered":"<p>Nome: E.M.E.F. Jornalista Deogar Soares Diretor(a): Maria Ang\u00e9lica Noremberg Crizel Endere\u00e7o: Vinte, Lotm Dunas, R , 17 , Bairro: Dunas Telefone: 053-3228 6443 E-mail: emefdeogarsoares@gmail.com\u00a0 Servi\u00e7os: Atendimento a alunos de Educa\u00e7\u00e3o Infantil (pr\u00e9 1 e 2) e Ensino Fundamental (1\u00ba&#8230; <a class=\"more-link\" href=\"https:\/\/wp.ufpel.edu.br\/bdescolaspelotas\/escolasmunicipais\/emefs\/e-m-e-f-jornalista-deogar-soares\/\">Continue lendo &rarr;<\/a><\/p>\n","protected":false},"author":1334,"featured_media":0,"parent":46,"menu_order":0,"comment_status":"closed","ping_status":"closed","template":"","meta":{"footnotes":""},"class_list":["post-315","page","type-page","status-publish","hentry"],"jetpack_sharing_enabled":true,"_links":{"self":[{"href":"https:\/\/wp.ufpel.edu.br\/bdescolaspelotas\/wp-json\/wp\/v2\/pages\/315","targetHints":{"allow":["GET"]}}],"collection":[{"href":"https:\/\/wp.ufpel.edu.br\/bdescolaspelotas\/wp-json\/wp\/v2\/pages"}],"about":[{"href":"https:\/\/wp.ufpel.edu.br\/bdescolaspelotas\/wp-json\/wp\/v2\/types\/page"}],"author":[{"embeddable":true,"href":"https:\/\/wp.ufpel.edu.br\/bdescolaspelotas\/wp-json\/wp\/v2\/users\/1334"}],"replies":[{"embeddable":true,"href":"https:\/\/wp.ufpel.edu.br\/bdescolaspelotas\/wp-json\/wp\/v2\/comments?post=315"}],"version-history":[{"count":1,"href":"https:\/\/wp.ufpel.edu.br\/bdescolaspelotas\/wp-json\/wp\/v2\/pages\/315\/revisions"}],"predecessor-version":[{"id":317,"href":"https:\/\/wp.ufpel.edu.br\/bdescolaspelotas\/wp-json\/wp\/v2\/pages\/315\/revisions\/317"}],"up":[{"embeddable":true,"href":"https:\/\/wp.ufpel.edu.br\/bdescolaspelotas\/wp-json\/wp\/v2\/pages\/46"}],"wp:attachment":[{"href":"https:\/\/wp.ufpel.edu.br\/bdescolaspelotas\/wp-json\/wp\/v2\/media?parent=315"}],"curies":[{"name":"wp","href":"https:\/\/api.w.org\/{rel}","templated":true}]}}